{"id":13007,"date":"2024-03-15T20:41:04","date_gmt":"2024-03-15T20:41:04","guid":{"rendered":"https:\/\/zapasky.com\/?page_id=13007"},"modified":"2024-12-18T16:33:38","modified_gmt":"2024-12-18T16:33:38","slug":"shipping-help","status":"publish","type":"page","link":"https:\/\/zapasky.com\/de\/shipping-help\/","title":{"rendered":"\u00dcBER SHIPPING"},"content":{"rendered":"<h2 class=\"wp-block-heading has-palette-color-4-color has-text-color has-link-color wp-elements-d8cb89d0d0b3405c4eaec33fed3e0b4f\" style=\"font-size:clamp(23.043px, 1.44rem + ((1vw - 3.2px) * 1.169), 38px);\">Wie man eine Bestellung bearbeitet.<\/h2>\n\n\n\n<p>1. die Zahlung erfolgt per Kreditkarte (sofort)<\/p>\n\n\n\n<p>2. Die Zahlung wird (sofort) bearbeitet<\/p>\n\n\n\n<p>3. Wir bearbeiten Ihre Bestellung (maximal 3 Tage)<\/p>\n\n\n\n<p>4. International Post ist verantwortlich f\u00fcr den Versand des Pakets an seinen Bestimmungsort innerhalb von 7-15 Werktagen (variiert je nach der gew\u00e4hlten Versandart)<\/p>\n\n\n\n<p>Aufgrund von Feiertagen oder besonderen Feierlichkeiten k\u00f6nnen sich die Lieferungen leicht verz\u00f6gern. <\/p>\n\n\n\n<h2 class=\"wp-block-heading has-palette-color-4-color has-text-color has-link-color wp-elements-3bff2324e6c2e41fe557663241d673b4\" style=\"font-size:clamp(23.043px, 1.44rem + ((1vw - 3.2px) * 1.169), 38px);\">H\u00e4ufig gestellte Fragen:<\/h2>\n\n\n\n<div style=\"height:10px\" aria-hidden=\"true\" class=\"wp-block-spacer\"><\/div>\n\n\n\n<p><strong>+Was passiert, wenn ich nicht am angegebenen Lieferort bin, wenn der Zusteller das Paket zu mir bringt?<\/strong><\/p>\n\n\n\n<p>Ihr Postunternehmen wirft Ihnen einen Benachrichtigungszettel in den Briefkasten, den Sie am n\u00e4chsten Tag bei der n\u00e4chstgelegenen, auf demselben Zettel angegebenen Poststelle abholen k\u00f6nnen.<\/p>\n\n\n\n<p><strong>+Was passiert, wenn ich das Paket nicht rechtzeitig abhole?<\/strong><\/p>\n\n\n\n<p>Wird das Paket nicht innerhalb der vom Spediteur gesetzten Frist abgeholt, wird eine Geb\u00fchr von 25 Euro erhoben, um die Kosten f\u00fcr die R\u00fccksendung und Bearbeitung des Pakets zu decken. Diese Geb\u00fchr wird vom Gesamtbetrag abgezogen, der im Falle der R\u00fccksendung erstattet wird. Diese Ma\u00dfnahme f\u00e4llt unter das Gesetz zum Bef\u00f6rderungsvertrag (Gesetz 15\/2009), das die Pflichten des Bef\u00f6rderers und des Empf\u00e4ngers regelt.<\/p>\n\n\n\n<p><strong>+Was ist, wenn ich eine R\u00fcckerstattung f\u00fcr meine Bestellung erhalten habe, aber nun die gleichen Schuhe erneut kaufen m\u00f6chte?<\/strong><\/p>\n\n\n\n<p>Wir verstehen, dass Sie unsere Schuhe wieder kaufen m\u00f6chten. Sobald wir Ihre R\u00fccksendung erhalten und bearbeitet haben, k\u00f6nnen Sie eine neue Bestellung aufgeben, wie jeder andere Kunde auch.<\/p>\n\n\n\n<p><strong>+Was passiert, wenn meine Bestellung \u00fcberf\u00e4llig ist und nicht ankommt?<\/strong><\/p>\n\n\n\n<p>Sollte die Bestellung ausnahmsweise nicht innerhalb von 50-55 Arbeitstagen eintreffen, kann der Kunde uns dies per E-Mail mitteilen, und unser Finanzteam erstattet den vollen gezahlten Betrag zur\u00fcck oder schickt die Bestellung(en) ohne zus\u00e4tzliche Kosten erneut zu, wenn der Kunde dies w\u00fcnscht.<\/p>\n\n\n\n<div style=\"height:30px\" aria-hidden=\"true\" class=\"wp-block-spacer\"><\/div>\n\n\n\n<p><strong>Wenn Sie weitere Fragen haben, wenden Sie sich bitte an uns, wir helfen Ihnen gerne weiter.<\/strong><\/p>\n\n\n\n<p><\/p>","protected":false},"excerpt":{"rendered":"<p>Como se realiza el proceso de un pedido. 1. Se realiza el pago v\u00eda Tarjeta de Cr\u00e9dito. (Al instante) 2. Se procesa el pago. (Al instante) 3. Procesamos tu pedido. (plazo m\u00e1ximo de 3 d\u00edas) 4. Correos Internacional es el encargado de enviar el paquete a su destino en un plazo de 7-15 d\u00edas h\u00e1biles. [&hellip;]<\/p>\n","protected":false},"author":6,"featured_media":0,"parent":0,"menu_order":0,"comment_status":"closed","ping_status":"closed","template":"","meta":{"footnotes":""},"class_list":["post-13007","page","type-page","status-publish","hentry"],"blocksy_meta":[],"yoast_head":"<!-- This site is optimized with the Yoast SEO plugin v27.5 - https:\/\/yoast.com\/product\/yoast-seo-wordpress\/ -->\n<title>About Shipping | ZapaSky | The Sneakers Heaven<\/title>\n<meta name=\"description\" content=\"In ZapaSky you will find the sneakers you want at an unbeatable price. We offer clothing, accessories and current fashion of the best quality in our store.\" \/>\n<meta name=\"robots\" content=\"index, follow, max-snippet:-1, max-image-preview:large, max-video-preview:-1\" \/>\n<link rel=\"canonical\" href=\"https:\/\/zapasky.com\/de\/shipping-help\/\" \/>\n<meta property=\"og:locale\" content=\"de_DE\" \/>\n<meta property=\"og:type\" content=\"article\" \/>\n<meta property=\"og:title\" content=\"About Shipping | ZapaSky | The Sneakers Heaven\" \/>\n<meta property=\"og:description\" content=\"In ZapaSky you will find the sneakers you want at an unbeatable price. We offer clothing, accessories and current fashion of the best quality in our store.\" \/>\n<meta property=\"og:url\" content=\"https:\/\/zapasky.com\/de\/shipping-help\/\" \/>\n<meta property=\"og:site_name\" content=\"ZapaSky | The Sneakers Heaven\" \/>\n<meta property=\"article:modified_time\" content=\"2024-12-18T16:33:38+00:00\" \/>\n<meta property=\"og:image\" content=\"https:\/\/zapasky.com\/wp-content\/uploads\/2023\/11\/ns.jpg\" \/>\n\t<meta property=\"og:image:width\" content=\"1200\" \/>\n\t<meta property=\"og:image:height\" content=\"675\" \/>\n\t<meta property=\"og:image:type\" content=\"image\/jpeg\" \/>\n<meta name=\"twitter:card\" content=\"summary_large_image\" \/>\n<meta name=\"twitter:label1\" content=\"Gesch\u00e4tzte Lesezeit\" \/>\n\t<meta name=\"twitter:data1\" content=\"2\u00a0Minuten\" \/>\n<script type=\"application\/ld+json\" class=\"yoast-schema-graph\">{\"@context\":\"https:\\\/\\\/schema.org\",\"@graph\":[{\"@type\":\"WebPage\",\"@id\":\"https:\\\/\\\/zapasky.com\\\/shipping-help\\\/\",\"url\":\"https:\\\/\\\/zapasky.com\\\/shipping-help\\\/\",\"name\":\"About Shipping | ZapaSky | The Sneakers Heaven\",\"isPartOf\":{\"@id\":\"https:\\\/\\\/zapasky.com\\\/#website\"},\"datePublished\":\"2024-03-15T20:41:04+00:00\",\"dateModified\":\"2024-12-18T16:33:38+00:00\",\"description\":\"In ZapaSky you will find the sneakers you want at an unbeatable price. We offer clothing, accessories and current fashion of the best quality in our store.\",\"breadcrumb\":{\"@id\":\"https:\\\/\\\/zapasky.com\\\/shipping-help\\\/#breadcrumb\"},\"inLanguage\":\"de\",\"potentialAction\":[{\"@type\":\"ReadAction\",\"target\":[\"https:\\\/\\\/zapasky.com\\\/shipping-help\\\/\"]}]},{\"@type\":\"BreadcrumbList\",\"@id\":\"https:\\\/\\\/zapasky.com\\\/shipping-help\\\/#breadcrumb\",\"itemListElement\":[{\"@type\":\"ListItem\",\"position\":1,\"name\":\"Inicio\",\"item\":\"https:\\\/\\\/zapasky.com\\\/\"},{\"@type\":\"ListItem\",\"position\":2,\"name\":\"SOBRE EL ENV\u00cdO\"}]},{\"@type\":\"WebSite\",\"@id\":\"https:\\\/\\\/zapasky.com\\\/#website\",\"url\":\"https:\\\/\\\/zapasky.com\\\/\",\"name\":\"ZapaSky | The Sneakers Heaven\",\"description\":\"In ZapaSky you will find the sneakers you want at an unbeatable price. We offer clothing, accessories and current fashion of the best quality in our store.\",\"publisher\":{\"@id\":\"https:\\\/\\\/zapasky.com\\\/#organization\"},\"alternateName\":\"ZAPASKY\",\"potentialAction\":[{\"@type\":\"SearchAction\",\"target\":{\"@type\":\"EntryPoint\",\"urlTemplate\":\"https:\\\/\\\/zapasky.com\\\/?s={search_term_string}\"},\"query-input\":{\"@type\":\"PropertyValueSpecification\",\"valueRequired\":true,\"valueName\":\"search_term_string\"}}],\"inLanguage\":\"de\"},{\"@type\":\"Organization\",\"@id\":\"https:\\\/\\\/zapasky.com\\\/#organization\",\"name\":\"ZapaSky\",\"url\":\"https:\\\/\\\/zapasky.com\\\/\",\"logo\":{\"@type\":\"ImageObject\",\"inLanguage\":\"de\",\"@id\":\"https:\\\/\\\/zapasky.com\\\/#\\\/schema\\\/logo\\\/image\\\/\",\"url\":\"https:\\\/\\\/zapasky.com\\\/wp-content\\\/uploads\\\/2023\\\/07\\\/Diseno-sin-titulo-3-fotor-bg-remover-2023062544226.png\",\"contentUrl\":\"https:\\\/\\\/zapasky.com\\\/wp-content\\\/uploads\\\/2023\\\/07\\\/Diseno-sin-titulo-3-fotor-bg-remover-2023062544226.png\",\"width\":500,\"height\":500,\"caption\":\"ZapaSky\"},\"image\":{\"@id\":\"https:\\\/\\\/zapasky.com\\\/#\\\/schema\\\/logo\\\/image\\\/\"},\"sameAs\":[\"https:\\\/\\\/www.instagram.com\\\/zapasky\\\/\",\"https:\\\/\\\/www.youtube.com\\\/@ZapaSky\\\/shorts\",\"https:\\\/\\\/www.tiktok.com\\\/@zapasky\"]}]}<\/script>\n<!-- \/ Yoast SEO plugin. -->","yoast_head_json":{"title":"About Shipping | ZapaSky | The Sneakers Heaven","description":"Bei ZapaSky finden Sie die Turnschuhe, die Sie suchen, zu einem unschlagbaren Preis. Wir bieten Ihnen in unserem Shop Kleidung, Accessoires und aktuelle Mode in bester Qualit\u00e4t.","robots":{"index":"index","follow":"follow","max-snippet":"max-snippet:-1","max-image-preview":"max-image-preview:large","max-video-preview":"max-video-preview:-1"},"canonical":"https:\/\/zapasky.com\/de\/shipping-help\/","og_locale":"de_DE","og_type":"article","og_title":"About Shipping | ZapaSky | The Sneakers Heaven","og_description":"In ZapaSky you will find the sneakers you want at an unbeatable price. We offer clothing, accessories and current fashion of the best quality in our store.","og_url":"https:\/\/zapasky.com\/de\/shipping-help\/","og_site_name":"ZapaSky | The Sneakers Heaven","article_modified_time":"2024-12-18T16:33:38+00:00","og_image":[{"width":1200,"height":675,"url":"https:\/\/zapasky.com\/wp-content\/uploads\/2023\/11\/ns.jpg","type":"image\/jpeg"}],"twitter_card":"summary_large_image","twitter_misc":{"Gesch\u00e4tzte Lesezeit":"2\u00a0Minuten"},"schema":{"@context":"https:\/\/schema.org","@graph":[{"@type":"WebPage","@id":"https:\/\/zapasky.com\/shipping-help\/","url":"https:\/\/zapasky.com\/shipping-help\/","name":"About Shipping | ZapaSky | The Sneakers Heaven","isPartOf":{"@id":"https:\/\/zapasky.com\/#website"},"datePublished":"2024-03-15T20:41:04+00:00","dateModified":"2024-12-18T16:33:38+00:00","description":"Bei ZapaSky finden Sie die Turnschuhe, die Sie suchen, zu einem unschlagbaren Preis. Wir bieten Ihnen in unserem Shop Kleidung, Accessoires und aktuelle Mode in bester Qualit\u00e4t.","breadcrumb":{"@id":"https:\/\/zapasky.com\/shipping-help\/#breadcrumb"},"inLanguage":"de","potentialAction":[{"@type":"ReadAction","target":["https:\/\/zapasky.com\/shipping-help\/"]}]},{"@type":"BreadcrumbList","@id":"https:\/\/zapasky.com\/shipping-help\/#breadcrumb","itemListElement":[{"@type":"ListItem","position":1,"name":"Inicio","item":"https:\/\/zapasky.com\/"},{"@type":"ListItem","position":2,"name":"SOBRE EL ENV\u00cdO"}]},{"@type":"WebSite","@id":"https:\/\/zapasky.com\/#website","url":"https:\/\/zapasky.com\/","name":"ZapaSky | Der Turnschuh-Himmel","description":"Bei ZapaSky finden Sie die Turnschuhe, die Sie suchen, zu einem unschlagbaren Preis. Wir bieten Ihnen in unserem Shop Kleidung, Accessoires und aktuelle Mode in bester Qualit\u00e4t.","publisher":{"@id":"https:\/\/zapasky.com\/#organization"},"alternateName":"ZAPASKY","potentialAction":[{"@type":"SearchAction","target":{"@type":"EntryPoint","urlTemplate":"https:\/\/zapasky.com\/?s={search_term_string}"},"query-input":{"@type":"PropertyValueSpecification","valueRequired":true,"valueName":"search_term_string"}}],"inLanguage":"de"},{"@type":"Organization","@id":"https:\/\/zapasky.com\/#organization","name":"ZapaSky","url":"https:\/\/zapasky.com\/","logo":{"@type":"ImageObject","inLanguage":"de","@id":"https:\/\/zapasky.com\/#\/schema\/logo\/image\/","url":"https:\/\/zapasky.com\/wp-content\/uploads\/2023\/07\/Diseno-sin-titulo-3-fotor-bg-remover-2023062544226.png","contentUrl":"https:\/\/zapasky.com\/wp-content\/uploads\/2023\/07\/Diseno-sin-titulo-3-fotor-bg-remover-2023062544226.png","width":500,"height":500,"caption":"ZapaSky"},"image":{"@id":"https:\/\/zapasky.com\/#\/schema\/logo\/image\/"},"sameAs":["https:\/\/www.instagram.com\/zapasky\/","https:\/\/www.youtube.com\/@ZapaSky\/shorts","https:\/\/www.tiktok.com\/@zapasky"]}]}},"jetpack_sharing_enabled":true,"_links":{"self":[{"href":"https:\/\/zapasky.com\/de\/wp-json\/wp\/v2\/pages\/13007","targetHints":{"allow":["GET"]}}],"collection":[{"href":"https:\/\/zapasky.com\/de\/wp-json\/wp\/v2\/pages"}],"about":[{"href":"https:\/\/zapasky.com\/de\/wp-json\/wp\/v2\/types\/page"}],"author":[{"embeddable":true,"href":"https:\/\/zapasky.com\/de\/wp-json\/wp\/v2\/users\/6"}],"replies":[{"embeddable":true,"href":"https:\/\/zapasky.com\/de\/wp-json\/wp\/v2\/comments?post=13007"}],"version-history":[{"count":8,"href":"https:\/\/zapasky.com\/de\/wp-json\/wp\/v2\/pages\/13007\/revisions"}],"predecessor-version":[{"id":28088,"href":"https:\/\/zapasky.com\/de\/wp-json\/wp\/v2\/pages\/13007\/revisions\/28088"}],"wp:attachment":[{"href":"https:\/\/zapasky.com\/de\/wp-json\/wp\/v2\/media?parent=13007"}],"curies":[{"name":"wp","href":"https:\/\/api.w.org\/{rel}","templated":true}]}}