{"id":2090,"date":"2023-05-17T20:40:07","date_gmt":"2023-05-17T20:40:07","guid":{"rendered":"https:\/\/zapasky.com\/?page_id=2090"},"modified":"2023-11-05T17:23:33","modified_gmt":"2023-11-05T17:23:33","slug":"aviso-legal","status":"publish","type":"page","link":"https:\/\/zapasky.com\/de\/aviso-legal\/","title":{"rendered":"Rechtlicher Hinweis"},"content":{"rendered":"<h3 class=\"wp-block-heading\">I. ALLGEMEINE INFORMATIONEN<\/h3>\n\n\n\n<p>In \u00dcbereinstimmung mit der Informationspflicht, die im Gesetz 34\/2002 \u00fcber die Dienste der Informationsgesellschaft und den elektronischen Handel (LSSI-CE) vom 11. Juli festgelegt ist, werden die folgenden allgemeinen Informationen \u00fcber diese Website bereitgestellt: zapasky.com Eigentum von ZapaSky.<\/p>\n\n\n\n<h3 class=\"wp-block-heading\">II. ALLGEMEINE NUTZUNGSBEDINGUNGEN<\/h3>\n\n\n\n<h4 class=\"wp-block-heading\">Der Gegenstand der Bedingungen und Konditionen: Die Website<\/h4>\n\n\n\n<p>Der Zweck dieser Allgemeinen Nutzungsbedingungen (im Folgenden \"Bedingungen\" genannt) ist es, den Zugang zu und die Nutzung von Zapasky.com zu regeln. F\u00fcr die Zwecke dieser Bedingungen werden unter \"Website\" verstanden: das \u00e4u\u00dfere Erscheinungsbild der Bildschirmschnittstellen, sowohl statisch als auch dynamisch, d.h. der Navigationsbaum; und alle Elemente, die sowohl in die Bildschirmschnittstellen als auch in den Navigationsbaum integriert sind (im Folgenden \"Inhalt\") und alle Online-Dienste oder Ressourcen, die den Nutzern angeboten werden k\u00f6nnen (im Folgenden \"Dienste\").<\/p>\n\n\n\n<p>ZapaSky beh\u00e4lt sich das Recht vor, jederzeit und ohne Vorank\u00fcndigung die Pr\u00e4sentation und Konfiguration der Website und der darin enthaltenen Inhalte und Dienstleistungen zu \u00e4ndern. Der Nutzer erkennt an und akzeptiert, dass er jederzeit jedes dieser Elemente, die in die Website integriert sind, oder den Zugang zu ihnen unterbrechen, deaktivieren und\/oder l\u00f6schen kann.<\/p>\n\n\n\n<p>Der Zugang des Nutzers zur Website ist kostenlos und erfolgt in der Regel unentgeltlich, ohne dass der Nutzer daf\u00fcr eine Gegenleistung erbringen muss, mit Ausnahme der Kosten f\u00fcr die Verbindung \u00fcber das Telekommunikationsnetz, die von dem vom Nutzer beauftragten Zugangsanbieter bereitgestellt werden.<\/p>\n\n\n\n<p>Die Nutzung von Inhalten oder Diensten der Website kann nur nach vorheriger Anmeldung oder Registrierung des Nutzers erfolgen.<\/p>\n\n\n\n<h4 class=\"wp-block-heading\">Der Benutzer<\/h4>\n\n\n\n<p>Der Zugang, das Surfen und die Nutzung der Website sowie der f\u00fcr die Interaktion zwischen den Nutzern zur Verf\u00fcgung gestellten Bereiche, wie z. B. Kommentare und\/oder Blogging-Bereiche, verleihen dem Nutzer die Eigenschaft eines Nutzers. Daher akzeptiert der Nutzer von dem Moment an, in dem er auf der Website surft, alle hier festgelegten Bedingungen sowie alle sp\u00e4teren \u00c4nderungen, unbeschadet der Anwendung der entsprechenden gesetzlichen Bestimmungen, die gegebenenfalls eingehalten werden m\u00fcssen. In Anbetracht der Relevanz des Vorstehenden wird dem Nutzer empfohlen, sie bei jedem Besuch der Website zu lesen.<\/p>\n\n\n\n<p>Die ZapaSky-Website bietet eine breite Palette von Informationen, Dienstleistungen und Daten. Der Nutzer \u00fcbernimmt die Verantwortung f\u00fcr die korrekte Nutzung der Website. Diese Verantwortung erstreckt sich auf:<\/p>\n\n\n\n<ul class=\"wp-block-list\">\n<li>Jegliche Nutzung der auf der Website angebotenen Informationen, Inhalte und\/oder Dienstleistungen und Daten, die nicht gegen die Bestimmungen der vorliegenden Bedingungen, das Gesetz, die guten Sitten oder die \u00f6ffentliche Ordnung verst\u00f6\u00dft oder in sonstiger Weise die Rechte Dritter oder das Funktionieren der Website beeintr\u00e4chtigen kann.<\/li>\n\n\n\n<li>Die Richtigkeit und Rechtm\u00e4\u00dfigkeit der Informationen, die der Benutzer in den von ZapaSky f\u00fcr den Zugang zu bestimmten Inhalten oder Dienstleistungen auf der Website bereitgestellten Formularen angibt. In jedem Fall wird der Benutzer ZapaSky unverz\u00fcglich \u00fcber jeden Umstand informieren, der eine unzul\u00e4ssige Verwendung der in diesen Formularen registrierten Informationen erm\u00f6glicht, wie z.B., aber nicht nur, Diebstahl, Verlust oder nicht autorisierter Zugang zu Identifikatoren und\/oder Passw\u00f6rtern, mit dem Ziel, deren sofortige L\u00f6schung zu veranlassen.<\/li>\n<\/ul>\n\n\n\n<p>ZapaSky beh\u00e4lt sich das Recht vor, alle Kommentare und Beitr\u00e4ge zu entfernen, die gegen das Gesetz, die Achtung der W\u00fcrde der Person versto\u00dfen, die diskriminierend, fremdenfeindlich, rassistisch, pornografisch oder spammend sind, die sich gegen die Jugend oder die Kindheit, die Ordnung oder die \u00f6ffentliche Sicherheit richten oder die seiner Meinung nach nicht zur Ver\u00f6ffentlichung geeignet sind.<\/p>\n\n\n\n<p>ZapaSky in jedem Fall, wird nicht verantwortlich f\u00fcr die Meinungen von den Nutzern durch Kommentare oder andere Werkzeuge des Blogging oder der Teilnahme, die existieren k\u00f6nnen gegossen werden.<\/p>\n\n\n\n<p>Der Nutzer erkl\u00e4rt, dass er vollj\u00e4hrig und ausreichend gesch\u00e4ftsf\u00e4hig ist, um an die vorliegenden Bedingungen gebunden zu sein. Daher ist diese Website nicht f\u00fcr Minderj\u00e4hrige bestimmt.  Der Nutzer lehnt jede Haftung f\u00fcr die Nichteinhaltung dieser Anforderung ab.<\/p>\n\n\n\n<p>Die Website ist in erster Linie f\u00fcr Nutzer mit Wohnsitz in Spanien bestimmt und gew\u00e4hrleistet nicht, dass die Website ganz oder teilweise mit den Gesetzen anderer L\u00e4nder \u00fcbereinstimmt. Wenn der Nutzer seinen Wohnsitz oder Sitz an einem anderen Ort hat und beschlie\u00dft, auf die Website zuzugreifen und\/oder sie zu durchst\u00f6bern, tut er dies auf eigenes Risiko und muss sicherstellen, dass dieser Zugriff und dieses Durchst\u00f6bern mit der f\u00fcr ihn geltenden lokalen Gesetzgebung \u00fcbereinstimmt, und \u00fcbernimmt keinerlei Haftung, die sich aus einem solchen Zugriff ergeben k\u00f6nnte.<\/p>\n\n\n\n<h3 class=\"wp-block-heading\">III. ZUGANG UND NAVIGATION AUF DER WEBSITE: AUSSCHLUSS VON GEW\u00c4HRLEISTUNG UND HAFTUNG<\/h3>\n\n\n\n<p>ZapaSky garantiert nicht die Kontinuit\u00e4t, die Verf\u00fcgbarkeit oder die N\u00fctzlichkeit der Website, des Inhalts oder der Dienstleistungen. Zapasky wird alle Anstrengungen unternehmen, um das ordnungsgem\u00e4\u00dfe Funktionieren der Website zu gew\u00e4hrleisten; jedoch gibt Zapasky keine Zusicherung oder Garantie, dass der Zugang zur Website ununterbrochen oder fehlerfrei sein wird.<\/p>\n\n\n\n<p>ZapaSky gibt auch keine Zusicherungen oder Garantien, dass der Inhalt oder die Software, auf die \u00fcber diese Website zugegriffen werden kann, fehlerfrei ist oder keine Sch\u00e4den am Computersystem des Benutzers (Software und Hardware) verursacht. ZapaSky haftet in keinem Fall f\u00fcr Verluste, Sch\u00e4den oder Beeintr\u00e4chtigungen jeglicher Art, die sich aus dem Zugang, dem Surfen und der Nutzung der Website ergeben, einschlie\u00dflich, aber nicht beschr\u00e4nkt auf Sch\u00e4den an Computersystemen oder durch die Einf\u00fchrung von Viren.<\/p>\n\n\n\n<p>ZapaSky ist auch nicht verantwortlich f\u00fcr die Sch\u00e4den, die den Benutzern durch eine unangemessene Nutzung dieser Website verursacht werden k\u00f6nnten. Insbesondere ist ZapaSky in keiner Weise verantwortlich f\u00fcr Abst\u00fcrze, Unterbrechungen, fehlende oder defekte Telekommunikationsverbindungen, die auftreten k\u00f6nnen. Sie kann auch nicht f\u00fcr die Echtheit ihrer Produkte verantwortlich gemacht werden, da alle Produkte auf dieser Website identische Nachbildungen von hoher Qualit\u00e4t sind und auch so angegeben werden.<\/p>\n\n\n\n<h3 class=\"wp-block-heading\">IV. KOPPLUNGSPOLITIK<\/h3>\n\n\n\n<p>Es wird darauf hingewiesen, dass die ZapaSky-Website den Nutzern Mittel zur Verkn\u00fcpfung (wie u.a. Links, Banner, Schaltfl\u00e4chen), Verzeichnisse und Suchmaschinen zur Verf\u00fcgung stellt oder stellen kann, die den Nutzern den Zugang zu Websites erm\u00f6glichen, die Dritten geh\u00f6ren und\/oder von diesen verwaltet werden.<\/p>\n\n\n\n<p>Die Einrichtung dieser Links, Verzeichnisse und Suchmaschinen auf der Website soll den Nutzern den Zugang zu den im Internet verf\u00fcgbaren Informationen erleichtern und darf nicht als Vorschlag, Empfehlung oder Aufforderung zum Besuch dieser Websites betrachtet werden.<\/p>\n\n\n\n<p>ZapaSky bietet weder selbst noch durch Dritte die auf solchen verlinkten Seiten verf\u00fcgbaren Produkte und\/oder Dienstleistungen an oder vermarktet sie.<\/p>\n\n\n\n<p>Sie \u00fcbernimmt auch keine Gew\u00e4hr f\u00fcr die technische Verf\u00fcgbarkeit, Fehlerfreiheit, Genauigkeit, Richtigkeit, Aktualit\u00e4t oder Rechtm\u00e4\u00dfigkeit von Websites, die \u00fcber Links erreicht werden k\u00f6nnen und nicht in ihrem Eigentum stehen.<\/p>\n\n\n\n<p>ZapaSky \u00fcberpr\u00fcft oder kontrolliert in keiner Weise den Inhalt anderer Websites, noch billigt, \u00fcberpr\u00fcft oder macht sich ZapaSky die Produkte und Dienstleistungen, den Inhalt, die Dateien und jedes andere Material auf solchen verlinkten Websites zu eigen.<\/p>\n\n\n\n<p>ZapaSky \u00fcbernimmt keine Haftung f\u00fcr Sch\u00e4den, die aus dem Zugang, der Nutzung, der Qualit\u00e4t oder der Rechtm\u00e4\u00dfigkeit der Inhalte, Mitteilungen, Meinungen, Produkte und Dienstleistungen von nicht von ZapaSky betriebenen Websites, die mit dieser Website verlinkt sind, entstehen k\u00f6nnen.<\/p>\n\n\n\n<p>Der Nutzer oder ein Dritter, der einen Hyperlink von einer Webseite einer anderen Website zur ZapaSky-Website herstellt, sollte sich dessen bewusst sein:<\/p>\n\n\n\n<p>Die Vervielf\u00e4ltigung - ganz oder teilweise - von Inhalten und\/oder Dienstleistungen der Website ist ohne ausdr\u00fcckliche Genehmigung von ZapaSky nicht gestattet.<\/p>\n\n\n\n<p>Keine falsche, ungenaue oder inkorrekte Aussage \u00fcber die ZapaSky-Webseite oder den Inhalt und\/oder die Dienstleistungen der ZapaSky-Webseite ist erlaubt.<\/p>\n\n\n\n<p>Mit Ausnahme des Hyperlinks darf die Website, auf der der Hyperlink eingerichtet ist, keine Elemente dieser Website enthalten, die nach spanischem Recht als geistiges Eigentum gesch\u00fctzt sind, es sei denn, ZapaSky hat dies ausdr\u00fccklich genehmigt.<\/p>\n\n\n\n<p>Die Einrichtung des Hyperlinks impliziert weder das Bestehen von Beziehungen zwischen ZapaSky und dem Inhaber der Website, von der aus er realisiert wird, noch die Kenntnis und Akzeptanz der Inhalte, Dienstleistungen und\/oder Aktivit\u00e4ten, die auf dieser Website angeboten werden, durch ZapaSky, und umgekehrt.<\/p>\n\n\n\n<h3 class=\"wp-block-heading\">V. GEISTIGES UND GEWERBLICHES EIGENTUM<\/h3>\n\n\n\n<p>ZapaSky ist selbst oder als Bevollm\u00e4chtigter Eigent\u00fcmer aller geistigen und gewerblichen Eigentumsrechte an der Website sowie an den darin enthaltenen Elementen (einschlie\u00dflich, aber nicht beschr\u00e4nkt auf Bilder, Ton, Audio, Video, Software oder Texte, Marken oder Logos, Farbkombinationen, Struktur und Design, Auswahl der verwendeten Materialien, Computerprogramme, die f\u00fcr den Betrieb, den Zugang und die Nutzung erforderlich sind, usw.). Es handelt sich also um Werke, die als geistiges Eigentum durch das spanische Rechtssystem gesch\u00fctzt sind, da auf sie sowohl die spanischen und gemeinschaftlichen Vorschriften in diesem Bereich als auch die von Spanien unterzeichneten internationalen Vertr\u00e4ge in diesem Bereich anwendbar sind.<\/p>\n\n\n\n<p>Alle Rechte vorbehalten. Gem\u00e4\u00df den Bestimmungen des Gesetzes zum Schutz des geistigen Eigentums sind die Vervielf\u00e4ltigung, die Verbreitung und die \u00f6ffentliche Wiedergabe, einschlie\u00dflich der Zurverf\u00fcgungstellung, des gesamten oder eines Teils des Inhalts dieser Website zu kommerziellen Zwecken in jedem Medium und mit allen technischen Mitteln ohne Genehmigung von ZapaSky ausdr\u00fccklich verboten.<\/p>\n\n\n\n<p>Der Benutzer verpflichtet sich, die geistigen und gewerblichen Eigentumsrechte von ZapaSky zu respektieren. Der Benutzer kann die Elemente der Website ansehen, sogar ausdrucken, kopieren und auf der Festplatte seines Computers oder auf einem anderen physischen Tr\u00e4ger speichern, solange dies ausschlie\u00dflich f\u00fcr seinen pers\u00f6nlichen Gebrauch geschieht. Der Benutzer wird jedoch nicht in der Lage sein, Schutzvorrichtungen oder Sicherheitssysteme, die auf der Website installiert wurden, zu unterdr\u00fccken, zu ver\u00e4ndern oder zu manipulieren.<\/p>\n\n\n\n<p>Falls der Nutzer oder ein Dritter der Meinung ist, dass ein Inhalt der Website eine Verletzung der Rechte zum Schutz des geistigen Eigentums darstellt, sollte er\/sie ZapaSky unverz\u00fcglich \u00fcber die Kontaktdaten auf der Kontaktseite informieren.<\/p>\n\n\n\n<h3 class=\"wp-block-heading\">VI. GERICHTSVERFAHREN, ANWENDBARES RECHT UND GERICHTSBARKEIT<\/h3>\n\n\n\n<p>Sie beh\u00e4lt sich das Recht vor, alle zivil- oder strafrechtlichen Schritte einzuleiten, die sie f\u00fcr eine missbr\u00e4uchliche Nutzung der Website und ihrer Inhalte oder f\u00fcr einen Versto\u00df gegen die vorliegenden Bedingungen f\u00fcr erforderlich h\u00e4lt.<\/p>\n\n\n\n<p>Die Beziehung zwischen dem Benutzer und ZapaSky unterliegt den geltenden und auf spanischem Gebiet anwendbaren Vorschriften. Im Falle von Streitigkeiten in Bezug auf die Auslegung und\/oder Anwendung der vorliegenden Bedingungen unterwerfen sich die Parteien der ordentlichen Gerichtsbarkeit, indem sie sich den Richtern und Gerichten unterwerfen, die nach dem Gesetz zust\u00e4ndig sind.<\/p>","protected":false},"excerpt":{"rendered":"<p>I. INFORMACI\u00d3N GENERAL En cumplimiento con el deber de informaci\u00f3n dispuesto en la Ley 34\/2002 de Servicios de la Sociedad de la Informaci\u00f3n y el Comercio Electr\u00f3nico (LSSI-CE) de 11 de julio, se facilitan a continuaci\u00f3n los siguientes datos de informaci\u00f3n general de este sitio web: zapasky.com propiedad de ZapaSky. II. T\u00c9RMINOS Y CONDICIONES GENERALES [&hellip;]<\/p>\n","protected":false},"author":1,"featured_media":0,"parent":0,"menu_order":0,"comment_status":"closed","ping_status":"closed","template":"","meta":{"footnotes":""},"class_list":["post-2090","page","type-page","status-publish","hentry"],"blocksy_meta":[],"yoast_head":"<!-- This site is optimized with the Yoast SEO plugin v27.3 - https:\/\/yoast.com\/product\/yoast-seo-wordpress\/ -->\n<title>Aviso Legal | ZapaSky | The Sneakers Heaven<\/title>\n<meta name=\"description\" content=\"In ZapaSky you will find the sneakers you want at an unbeatable price. We offer clothing, accessories and current fashion of the best quality in our store.\" \/>\n<meta name=\"robots\" content=\"noindex, nofollow\" \/>\n<meta property=\"og:locale\" content=\"de_DE\" \/>\n<meta property=\"og:type\" content=\"article\" \/>\n<meta property=\"og:title\" content=\"Aviso Legal | ZapaSky | The Sneakers Heaven\" \/>\n<meta property=\"og:description\" content=\"In ZapaSky you will find the sneakers you want at an unbeatable price. We offer clothing, accessories and current fashion of the best quality in our store.\" \/>\n<meta property=\"og:url\" content=\"https:\/\/zapasky.com\/de\/aviso-legal\/\" \/>\n<meta property=\"og:site_name\" content=\"ZapaSky | The Sneakers Heaven\" \/>\n<meta property=\"article:modified_time\" content=\"2023-11-05T17:23:33+00:00\" \/>\n<meta property=\"og:image\" content=\"https:\/\/zapasky.com\/wp-content\/uploads\/2023\/11\/ns.jpg\" \/>\n\t<meta property=\"og:image:width\" content=\"1200\" \/>\n\t<meta property=\"og:image:height\" content=\"675\" \/>\n\t<meta property=\"og:image:type\" content=\"image\/jpeg\" \/>\n<meta name=\"twitter:card\" content=\"summary_large_image\" \/>\n<meta name=\"twitter:label1\" content=\"Gesch\u00e4tzte Lesezeit\" \/>\n\t<meta name=\"twitter:data1\" content=\"9\u00a0Minuten\" \/>\n<script type=\"application\/ld+json\" class=\"yoast-schema-graph\">{\"@context\":\"https:\\\/\\\/schema.org\",\"@graph\":[{\"@type\":\"WebPage\",\"@id\":\"https:\\\/\\\/zapasky.com\\\/aviso-legal\\\/\",\"url\":\"https:\\\/\\\/zapasky.com\\\/aviso-legal\\\/\",\"name\":\"Aviso Legal | ZapaSky | The Sneakers Heaven\",\"isPartOf\":{\"@id\":\"https:\\\/\\\/zapasky.com\\\/#website\"},\"datePublished\":\"2023-05-17T20:40:07+00:00\",\"dateModified\":\"2023-11-05T17:23:33+00:00\",\"description\":\"In ZapaSky you will find the sneakers you want at an unbeatable price. We offer clothing, accessories and current fashion of the best quality in our store.\",\"breadcrumb\":{\"@id\":\"https:\\\/\\\/zapasky.com\\\/aviso-legal\\\/#breadcrumb\"},\"inLanguage\":\"de\",\"potentialAction\":[{\"@type\":\"ReadAction\",\"target\":[\"https:\\\/\\\/zapasky.com\\\/aviso-legal\\\/\"]}]},{\"@type\":\"BreadcrumbList\",\"@id\":\"https:\\\/\\\/zapasky.com\\\/aviso-legal\\\/#breadcrumb\",\"itemListElement\":[{\"@type\":\"ListItem\",\"position\":1,\"name\":\"Inicio\",\"item\":\"https:\\\/\\\/zapasky.com\\\/\"},{\"@type\":\"ListItem\",\"position\":2,\"name\":\"Aviso Legal\"}]},{\"@type\":\"WebSite\",\"@id\":\"https:\\\/\\\/zapasky.com\\\/#website\",\"url\":\"https:\\\/\\\/zapasky.com\\\/\",\"name\":\"ZapaSky | The Sneakers Heaven\",\"description\":\"In ZapaSky you will find the sneakers you want at an unbeatable price. We offer clothing, accessories and current fashion of the best quality in our store.\",\"publisher\":{\"@id\":\"https:\\\/\\\/zapasky.com\\\/#organization\"},\"alternateName\":\"ZAPASKY\",\"potentialAction\":[{\"@type\":\"SearchAction\",\"target\":{\"@type\":\"EntryPoint\",\"urlTemplate\":\"https:\\\/\\\/zapasky.com\\\/?s={search_term_string}\"},\"query-input\":{\"@type\":\"PropertyValueSpecification\",\"valueRequired\":true,\"valueName\":\"search_term_string\"}}],\"inLanguage\":\"de\"},{\"@type\":\"Organization\",\"@id\":\"https:\\\/\\\/zapasky.com\\\/#organization\",\"name\":\"ZapaSky\",\"url\":\"https:\\\/\\\/zapasky.com\\\/\",\"logo\":{\"@type\":\"ImageObject\",\"inLanguage\":\"de\",\"@id\":\"https:\\\/\\\/zapasky.com\\\/#\\\/schema\\\/logo\\\/image\\\/\",\"url\":\"https:\\\/\\\/zapasky.com\\\/wp-content\\\/uploads\\\/2023\\\/07\\\/Diseno-sin-titulo-3-fotor-bg-remover-2023062544226.png\",\"contentUrl\":\"https:\\\/\\\/zapasky.com\\\/wp-content\\\/uploads\\\/2023\\\/07\\\/Diseno-sin-titulo-3-fotor-bg-remover-2023062544226.png\",\"width\":500,\"height\":500,\"caption\":\"ZapaSky\"},\"image\":{\"@id\":\"https:\\\/\\\/zapasky.com\\\/#\\\/schema\\\/logo\\\/image\\\/\"},\"sameAs\":[\"https:\\\/\\\/www.instagram.com\\\/zapasky\\\/\",\"https:\\\/\\\/www.youtube.com\\\/@ZapaSky\\\/shorts\",\"https:\\\/\\\/www.tiktok.com\\\/@zapasky\"]}]}<\/script>\n<!-- \/ Yoast SEO plugin. -->","yoast_head_json":{"title":"Aviso Legal | ZapaSky | The Sneakers Heaven","description":"Bei ZapaSky finden Sie die Turnschuhe, die Sie suchen, zu einem unschlagbaren Preis. Wir bieten Ihnen in unserem Shop Kleidung, Accessoires und aktuelle Mode in bester Qualit\u00e4t.","robots":{"index":"noindex","follow":"nofollow"},"og_locale":"de_DE","og_type":"article","og_title":"Aviso Legal | ZapaSky | The Sneakers Heaven","og_description":"In ZapaSky you will find the sneakers you want at an unbeatable price. We offer clothing, accessories and current fashion of the best quality in our store.","og_url":"https:\/\/zapasky.com\/de\/aviso-legal\/","og_site_name":"ZapaSky | The Sneakers Heaven","article_modified_time":"2023-11-05T17:23:33+00:00","og_image":[{"width":1200,"height":675,"url":"https:\/\/zapasky.com\/wp-content\/uploads\/2023\/11\/ns.jpg","type":"image\/jpeg"}],"twitter_card":"summary_large_image","twitter_misc":{"Gesch\u00e4tzte Lesezeit":"9\u00a0Minuten"},"schema":{"@context":"https:\/\/schema.org","@graph":[{"@type":"WebPage","@id":"https:\/\/zapasky.com\/aviso-legal\/","url":"https:\/\/zapasky.com\/aviso-legal\/","name":"Aviso Legal | ZapaSky | The Sneakers Heaven","isPartOf":{"@id":"https:\/\/zapasky.com\/#website"},"datePublished":"2023-05-17T20:40:07+00:00","dateModified":"2023-11-05T17:23:33+00:00","description":"Bei ZapaSky finden Sie die Turnschuhe, die Sie suchen, zu einem unschlagbaren Preis. Wir bieten Ihnen in unserem Shop Kleidung, Accessoires und aktuelle Mode in bester Qualit\u00e4t.","breadcrumb":{"@id":"https:\/\/zapasky.com\/aviso-legal\/#breadcrumb"},"inLanguage":"de","potentialAction":[{"@type":"ReadAction","target":["https:\/\/zapasky.com\/aviso-legal\/"]}]},{"@type":"BreadcrumbList","@id":"https:\/\/zapasky.com\/aviso-legal\/#breadcrumb","itemListElement":[{"@type":"ListItem","position":1,"name":"Inicio","item":"https:\/\/zapasky.com\/"},{"@type":"ListItem","position":2,"name":"Aviso Legal"}]},{"@type":"WebSite","@id":"https:\/\/zapasky.com\/#website","url":"https:\/\/zapasky.com\/","name":"ZapaSky | Der Turnschuh-Himmel","description":"Bei ZapaSky finden Sie die Turnschuhe, die Sie suchen, zu einem unschlagbaren Preis. Wir bieten Ihnen in unserem Shop Kleidung, Accessoires und aktuelle Mode in bester Qualit\u00e4t.","publisher":{"@id":"https:\/\/zapasky.com\/#organization"},"alternateName":"ZAPASKY","potentialAction":[{"@type":"SearchAction","target":{"@type":"EntryPoint","urlTemplate":"https:\/\/zapasky.com\/?s={search_term_string}"},"query-input":{"@type":"PropertyValueSpecification","valueRequired":true,"valueName":"search_term_string"}}],"inLanguage":"de"},{"@type":"Organization","@id":"https:\/\/zapasky.com\/#organization","name":"ZapaSky","url":"https:\/\/zapasky.com\/","logo":{"@type":"ImageObject","inLanguage":"de","@id":"https:\/\/zapasky.com\/#\/schema\/logo\/image\/","url":"https:\/\/zapasky.com\/wp-content\/uploads\/2023\/07\/Diseno-sin-titulo-3-fotor-bg-remover-2023062544226.png","contentUrl":"https:\/\/zapasky.com\/wp-content\/uploads\/2023\/07\/Diseno-sin-titulo-3-fotor-bg-remover-2023062544226.png","width":500,"height":500,"caption":"ZapaSky"},"image":{"@id":"https:\/\/zapasky.com\/#\/schema\/logo\/image\/"},"sameAs":["https:\/\/www.instagram.com\/zapasky\/","https:\/\/www.youtube.com\/@ZapaSky\/shorts","https:\/\/www.tiktok.com\/@zapasky"]}]}},"jetpack_sharing_enabled":true,"_links":{"self":[{"href":"https:\/\/zapasky.com\/de\/wp-json\/wp\/v2\/pages\/2090","targetHints":{"allow":["GET"]}}],"collection":[{"href":"https:\/\/zapasky.com\/de\/wp-json\/wp\/v2\/pages"}],"about":[{"href":"https:\/\/zapasky.com\/de\/wp-json\/wp\/v2\/types\/page"}],"author":[{"embeddable":true,"href":"https:\/\/zapasky.com\/de\/wp-json\/wp\/v2\/users\/1"}],"replies":[{"embeddable":true,"href":"https:\/\/zapasky.com\/de\/wp-json\/wp\/v2\/comments?post=2090"}],"version-history":[{"count":15,"href":"https:\/\/zapasky.com\/de\/wp-json\/wp\/v2\/pages\/2090\/revisions"}],"predecessor-version":[{"id":8901,"href":"https:\/\/zapasky.com\/de\/wp-json\/wp\/v2\/pages\/2090\/revisions\/8901"}],"wp:attachment":[{"href":"https:\/\/zapasky.com\/de\/wp-json\/wp\/v2\/media?parent=2090"}],"curies":[{"name":"wp","href":"https:\/\/api.w.org\/{rel}","templated":true}]}}