{"id":5683,"date":"2023-06-13T22:37:58","date_gmt":"2023-06-13T22:37:58","guid":{"rendered":"https:\/\/zapasky.com\/?page_id=5683"},"modified":"2024-12-18T16:33:19","modified_gmt":"2024-12-18T16:33:19","slug":"pagina-de-contacto","status":"publish","type":"page","link":"https:\/\/zapasky.com\/de\/pagina-de-contacto\/","title":{"rendered":"Kontakt Seite"},"content":{"rendered":"\n<p style=\"font-size:14px\">HORARIO DE RESPUESTA DE LUNES A VIERNES<\/p>\n\n\n<div class=\"wpforms-container wpforms-container-full wpforms-block wpforms-block-e3136534-d228-448a-9e0e-b894d1eaf7dd wpforms-render-modern\" id=\"wpforms-5676\"><form id=\"wpforms-form-5676\" class=\"wpforms-validate wpforms-form wpforms-ajax-form\" data-formid=\"5676\" method=\"post\" enctype=\"multipart\/form-data\" action=\"\/de\/wp-json\/wp\/v2\/pages\/5683\" data-token=\"b4ea2ea829be8e7c00f12971d9fcef07\" data-token-time=\"1777195001\"><noscript class=\"wpforms-error-noscript\">Bitte aktiviere JavaScript in deinem Browser, um dieses Formular fertigzustellen.<\/noscript><div id=\"wpforms-error-noscript\" style=\"display: none;\">Bitte aktiviere JavaScript in deinem Browser, um dieses Formular fertigzustellen.<\/div><div class=\"wpforms-field-container\"><div id=\"wpforms-5676-field_0-container\" class=\"wpforms-field wpforms-field-name\" data-field-id=\"0\"><fieldset><legend class=\"wpforms-field-label\">Nombre <span class=\"wpforms-required-label\" aria-hidden=\"true\">*<\/span><\/legend><div class=\"wpforms-field-row wpforms-field-medium\"><div class=\"wpforms-field-row-block wpforms-first wpforms-one-half\"><input type=\"text\" id=\"wpforms-5676-field_0\" class=\"wpforms-field-name-first wpforms-field-required\" name=\"wpforms[fields][0][first]\" aria-errormessage=\"wpforms-5676-field_0-error\" required><label for=\"wpforms-5676-field_0\" class=\"wpforms-field-sublabel after\">Vorname<\/label><\/div><div class=\"wpforms-field-row-block wpforms-one-half\"><input type=\"text\" id=\"wpforms-5676-field_0-last\" class=\"wpforms-field-name-last wpforms-field-required\" name=\"wpforms[fields][0][last]\" aria-errormessage=\"wpforms-5676-field_0-last-error\" required><label for=\"wpforms-5676-field_0-last\" class=\"wpforms-field-sublabel after\">Nachname<\/label><\/div><\/div><\/fieldset><\/div><div id=\"wpforms-5676-field_1-container\" class=\"wpforms-field wpforms-field-email\" data-field-id=\"1\"><label class=\"wpforms-field-label\" for=\"wpforms-5676-field_1\">Correo electr\u00f3nico <span class=\"wpforms-required-label\" aria-hidden=\"true\">*<\/span><\/label><input type=\"email\" id=\"wpforms-5676-field_1\" class=\"wpforms-field-medium wpforms-field-required\" name=\"wpforms[fields][1]\" spellcheck=\"false\" aria-errormessage=\"wpforms-5676-field_1-error\" required><\/div><div id=\"wpforms-5676-field_3-container\" class=\"wpforms-field wpforms-field-email\" data-field-id=\"3\"><label class=\"wpforms-field-label\" for=\"wpforms-5676-field_3\">Numero de pedido <span class=\"wpforms-required-label\" aria-hidden=\"true\">*<\/span><\/label><input type=\"email\" id=\"wpforms-5676-field_3\" class=\"wpforms-field-medium wpforms-field-required\" name=\"wpforms[fields][3]\" spellcheck=\"false\" aria-errormessage=\"wpforms-5676-field_3-error\" required><\/div><div id=\"wpforms-5676-field_2-container\" class=\"wpforms-field wpforms-field-textarea\" data-field-id=\"2\"><label class=\"wpforms-field-label\" for=\"wpforms-5676-field_2\">Comentario o mensaje <span class=\"wpforms-required-label\" aria-hidden=\"true\">*<\/span><\/label><textarea id=\"wpforms-5676-field_2\" class=\"wpforms-field-medium wpforms-field-required\" name=\"wpforms[fields][2]\" aria-errormessage=\"wpforms-5676-field_2-error\" aria-describedby=\"wpforms-5676-field_2-description\" required><\/textarea><div id=\"wpforms-5676-field_2-description\" class=\"wpforms-field-description\">Indique brevemente en que le podemos ayudar. Le contestaremos lo antes posible.<\/div><\/div><\/div><!-- .wpforms-field-container --><div class=\"wpforms-submit-container\" ><input type=\"hidden\" name=\"wpforms[id]\" value=\"5676\"><input type=\"hidden\" name=\"page_title\" value=\"\"><input type=\"hidden\" name=\"page_url\" value=\"https:\/\/zapasky.com\/de\/wp-json\/wp\/v2\/pages\/5683\"><input type=\"hidden\" name=\"url_referer\" value=\"\"><button type=\"submit\" name=\"wpforms[submit]\" id=\"wpforms-submit-5676\" class=\"wpforms-submit\" data-alt-text=\"Enviando...\" data-submit-text=\"Enviar\" aria-live=\"assertive\" value=\"wpforms-submit\">Enviar<\/button><img decoding=\"async\" src=\"https:\/\/zapasky.com\/wp-content\/plugins\/wpforms-lite\/assets\/images\/submit-spin.svg\" class=\"wpforms-submit-spinner\" style=\"display: none;\" width=\"26\" height=\"26\" alt=\"Wird geladen\"><\/div><\/form><\/div>  <!-- .wpforms-container -->\n\n\n<hr class=\"wp-block-separator has-alpha-channel-opacity is-style-wide\"\/>\n\n\n\n<p class=\"has-text-align-center has-palette-color-4-color has-text-color has-link-color has-x-large-font-size wp-elements-8afe55ea9c55aaf1ea37bc0414118a10\">+ <strong>SOBRE EL ENV\u00cdO<\/strong><\/p>\n\n\n\n<h2 class=\"wp-block-heading has-palette-color-4-color has-text-color has-link-color wp-elements-07c286754806fe4e14df3b31d4bf3fa1\" style=\"font-size:clamp(23.043px, 1.44rem + ((1vw - 3.2px) * 1.169), 38px);\">Como se realiza el proceso de un pedido.<\/h2>\n\n\n\n<p>1. Se realiza el pago v\u00eda Tarjeta de Cr\u00e9dito. (Al instante)<\/p>\n\n\n\n<p>2. Se procesa el pago. (Al instante)<\/p>\n\n\n\n<p>3. Procesamos tu pedido. (plazo m\u00e1ximo de 3 d\u00edas)<\/p>\n\n\n\n<p>4. Correos Internacional es el encargado de enviar el paquete a su destino en un plazo de 7-15 d\u00edas h\u00e1biles. (var\u00eda dependiendo de el metodo de env\u00edo elegido)<\/p>\n\n\n\n<p>Los env\u00edos pueden demorarse un poco m\u00e1s a causa de d\u00edas festivos o festividades puntuales. <\/p>\n\n\n\n<h2 class=\"wp-block-heading\" style=\"font-size:clamp(23.043px, 1.44rem + ((1vw - 3.2px) * 1.169), 38px);\">Preguntas Frecuentes:<\/h2>\n\n\n\n<div style=\"height:10px\" aria-hidden=\"true\" class=\"wp-block-spacer\"><\/div>\n\n\n\n<p><strong>+\u00bfQu\u00e9 pasa si no estoy en el lugar indicado de la entrega cuando la empresa de repartos me traiga el paquete?<\/strong><\/p>\n\n\n\n<p>Su compa\u00f1\u00eda de correos le dejar\u00e1 un papel de aviso en el buz\u00f3n y al d\u00eda siguiente ya podr\u00e1s ir a buscarlo en la oficina de correos m\u00e1s cercana indicada en el mismo papel, durante un limitado tiempo.<\/p>\n\n\n\n<p><strong>+\u00bfQu\u00e9 pasa si no recojo el paquete a tiempo?<\/strong><\/p>\n\n\n\n<p>Si el paquete no es recogido en el plazo establecido por la agencia de transporte, se aplicar\u00e1 un cargo de 25 euros para cubrir los gastos de env\u00edo de vuelta y la gesti\u00f3n del paquete. Este cargo se descontar\u00e1 del importe total a reembolsar en caso de devoluci\u00f3n. Esta medida se encuentra amparada por la Ley del Contrato de Transporte (Ley 15\/2009), que regula las obligaciones del transportista y del destinatario.<\/p>\n\n\n\n<p><strong>+\u00bfQu\u00e9 pasa si recib\u00ed un reembolso por mi pedido, pero ahora quiero volver a comprar las mismas zapatillas?<\/strong><\/p>\n\n\n\n<p>Entendemos que quieras volver a comprar nuestras zapatillas. Una vez hayamos recibido y procesado tu devoluci\u00f3n, puedes hacer un nuevo pedido como cualquier otro cliente.<\/p>\n\n\n\n<p><strong>+\u00bfQu\u00e9 pasa si ha pasado el plazo de mi pedido y no ha llegado?<\/strong><\/p>\n\n\n\n<p>En el excepcional caso que el pedido no llegara en 50-55 d\u00edas laborables el cliente puede hac\u00e9rnoslo saber por correo electr\u00f3nico y nuestro equipo financiero se encargar\u00e1 de devolverle el total del importe pagado o bien, si el cliente lo prefiere, reenviaremos el\/los pedido\/s sin costes extras.<\/p>\n\n\n\n<div style=\"height:30px\" aria-hidden=\"true\" class=\"wp-block-spacer\"><\/div>\n\n\n\n<p><strong>Si tiene m\u00e1s preguntas, p\u00f3ngase en contacto con nosotros y estaremos encantados de ayudarle.<\/strong><\/p>\n\n\n\n<p><\/p>\n","protected":false},"excerpt":{"rendered":"<p>HORARIO DE RESPUESTA DE LUNES A VIERNES + SOBRE EL ENV\u00cdO Como se realiza el proceso de un pedido. 1. Se realiza el pago v\u00eda Tarjeta de Cr\u00e9dito. (Al instante) 2. Se procesa el pago. (Al instante) 3. Procesamos tu pedido. (plazo m\u00e1ximo de 3 d\u00edas) 4. Correos Internacional es el encargado de enviar el [&hellip;]<\/p>\n","protected":false},"author":1,"featured_media":0,"parent":0,"menu_order":0,"comment_status":"closed","ping_status":"closed","template":"","meta":{"footnotes":""},"class_list":["post-5683","page","type-page","status-publish","hentry"],"blocksy_meta":[],"yoast_head":"<!-- This site is optimized with the Yoast SEO plugin v27.4 - https:\/\/yoast.com\/product\/yoast-seo-wordpress\/ -->\n<title>P\u00e1gina de contacto | ZapaSky | The Sneakers Heaven<\/title>\n<meta name=\"description\" content=\"In ZapaSky you will find the sneakers you want at an unbeatable price. We offer clothing, accessories and current fashion of the best quality in our store.\" \/>\n<meta name=\"robots\" content=\"noindex, nofollow\" \/>\n<meta property=\"og:locale\" content=\"de_DE\" \/>\n<meta property=\"og:type\" content=\"article\" \/>\n<meta property=\"og:title\" content=\"P\u00e1gina de contacto | ZapaSky | The Sneakers Heaven\" \/>\n<meta property=\"og:description\" content=\"In ZapaSky you will find the sneakers you want at an unbeatable price. We offer clothing, accessories and current fashion of the best quality in our store.\" \/>\n<meta property=\"og:url\" content=\"https:\/\/zapasky.com\/de\/pagina-de-contacto\/\" \/>\n<meta property=\"og:site_name\" content=\"ZapaSky | The Sneakers Heaven\" \/>\n<meta property=\"article:modified_time\" content=\"2024-12-18T16:33:19+00:00\" \/>\n<meta property=\"og:image\" content=\"https:\/\/zapasky.com\/wp-content\/uploads\/2023\/11\/ns.jpg\" \/>\n\t<meta property=\"og:image:width\" content=\"1200\" \/>\n\t<meta property=\"og:image:height\" content=\"675\" \/>\n\t<meta property=\"og:image:type\" content=\"image\/jpeg\" \/>\n<meta name=\"twitter:card\" content=\"summary_large_image\" \/>\n<meta name=\"twitter:label1\" content=\"Gesch\u00e4tzte Lesezeit\" \/>\n\t<meta name=\"twitter:data1\" content=\"2\u00a0Minuten\" \/>\n<script type=\"application\/ld+json\" class=\"yoast-schema-graph\">{\"@context\":\"https:\\\/\\\/schema.org\",\"@graph\":[{\"@type\":\"WebPage\",\"@id\":\"https:\\\/\\\/zapasky.com\\\/pagina-de-contacto\\\/\",\"url\":\"https:\\\/\\\/zapasky.com\\\/pagina-de-contacto\\\/\",\"name\":\"P\u00e1gina de contacto | ZapaSky | The Sneakers Heaven\",\"isPartOf\":{\"@id\":\"https:\\\/\\\/zapasky.com\\\/#website\"},\"datePublished\":\"2023-06-13T22:37:58+00:00\",\"dateModified\":\"2024-12-18T16:33:19+00:00\",\"description\":\"In ZapaSky you will find the sneakers you want at an unbeatable price. We offer clothing, accessories and current fashion of the best quality in our store.\",\"breadcrumb\":{\"@id\":\"https:\\\/\\\/zapasky.com\\\/pagina-de-contacto\\\/#breadcrumb\"},\"inLanguage\":\"de\",\"potentialAction\":[{\"@type\":\"ReadAction\",\"target\":[\"https:\\\/\\\/zapasky.com\\\/pagina-de-contacto\\\/\"]}]},{\"@type\":\"BreadcrumbList\",\"@id\":\"https:\\\/\\\/zapasky.com\\\/pagina-de-contacto\\\/#breadcrumb\",\"itemListElement\":[{\"@type\":\"ListItem\",\"position\":1,\"name\":\"Inicio\",\"item\":\"https:\\\/\\\/zapasky.com\\\/\"},{\"@type\":\"ListItem\",\"position\":2,\"name\":\"P\u00e1gina de contacto\"}]},{\"@type\":\"WebSite\",\"@id\":\"https:\\\/\\\/zapasky.com\\\/#website\",\"url\":\"https:\\\/\\\/zapasky.com\\\/\",\"name\":\"ZapaSky | The Sneakers Heaven\",\"description\":\"In ZapaSky you will find the sneakers you want at an unbeatable price. We offer clothing, accessories and current fashion of the best quality in our store.\",\"publisher\":{\"@id\":\"https:\\\/\\\/zapasky.com\\\/#organization\"},\"alternateName\":\"ZAPASKY\",\"potentialAction\":[{\"@type\":\"SearchAction\",\"target\":{\"@type\":\"EntryPoint\",\"urlTemplate\":\"https:\\\/\\\/zapasky.com\\\/?s={search_term_string}\"},\"query-input\":{\"@type\":\"PropertyValueSpecification\",\"valueRequired\":true,\"valueName\":\"search_term_string\"}}],\"inLanguage\":\"de\"},{\"@type\":\"Organization\",\"@id\":\"https:\\\/\\\/zapasky.com\\\/#organization\",\"name\":\"ZapaSky\",\"url\":\"https:\\\/\\\/zapasky.com\\\/\",\"logo\":{\"@type\":\"ImageObject\",\"inLanguage\":\"de\",\"@id\":\"https:\\\/\\\/zapasky.com\\\/#\\\/schema\\\/logo\\\/image\\\/\",\"url\":\"https:\\\/\\\/zapasky.com\\\/wp-content\\\/uploads\\\/2023\\\/07\\\/Diseno-sin-titulo-3-fotor-bg-remover-2023062544226.png\",\"contentUrl\":\"https:\\\/\\\/zapasky.com\\\/wp-content\\\/uploads\\\/2023\\\/07\\\/Diseno-sin-titulo-3-fotor-bg-remover-2023062544226.png\",\"width\":500,\"height\":500,\"caption\":\"ZapaSky\"},\"image\":{\"@id\":\"https:\\\/\\\/zapasky.com\\\/#\\\/schema\\\/logo\\\/image\\\/\"},\"sameAs\":[\"https:\\\/\\\/www.instagram.com\\\/zapasky\\\/\",\"https:\\\/\\\/www.youtube.com\\\/@ZapaSky\\\/shorts\",\"https:\\\/\\\/www.tiktok.com\\\/@zapasky\"]}]}<\/script>\n<!-- \/ Yoast SEO plugin. -->","yoast_head_json":{"title":"P\u00e1gina de contacto | ZapaSky | The Sneakers Heaven","description":"Bei ZapaSky finden Sie die Turnschuhe, die Sie suchen, zu einem unschlagbaren Preis. Wir bieten Ihnen in unserem Shop Kleidung, Accessoires und aktuelle Mode in bester Qualit\u00e4t.","robots":{"index":"noindex","follow":"nofollow"},"og_locale":"de_DE","og_type":"article","og_title":"P\u00e1gina de contacto | ZapaSky | The Sneakers Heaven","og_description":"In ZapaSky you will find the sneakers you want at an unbeatable price. We offer clothing, accessories and current fashion of the best quality in our store.","og_url":"https:\/\/zapasky.com\/de\/pagina-de-contacto\/","og_site_name":"ZapaSky | The Sneakers Heaven","article_modified_time":"2024-12-18T16:33:19+00:00","og_image":[{"width":1200,"height":675,"url":"https:\/\/zapasky.com\/wp-content\/uploads\/2023\/11\/ns.jpg","type":"image\/jpeg"}],"twitter_card":"summary_large_image","twitter_misc":{"Gesch\u00e4tzte Lesezeit":"2\u00a0Minuten"},"schema":{"@context":"https:\/\/schema.org","@graph":[{"@type":"WebPage","@id":"https:\/\/zapasky.com\/pagina-de-contacto\/","url":"https:\/\/zapasky.com\/pagina-de-contacto\/","name":"P\u00e1gina de contacto | ZapaSky | The Sneakers Heaven","isPartOf":{"@id":"https:\/\/zapasky.com\/#website"},"datePublished":"2023-06-13T22:37:58+00:00","dateModified":"2024-12-18T16:33:19+00:00","description":"Bei ZapaSky finden Sie die Turnschuhe, die Sie suchen, zu einem unschlagbaren Preis. Wir bieten Ihnen in unserem Shop Kleidung, Accessoires und aktuelle Mode in bester Qualit\u00e4t.","breadcrumb":{"@id":"https:\/\/zapasky.com\/pagina-de-contacto\/#breadcrumb"},"inLanguage":"de","potentialAction":[{"@type":"ReadAction","target":["https:\/\/zapasky.com\/pagina-de-contacto\/"]}]},{"@type":"BreadcrumbList","@id":"https:\/\/zapasky.com\/pagina-de-contacto\/#breadcrumb","itemListElement":[{"@type":"ListItem","position":1,"name":"Inicio","item":"https:\/\/zapasky.com\/"},{"@type":"ListItem","position":2,"name":"P\u00e1gina de contacto"}]},{"@type":"WebSite","@id":"https:\/\/zapasky.com\/#website","url":"https:\/\/zapasky.com\/","name":"ZapaSky | Der Turnschuh-Himmel","description":"Bei ZapaSky finden Sie die Turnschuhe, die Sie suchen, zu einem unschlagbaren Preis. Wir bieten Ihnen in unserem Shop Kleidung, Accessoires und aktuelle Mode in bester Qualit\u00e4t.","publisher":{"@id":"https:\/\/zapasky.com\/#organization"},"alternateName":"ZAPASKY","potentialAction":[{"@type":"SearchAction","target":{"@type":"EntryPoint","urlTemplate":"https:\/\/zapasky.com\/?s={search_term_string}"},"query-input":{"@type":"PropertyValueSpecification","valueRequired":true,"valueName":"search_term_string"}}],"inLanguage":"de"},{"@type":"Organization","@id":"https:\/\/zapasky.com\/#organization","name":"ZapaSky","url":"https:\/\/zapasky.com\/","logo":{"@type":"ImageObject","inLanguage":"de","@id":"https:\/\/zapasky.com\/#\/schema\/logo\/image\/","url":"https:\/\/zapasky.com\/wp-content\/uploads\/2023\/07\/Diseno-sin-titulo-3-fotor-bg-remover-2023062544226.png","contentUrl":"https:\/\/zapasky.com\/wp-content\/uploads\/2023\/07\/Diseno-sin-titulo-3-fotor-bg-remover-2023062544226.png","width":500,"height":500,"caption":"ZapaSky"},"image":{"@id":"https:\/\/zapasky.com\/#\/schema\/logo\/image\/"},"sameAs":["https:\/\/www.instagram.com\/zapasky\/","https:\/\/www.youtube.com\/@ZapaSky\/shorts","https:\/\/www.tiktok.com\/@zapasky"]}]}},"jetpack_sharing_enabled":true,"_links":{"self":[{"href":"https:\/\/zapasky.com\/de\/wp-json\/wp\/v2\/pages\/5683","targetHints":{"allow":["GET"]}}],"collection":[{"href":"https:\/\/zapasky.com\/de\/wp-json\/wp\/v2\/pages"}],"about":[{"href":"https:\/\/zapasky.com\/de\/wp-json\/wp\/v2\/types\/page"}],"author":[{"embeddable":true,"href":"https:\/\/zapasky.com\/de\/wp-json\/wp\/v2\/users\/1"}],"replies":[{"embeddable":true,"href":"https:\/\/zapasky.com\/de\/wp-json\/wp\/v2\/comments?post=5683"}],"version-history":[{"count":14,"href":"https:\/\/zapasky.com\/de\/wp-json\/wp\/v2\/pages\/5683\/revisions"}],"predecessor-version":[{"id":28090,"href":"https:\/\/zapasky.com\/de\/wp-json\/wp\/v2\/pages\/5683\/revisions\/28090"}],"wp:attachment":[{"href":"https:\/\/zapasky.com\/de\/wp-json\/wp\/v2\/media?parent=5683"}],"curies":[{"name":"wp","href":"https:\/\/api.w.org\/{rel}","templated":true}]}}