{"id":2090,"date":"2023-05-17T20:40:07","date_gmt":"2023-05-17T20:40:07","guid":{"rendered":"https:\/\/zapasky.com\/?page_id=2090"},"modified":"2023-11-05T17:23:33","modified_gmt":"2023-11-05T17:23:33","slug":"aviso-legal","status":"publish","type":"page","link":"https:\/\/zapasky.com\/fr\/aviso-legal\/","title":{"rendered":"Avis juridique"},"content":{"rendered":"<h3 class=\"wp-block-heading\">I. INFORMATIONS G\u00c9N\u00c9RALES<\/h3>\n\n\n\n<p>Conform\u00e9ment \u00e0 l'obligation d'information pr\u00e9vue par la loi 34\/2002 sur les services de la soci\u00e9t\u00e9 de l'information et le commerce \u00e9lectronique (LSSI-CE) du 11 juillet, les informations g\u00e9n\u00e9rales suivantes sur ce site Web sont fournies : zapasky.com propri\u00e9t\u00e9 de ZapaSky.<\/p>\n\n\n\n<h3 class=\"wp-block-heading\">II. CONDITIONS G\u00c9N\u00c9RALES D'UTILISATION<\/h3>\n\n\n\n<h4 class=\"wp-block-heading\">L'objet des conditions g\u00e9n\u00e9rales : Le site web<\/h4>\n\n\n\n<p>Les pr\u00e9sentes conditions g\u00e9n\u00e9rales d'utilisation (ci-apr\u00e8s d\u00e9nomm\u00e9es \" conditions g\u00e9n\u00e9rales \") ont pour objet de r\u00e9glementer l'acc\u00e8s \u00e0 Zapasky.com et son utilisation. Aux fins des pr\u00e9sentes conditions g\u00e9n\u00e9rales, on entend par \"site web\" : l'aspect ext\u00e9rieur des interfaces d'\u00e9cran, tant statiques que dynamiques, c'est-\u00e0-dire l'arbre de navigation ; et tous les \u00e9l\u00e9ments int\u00e9gr\u00e9s tant dans les interfaces d'\u00e9cran que dans l'arbre de navigation (ci-apr\u00e8s, le contenu) et tous les services ou ressources en ligne qui peuvent \u00eatre offerts aux utilisateurs (ci-apr\u00e8s, les services).<\/p>\n\n\n\n<p>ZapaSky se r\u00e9serve le droit de modifier, \u00e0 tout moment et sans pr\u00e9avis, la pr\u00e9sentation et la configuration du site web et des contenus et services qui peuvent y \u00eatre incorpor\u00e9s. L'utilisateur reconna\u00eet et accepte qu'il peut \u00e0 tout moment interrompre, d\u00e9sactiver et\/ou annuler n'importe lequel de ces \u00e9l\u00e9ments int\u00e9gr\u00e9s au site web ou l'acc\u00e8s \u00e0 ceux-ci.<\/p>\n\n\n\n<p>L'acc\u00e8s au site web par l'utilisateur est libre et, en r\u00e8gle g\u00e9n\u00e9rale, gratuit, sans que l'utilisateur n'ait \u00e0 fournir de contrepartie pour en b\u00e9n\u00e9ficier, \u00e0 l'exception du co\u00fbt de la connexion via le r\u00e9seau de t\u00e9l\u00e9communications fourni par le fournisseur d'acc\u00e8s contract\u00e9 par l'utilisateur.<\/p>\n\n\n\n<p>L'utilisation de tout contenu ou service du site web peut \u00eatre subordonn\u00e9e \u00e0 l'inscription ou \u00e0 l'enregistrement pr\u00e9alable de l'utilisateur.<\/p>\n\n\n\n<h4 class=\"wp-block-heading\">L'utilisateur<\/h4>\n\n\n\n<p>L'acc\u00e8s, la navigation et l'utilisation du site Web, ainsi que les espaces pr\u00e9vus pour l'interaction entre les utilisateurs, tels que les espaces de commentaires et\/ou de blogs, conf\u00e8rent la condition d'utilisateur et, par cons\u00e9quent, \u00e0 partir du moment o\u00f9 l'utilisateur commence \u00e0 naviguer sur le site Web, il accepte toutes les conditions \u00e9tablies ici, ainsi que toutes les modifications ult\u00e9rieures, sans pr\u00e9judice de l'application des normes l\u00e9gales correspondantes qui doivent \u00eatre respect\u00e9es selon le cas. Compte tenu de l'importance de ce qui pr\u00e9c\u00e8de, il est recommand\u00e9 \u00e0 l'utilisateur de les lire chaque fois qu'il visite le site web.<\/p>\n\n\n\n<p>Le site web de ZapaSky fournit un large \u00e9ventail d'informations, de services et de donn\u00e9es. L'utilisateur assume la responsabilit\u00e9 de l'utilisation correcte du site Web. Cette responsabilit\u00e9 s'\u00e9tend \u00e0 :<\/p>\n\n\n\n<ul class=\"wp-block-list\">\n<li>Toute utilisation des informations, des contenus et\/ou des services et des donn\u00e9es propos\u00e9s par le site Web qui serait contraire aux dispositions des pr\u00e9sentes conditions, \u00e0 la loi, aux bonnes m\u0153urs ou \u00e0 l'ordre public, ou qui, de toute autre mani\u00e8re, porterait atteinte aux droits des tiers ou au fonctionnement du site Web.<\/li>\n\n\n\n<li>La v\u00e9racit\u00e9 et la l\u00e9galit\u00e9 des informations fournies par l'utilisateur dans les formulaires mis \u00e0 disposition par ZapaSky pour l'acc\u00e8s \u00e0 certains contenus ou services offerts par le site Web. En tout \u00e9tat de cause, l'utilisateur notifiera imm\u00e9diatement \u00e0 ZapaSky tout fait permettant l'utilisation impropre des informations enregistr\u00e9es dans ces formulaires, tel que, mais pas seulement, le vol, la perte ou l'acc\u00e8s non autoris\u00e9 aux identifiants et\/ou mots de passe, afin de proc\u00e9der \u00e0 leur annulation imm\u00e9diate.<\/li>\n<\/ul>\n\n\n\n<p>ZapaSky se r\u00e9serve le droit de supprimer tous les commentaires et contributions qui violent la loi, le respect de la dignit\u00e9 de la personne, qui sont discriminatoires, x\u00e9nophobes, racistes, pornographiques, spamming, qui attentent \u00e0 la jeunesse ou \u00e0 l'enfance, \u00e0 l'ordre ou \u00e0 la s\u00e9curit\u00e9 publique ou qui, \u00e0 son avis, ne sont pas adapt\u00e9s \u00e0 sa publication.<\/p>\n\n\n\n<p>ZapaSky ne sera en aucun cas responsable des opinions \u00e9mises par les Utilisateurs \u00e0 travers les commentaires ou autres outils de blogging ou de participation qui peuvent exister.<\/p>\n\n\n\n<p>L'utilisateur d\u00e9clare qu'il est majeur et qu'il dispose de la capacit\u00e9 juridique suffisante pour \u00eatre li\u00e9 par les pr\u00e9sentes conditions. Par cons\u00e9quent, ce site web n'est pas destin\u00e9 aux mineurs.  L'utilisateur d\u00e9cline toute responsabilit\u00e9 en cas de non-respect de cette exigence.<\/p>\n\n\n\n<p>Le site Web est principalement destin\u00e9 aux utilisateurs r\u00e9sidant en Espagne et ne garantit pas que le site Web soit conforme aux lois d'autres pays, en tout ou en partie. Si l'utilisateur r\u00e9side ou est domicili\u00e9 dans un autre lieu et d\u00e9cide d'acc\u00e9der et\/ou de naviguer sur le site Web, il le fait \u00e0 ses propres risques et doit s'assurer que cet acc\u00e8s et cette navigation sont conformes \u00e0 la l\u00e9gislation locale qui lui est applicable, et n'assume aucune responsabilit\u00e9 de quelque nature que ce soit pouvant d\u00e9couler de cet acc\u00e8s.<\/p>\n\n\n\n<h3 class=\"wp-block-heading\">III. ACC\u00c8S ET NAVIGATION SUR LE SITE WEB : EXCLUSION DE GARANTIE ET DE RESPONSABILIT\u00c9<\/h3>\n\n\n\n<p>Zapasky ne garantit pas la continuit\u00e9, la disponibilit\u00e9 ou l'utilit\u00e9 du site Web, du contenu ou des services. Zapasky fera tout son possible pour assurer le bon fonctionnement du site Web ; cependant, Zapasky ne fait aucune d\u00e9claration et ne donne aucune garantie que l'acc\u00e8s au site Web sera ininterrompu ou exempt d'erreurs.<\/p>\n\n\n\n<p>ZapaSky ne garantit pas non plus que le contenu ou le logiciel auquel il est possible d'acc\u00e9der par le biais de ce site Web est exempt d'erreurs ou qu'il ne causera pas de dommages au syst\u00e8me informatique (logiciel et mat\u00e9riel) de l'utilisateur. ZapaSky ne sera en aucun cas responsable des pertes, dommages ou pr\u00e9judices de toute nature r\u00e9sultant de l'acc\u00e8s, de la navigation et de l'utilisation du site Web, y compris, mais sans s'y limiter, ceux caus\u00e9s aux syst\u00e8mes informatiques ou ceux caus\u00e9s par l'introduction de virus.<\/p>\n\n\n\n<p>ZapaSky n'est pas non plus responsable des dommages qui pourraient \u00eatre caus\u00e9s aux utilisateurs par une utilisation inad\u00e9quate de ce site Web. En particulier, elle n'est en aucun cas responsable des chutes, interruptions, manques ou d\u00e9fauts de t\u00e9l\u00e9communications qui pourraient survenir. Elle ne peut non plus \u00eatre tenue responsable de toute r\u00e9clamation quant \u00e0 la v\u00e9racit\u00e9 de ses produits, \u00e9tant donn\u00e9 que tous les produits sur ce site Web sont des r\u00e9pliques identiques de haute qualit\u00e9 et sont indiqu\u00e9s comme tels.<\/p>\n\n\n\n<h3 class=\"wp-block-heading\">IV. POLITIQUE DE LIAISON<\/h3>\n\n\n\n<p>Il est inform\u00e9 que le site web ZapaSky met ou peut mettre \u00e0 la disposition des utilisateurs des moyens de liaison (tels que, entre autres, des liens, des banni\u00e8res, des boutons), des annuaires et des moteurs de recherche qui permettent aux utilisateurs d'acc\u00e9der \u00e0 des sites web appartenant \u00e0 et\/ou g\u00e9r\u00e9s par des tiers.<\/p>\n\n\n\n<p>L'installation de ces liens, r\u00e9pertoires et moteurs de recherche sur le site Web a pour but de faciliter l'acc\u00e8s des utilisateurs aux informations disponibles sur Internet et ne peut \u00eatre consid\u00e9r\u00e9e comme une suggestion, une recommandation ou une invitation \u00e0 les visiter.<\/p>\n\n\n\n<p>ZapaSky n'offre ni ne commercialise elle-m\u00eame, ni par l'interm\u00e9diaire d'un tiers, les produits et\/ou services disponibles sur ces sites li\u00e9s.<\/p>\n\n\n\n<p>Elle ne garantit pas non plus la disponibilit\u00e9 technique, l'exactitude, la v\u00e9racit\u00e9, la validit\u00e9 ou la l\u00e9galit\u00e9 des sites ne lui appartenant pas et accessibles par les liens.<\/p>\n\n\n\n<p>ZapaSky n'examine ni ne contr\u00f4le en aucune mani\u00e8re le contenu d'autres sites web, et ZapaSky n'approuve pas, n'examine pas et ne s'approprie pas les produits et services, le contenu, les fichiers et tout autre mat\u00e9riel de ces sites li\u00e9s.<\/p>\n\n\n\n<p>ZapaSky n'assume aucune responsabilit\u00e9 pour les dommages pouvant d\u00e9couler de l'acc\u00e8s, de l'utilisation, de la qualit\u00e9 ou de la l\u00e9galit\u00e9 des contenus, des communications, des opinions, des produits et des services des sites Web non exploit\u00e9s par ZapaSky et li\u00e9s \u00e0 ce site Web.<\/p>\n\n\n\n<p>L'utilisateur ou le tiers qui cr\u00e9e un lien hypertexte \u00e0 partir d'une page web d'un autre site web vers le site web de ZapaSky doit \u00eatre conscient du fait que<\/p>\n\n\n\n<p>La reproduction - en tout ou en partie - de tout contenu et\/ou service du site Web n'est pas permise sans l'autorisation expresse de ZapaSky.<\/p>\n\n\n\n<p>Aucune d\u00e9claration fausse, inexacte ou incorrecte concernant le site web de ZapaSky ou le contenu et\/ou les services du site web de ZapaSky n'est autoris\u00e9e.<\/p>\n\n\n\n<p>\u00c0 l'exception de l'hyperlien, le site web sur lequel est \u00e9tabli l'hyperlien ne contiendra aucun \u00e9l\u00e9ment de ce site web prot\u00e9g\u00e9 en tant que propri\u00e9t\u00e9 intellectuelle par la loi espagnole, sauf autorisation expresse de ZapaSky.<\/p>\n\n\n\n<p>L'\u00e9tablissement de l'hyperlien n'impliquera pas l'existence de relations entre ZapaSky et le titulaire du site web \u00e0 partir duquel il est r\u00e9alis\u00e9, ni la connaissance et l'acceptation par ZapaSky des contenus, services et\/ou activit\u00e9s offerts dans ce site web, et vice versa.<\/p>\n\n\n\n<h3 class=\"wp-block-heading\">V. PROPRI\u00c9T\u00c9 INTELLECTUELLE ET INDUSTRIELLE<\/h3>\n\n\n\n<p>ZapaSky, lui-m\u00eame ou en tant que cessionnaire, est titulaire de tous les droits de propri\u00e9t\u00e9 intellectuelle et industrielle du site Web, ainsi que des \u00e9l\u00e9ments qu'il contient (y compris, mais sans s'y limiter, les images, le son, l'audio, la vid\u00e9o, le logiciel ou les textes, les marques ou les logos, les combinaisons de couleurs, la structure et la conception, la s\u00e9lection des mat\u00e9riaux utilis\u00e9s, les programmes informatiques n\u00e9cessaires \u00e0 son fonctionnement, \u00e0 son acc\u00e8s et \u00e0 son utilisation, etc.) ). Il s'agit donc d'\u0153uvres prot\u00e9g\u00e9es en tant que propri\u00e9t\u00e9 intellectuelle par le syst\u00e8me juridique espagnol, auquel s'appliquent les r\u00e9glementations espagnoles et communautaires en la mati\u00e8re, ainsi que les trait\u00e9s internationaux sign\u00e9s par l'Espagne en la mati\u00e8re.<\/p>\n\n\n\n<p>Tous les droits sont r\u00e9serv\u00e9s. Conform\u00e9ment aux dispositions de la loi sur la propri\u00e9t\u00e9 intellectuelle, la reproduction, la distribution et la communication publique, y compris la mise \u00e0 disposition, de tout ou partie du contenu de ce site Web, \u00e0 des fins commerciales, sur tout support et par tout moyen technique, sans l'autorisation de ZapaSky, sont express\u00e9ment interdites.<\/p>\n\n\n\n<p>L'Utilisateur s'engage \u00e0 respecter les droits de propri\u00e9t\u00e9 intellectuelle et industrielle de ZapaSky. L'Utilisateur peut visualiser les \u00e9l\u00e9ments du Site Web ou m\u00eame les imprimer, les copier et les stocker sur le disque dur de son ordinateur ou sur tout autre support physique \u00e0 condition que ce soit exclusivement pour son usage personnel. L'utilisateur ne pourra cependant pas supprimer, alt\u00e9rer ou manipuler tout dispositif de protection ou syst\u00e8me de s\u00e9curit\u00e9 install\u00e9 sur le site Web.<\/p>\n\n\n\n<p>Si l'utilisateur ou un tiers consid\u00e8re que l'un des contenus du site Web implique une violation des droits de protection de la propri\u00e9t\u00e9 intellectuelle, il doit imm\u00e9diatement en informer ZapaSky par le biais des coordonn\u00e9es figurant sur la page de contact.<\/p>\n\n\n\n<h3 class=\"wp-block-heading\">VI. ACTIONS EN JUSTICE, DROIT APPLICABLE ET JURIDICTION<\/h3>\n\n\n\n<p>Elle se r\u00e9serve le droit d'intenter toute action civile ou p\u00e9nale qu'elle jugera n\u00e9cessaire en cas d'utilisation abusive du site web et de son contenu, ou de violation des pr\u00e9sentes conditions.<\/p>\n\n\n\n<p>La relation entre l'utilisateur et ZapaSky sera r\u00e9gie par la r\u00e9glementation en vigueur et applicable sur le territoire espagnol. En cas de controverse sur l'interpr\u00e9tation et\/ou l'application de ces conditions, les parties soumettront leurs conflits \u00e0 la juridiction ordinaire, en s'en remettant aux juges et aux tribunaux correspondants conform\u00e9ment \u00e0 la loi.<\/p>","protected":false},"excerpt":{"rendered":"<p>I. INFORMACI\u00d3N GENERAL En cumplimiento con el deber de informaci\u00f3n dispuesto en la Ley 34\/2002 de Servicios de la Sociedad de la Informaci\u00f3n y el Comercio Electr\u00f3nico (LSSI-CE) de 11 de julio, se facilitan a continuaci\u00f3n los siguientes datos de informaci\u00f3n general de este sitio web: zapasky.com propiedad de ZapaSky. II. T\u00c9RMINOS Y CONDICIONES GENERALES [&hellip;]<\/p>\n","protected":false},"author":1,"featured_media":0,"parent":0,"menu_order":0,"comment_status":"closed","ping_status":"closed","template":"","meta":{"footnotes":""},"class_list":["post-2090","page","type-page","status-publish","hentry"],"blocksy_meta":[],"yoast_head":"<!-- This site is optimized with the Yoast SEO plugin v27.3 - https:\/\/yoast.com\/product\/yoast-seo-wordpress\/ -->\n<title>Aviso Legal | ZapaSky | The Sneakers Heaven<\/title>\n<meta name=\"description\" content=\"In ZapaSky you will find the sneakers you want at an unbeatable price. We offer clothing, accessories and current fashion of the best quality in our store.\" \/>\n<meta name=\"robots\" content=\"noindex, nofollow\" \/>\n<meta property=\"og:locale\" content=\"fr_FR\" \/>\n<meta property=\"og:type\" content=\"article\" \/>\n<meta property=\"og:title\" content=\"Aviso Legal | ZapaSky | The Sneakers Heaven\" \/>\n<meta property=\"og:description\" content=\"In ZapaSky you will find the sneakers you want at an unbeatable price. We offer clothing, accessories and current fashion of the best quality in our store.\" \/>\n<meta property=\"og:url\" content=\"https:\/\/zapasky.com\/fr\/aviso-legal\/\" \/>\n<meta property=\"og:site_name\" content=\"ZapaSky | The Sneakers Heaven\" \/>\n<meta property=\"article:modified_time\" content=\"2023-11-05T17:23:33+00:00\" \/>\n<meta property=\"og:image\" content=\"https:\/\/zapasky.com\/wp-content\/uploads\/2023\/11\/ns.jpg\" \/>\n\t<meta property=\"og:image:width\" content=\"1200\" \/>\n\t<meta property=\"og:image:height\" content=\"675\" \/>\n\t<meta property=\"og:image:type\" content=\"image\/jpeg\" \/>\n<meta name=\"twitter:card\" content=\"summary_large_image\" \/>\n<meta name=\"twitter:label1\" content=\"Dur\u00e9e de lecture estim\u00e9e\" \/>\n\t<meta name=\"twitter:data1\" content=\"9 minutes\" \/>\n<script type=\"application\/ld+json\" class=\"yoast-schema-graph\">{\"@context\":\"https:\\\/\\\/schema.org\",\"@graph\":[{\"@type\":\"WebPage\",\"@id\":\"https:\\\/\\\/zapasky.com\\\/aviso-legal\\\/\",\"url\":\"https:\\\/\\\/zapasky.com\\\/aviso-legal\\\/\",\"name\":\"Aviso Legal | ZapaSky | The Sneakers Heaven\",\"isPartOf\":{\"@id\":\"https:\\\/\\\/zapasky.com\\\/#website\"},\"datePublished\":\"2023-05-17T20:40:07+00:00\",\"dateModified\":\"2023-11-05T17:23:33+00:00\",\"description\":\"In ZapaSky you will find the sneakers you want at an unbeatable price. We offer clothing, accessories and current fashion of the best quality in our store.\",\"breadcrumb\":{\"@id\":\"https:\\\/\\\/zapasky.com\\\/aviso-legal\\\/#breadcrumb\"},\"inLanguage\":\"fr-FR\",\"potentialAction\":[{\"@type\":\"ReadAction\",\"target\":[\"https:\\\/\\\/zapasky.com\\\/aviso-legal\\\/\"]}]},{\"@type\":\"BreadcrumbList\",\"@id\":\"https:\\\/\\\/zapasky.com\\\/aviso-legal\\\/#breadcrumb\",\"itemListElement\":[{\"@type\":\"ListItem\",\"position\":1,\"name\":\"Inicio\",\"item\":\"https:\\\/\\\/zapasky.com\\\/\"},{\"@type\":\"ListItem\",\"position\":2,\"name\":\"Aviso Legal\"}]},{\"@type\":\"WebSite\",\"@id\":\"https:\\\/\\\/zapasky.com\\\/#website\",\"url\":\"https:\\\/\\\/zapasky.com\\\/\",\"name\":\"ZapaSky | The Sneakers Heaven\",\"description\":\"In ZapaSky you will find the sneakers you want at an unbeatable price. We offer clothing, accessories and current fashion of the best quality in our store.\",\"publisher\":{\"@id\":\"https:\\\/\\\/zapasky.com\\\/#organization\"},\"alternateName\":\"ZAPASKY\",\"potentialAction\":[{\"@type\":\"SearchAction\",\"target\":{\"@type\":\"EntryPoint\",\"urlTemplate\":\"https:\\\/\\\/zapasky.com\\\/?s={search_term_string}\"},\"query-input\":{\"@type\":\"PropertyValueSpecification\",\"valueRequired\":true,\"valueName\":\"search_term_string\"}}],\"inLanguage\":\"fr-FR\"},{\"@type\":\"Organization\",\"@id\":\"https:\\\/\\\/zapasky.com\\\/#organization\",\"name\":\"ZapaSky\",\"url\":\"https:\\\/\\\/zapasky.com\\\/\",\"logo\":{\"@type\":\"ImageObject\",\"inLanguage\":\"fr-FR\",\"@id\":\"https:\\\/\\\/zapasky.com\\\/#\\\/schema\\\/logo\\\/image\\\/\",\"url\":\"https:\\\/\\\/zapasky.com\\\/wp-content\\\/uploads\\\/2023\\\/07\\\/Diseno-sin-titulo-3-fotor-bg-remover-2023062544226.png\",\"contentUrl\":\"https:\\\/\\\/zapasky.com\\\/wp-content\\\/uploads\\\/2023\\\/07\\\/Diseno-sin-titulo-3-fotor-bg-remover-2023062544226.png\",\"width\":500,\"height\":500,\"caption\":\"ZapaSky\"},\"image\":{\"@id\":\"https:\\\/\\\/zapasky.com\\\/#\\\/schema\\\/logo\\\/image\\\/\"},\"sameAs\":[\"https:\\\/\\\/www.instagram.com\\\/zapasky\\\/\",\"https:\\\/\\\/www.youtube.com\\\/@ZapaSky\\\/shorts\",\"https:\\\/\\\/www.tiktok.com\\\/@zapasky\"]}]}<\/script>\n<!-- \/ Yoast SEO plugin. -->","yoast_head_json":{"title":"Aviso Legal | ZapaSky | The Sneakers Heaven","description":"Chez ZapaSky, vous trouverez les baskets que vous voulez \u00e0 un prix imbattable. Nous proposons des v\u00eatements, des accessoires et la mode actuelle de la meilleure qualit\u00e9 dans notre magasin.","robots":{"index":"noindex","follow":"nofollow"},"og_locale":"fr_FR","og_type":"article","og_title":"Aviso Legal | ZapaSky | The Sneakers Heaven","og_description":"In ZapaSky you will find the sneakers you want at an unbeatable price. We offer clothing, accessories and current fashion of the best quality in our store.","og_url":"https:\/\/zapasky.com\/fr\/aviso-legal\/","og_site_name":"ZapaSky | The Sneakers Heaven","article_modified_time":"2023-11-05T17:23:33+00:00","og_image":[{"width":1200,"height":675,"url":"https:\/\/zapasky.com\/wp-content\/uploads\/2023\/11\/ns.jpg","type":"image\/jpeg"}],"twitter_card":"summary_large_image","twitter_misc":{"Dur\u00e9e de lecture estim\u00e9e":"9 minutes"},"schema":{"@context":"https:\/\/schema.org","@graph":[{"@type":"WebPage","@id":"https:\/\/zapasky.com\/aviso-legal\/","url":"https:\/\/zapasky.com\/aviso-legal\/","name":"Aviso Legal | ZapaSky | The Sneakers Heaven","isPartOf":{"@id":"https:\/\/zapasky.com\/#website"},"datePublished":"2023-05-17T20:40:07+00:00","dateModified":"2023-11-05T17:23:33+00:00","description":"Chez ZapaSky, vous trouverez les baskets que vous voulez \u00e0 un prix imbattable. Nous proposons des v\u00eatements, des accessoires et la mode actuelle de la meilleure qualit\u00e9 dans notre magasin.","breadcrumb":{"@id":"https:\/\/zapasky.com\/aviso-legal\/#breadcrumb"},"inLanguage":"fr-FR","potentialAction":[{"@type":"ReadAction","target":["https:\/\/zapasky.com\/aviso-legal\/"]}]},{"@type":"BreadcrumbList","@id":"https:\/\/zapasky.com\/aviso-legal\/#breadcrumb","itemListElement":[{"@type":"ListItem","position":1,"name":"Inicio","item":"https:\/\/zapasky.com\/"},{"@type":"ListItem","position":2,"name":"Aviso Legal"}]},{"@type":"WebSite","@id":"https:\/\/zapasky.com\/#website","url":"https:\/\/zapasky.com\/","name":"ZapaSky | Le paradis des baskets","description":"Chez ZapaSky, vous trouverez les baskets que vous voulez \u00e0 un prix imbattable. Nous proposons des v\u00eatements, des accessoires et la mode actuelle de la meilleure qualit\u00e9 dans notre magasin.","publisher":{"@id":"https:\/\/zapasky.com\/#organization"},"alternateName":"ZAPASKY","potentialAction":[{"@type":"SearchAction","target":{"@type":"EntryPoint","urlTemplate":"https:\/\/zapasky.com\/?s={search_term_string}"},"query-input":{"@type":"PropertyValueSpecification","valueRequired":true,"valueName":"search_term_string"}}],"inLanguage":"fr-FR"},{"@type":"Organization","@id":"https:\/\/zapasky.com\/#organization","name":"ZapaSky","url":"https:\/\/zapasky.com\/","logo":{"@type":"ImageObject","inLanguage":"fr-FR","@id":"https:\/\/zapasky.com\/#\/schema\/logo\/image\/","url":"https:\/\/zapasky.com\/wp-content\/uploads\/2023\/07\/Diseno-sin-titulo-3-fotor-bg-remover-2023062544226.png","contentUrl":"https:\/\/zapasky.com\/wp-content\/uploads\/2023\/07\/Diseno-sin-titulo-3-fotor-bg-remover-2023062544226.png","width":500,"height":500,"caption":"ZapaSky"},"image":{"@id":"https:\/\/zapasky.com\/#\/schema\/logo\/image\/"},"sameAs":["https:\/\/www.instagram.com\/zapasky\/","https:\/\/www.youtube.com\/@ZapaSky\/shorts","https:\/\/www.tiktok.com\/@zapasky"]}]}},"jetpack_sharing_enabled":true,"_links":{"self":[{"href":"https:\/\/zapasky.com\/fr\/wp-json\/wp\/v2\/pages\/2090","targetHints":{"allow":["GET"]}}],"collection":[{"href":"https:\/\/zapasky.com\/fr\/wp-json\/wp\/v2\/pages"}],"about":[{"href":"https:\/\/zapasky.com\/fr\/wp-json\/wp\/v2\/types\/page"}],"author":[{"embeddable":true,"href":"https:\/\/zapasky.com\/fr\/wp-json\/wp\/v2\/users\/1"}],"replies":[{"embeddable":true,"href":"https:\/\/zapasky.com\/fr\/wp-json\/wp\/v2\/comments?post=2090"}],"version-history":[{"count":15,"href":"https:\/\/zapasky.com\/fr\/wp-json\/wp\/v2\/pages\/2090\/revisions"}],"predecessor-version":[{"id":8901,"href":"https:\/\/zapasky.com\/fr\/wp-json\/wp\/v2\/pages\/2090\/revisions\/8901"}],"wp:attachment":[{"href":"https:\/\/zapasky.com\/fr\/wp-json\/wp\/v2\/media?parent=2090"}],"curies":[{"name":"wp","href":"https:\/\/api.w.org\/{rel}","templated":true}]}}