{"id":14125,"date":"2024-04-22T13:24:39","date_gmt":"2024-04-22T13:24:39","guid":{"rendered":"https:\/\/zapasky.com\/?post_type=product&#038;p=14125"},"modified":"2024-04-23T17:56:17","modified_gmt":"2024-04-23T17:56:17","slug":"adidas-yeezy-slide-brown","status":"publish","type":"product","link":"https:\/\/zapasky.com\/fr\/produit\/adidas-yeezy-slide-brown\/","title":{"rendered":"Adidas Yeezy Slide- Marron"},"content":{"rendered":"","protected":false},"excerpt":{"rendered":"<p>La Yeezy Slide est l'\u0153uvre du c\u00e9l\u00e8bre designer Kanye West, connu pour son style avant-gardiste et son amour de la mode urbaine. Ces chaussures offrent une version moderne de la sandale traditionnelle, avec une semelle \u00e9paisse et une tige en mousse souple pour un confort exceptionnel.<\/p>","protected":false},"featured_media":14123,"template":"","meta":[],"product_brand":[],"product_cat":[22,157,99],"product_tag":[],"class_list":{"0":"post-14125","1":"product","2":"type-product","3":"status-publish","4":"has-post-thumbnail","6":"product_cat-adidas","7":"product_cat-todas-las-zapatillas","8":"product_cat-yeezy-slide","10":"first","11":"instock","12":"sale","13":"shipping-taxable","14":"purchasable","15":"product-type-variable"},"yoast_head":"<!-- This site is optimized with the Yoast SEO plugin v27.5 - https:\/\/yoast.com\/product\/yoast-seo-wordpress\/ -->\n<title>Adidas Yeezy Slide- Brown<\/title>\n<meta name=\"description\" content=\"In ZapaSky you will find the sneakers you want at an unbeatable price. We offer clothing, accessories and current fashion of the best quality in our store.\" \/>\n<meta name=\"robots\" content=\"index, follow, max-snippet:-1, max-image-preview:large, max-video-preview:-1\" \/>\n<link rel=\"canonical\" href=\"https:\/\/zapasky.com\/fr\/produit\/adidas-yeezy-slide-brown\/\" \/>\n<meta property=\"og:locale\" content=\"fr_FR\" \/>\n<meta property=\"og:type\" content=\"article\" \/>\n<meta property=\"og:title\" content=\"Adidas Yeezy Slide- Brown\" \/>\n<meta property=\"og:description\" content=\"In ZapaSky you will find the sneakers you want at an unbeatable price. We offer clothing, accessories and current fashion of the best quality in our store.\" \/>\n<meta property=\"og:url\" content=\"https:\/\/zapasky.com\/fr\/produit\/adidas-yeezy-slide-brown\/\" \/>\n<meta property=\"og:site_name\" content=\"ZapaSky | The Sneakers Heaven\" \/>\n<meta property=\"article:modified_time\" content=\"2024-04-23T17:56:17+00:00\" \/>\n<meta property=\"og:image\" content=\"https:\/\/zapasky.com\/wp-content\/uploads\/2024\/04\/2-6.png\" \/>\n\t<meta property=\"og:image:width\" content=\"780\" \/>\n\t<meta property=\"og:image:height\" content=\"780\" \/>\n\t<meta property=\"og:image:type\" content=\"image\/png\" \/>\n<meta name=\"twitter:card\" content=\"summary_large_image\" \/>\n<meta name=\"twitter:label1\" content=\"Dur\u00e9e de lecture estim\u00e9e\" \/>\n\t<meta name=\"twitter:data1\" content=\"1 minute\" \/>\n<script type=\"application\/ld+json\" class=\"yoast-schema-graph\">{\"@context\":\"https:\\\/\\\/schema.org\",\"@graph\":[{\"@type\":\"WebPage\",\"@id\":\"https:\\\/\\\/zapasky.com\\\/producto\\\/adidas-yeezy-slide-brown\\\/\",\"url\":\"https:\\\/\\\/zapasky.com\\\/producto\\\/adidas-yeezy-slide-brown\\\/\",\"name\":\"Adidas Yeezy Slide- Brown\",\"isPartOf\":{\"@id\":\"https:\\\/\\\/zapasky.com\\\/#website\"},\"primaryImageOfPage\":{\"@id\":\"https:\\\/\\\/zapasky.com\\\/producto\\\/adidas-yeezy-slide-brown\\\/#primaryimage\"},\"image\":{\"@id\":\"https:\\\/\\\/zapasky.com\\\/producto\\\/adidas-yeezy-slide-brown\\\/#primaryimage\"},\"thumbnailUrl\":\"https:\\\/\\\/zapasky.com\\\/wp-content\\\/uploads\\\/2024\\\/04\\\/adidas-yeezy-slide-azure-1.png\",\"datePublished\":\"2024-04-22T13:24:39+00:00\",\"dateModified\":\"2024-04-23T17:56:17+00:00\",\"description\":\"In ZapaSky you will find the sneakers you want at an unbeatable price. We offer clothing, accessories and current fashion of the best quality in our store.\",\"breadcrumb\":{\"@id\":\"https:\\\/\\\/zapasky.com\\\/producto\\\/adidas-yeezy-slide-brown\\\/#breadcrumb\"},\"inLanguage\":\"fr-FR\",\"potentialAction\":[{\"@type\":\"ReadAction\",\"target\":[\"https:\\\/\\\/zapasky.com\\\/producto\\\/adidas-yeezy-slide-brown\\\/\"]}]},{\"@type\":\"ImageObject\",\"inLanguage\":\"fr-FR\",\"@id\":\"https:\\\/\\\/zapasky.com\\\/producto\\\/adidas-yeezy-slide-brown\\\/#primaryimage\",\"url\":\"https:\\\/\\\/zapasky.com\\\/wp-content\\\/uploads\\\/2024\\\/04\\\/adidas-yeezy-slide-azure-1.png\",\"contentUrl\":\"https:\\\/\\\/zapasky.com\\\/wp-content\\\/uploads\\\/2024\\\/04\\\/adidas-yeezy-slide-azure-1.png\",\"width\":780,\"height\":780},{\"@type\":\"BreadcrumbList\",\"@id\":\"https:\\\/\\\/zapasky.com\\\/producto\\\/adidas-yeezy-slide-brown\\\/#breadcrumb\",\"itemListElement\":[{\"@type\":\"ListItem\",\"position\":1,\"name\":\"Inicio\",\"item\":\"https:\\\/\\\/zapasky.com\\\/\"},{\"@type\":\"ListItem\",\"position\":2,\"name\":\"LAS ULTIMAS NOVEDADES\",\"item\":\"https:\\\/\\\/zapasky.com\\\/shop\\\/\"},{\"@type\":\"ListItem\",\"position\":3,\"name\":\"Adidas Yeezy Slide- Brown\"}]},{\"@type\":\"WebSite\",\"@id\":\"https:\\\/\\\/zapasky.com\\\/#website\",\"url\":\"https:\\\/\\\/zapasky.com\\\/\",\"name\":\"ZapaSky | The Sneakers Heaven\",\"description\":\"In ZapaSky you will find the sneakers you want at an unbeatable price. We offer clothing, accessories and current fashion of the best quality in our store.\",\"publisher\":{\"@id\":\"https:\\\/\\\/zapasky.com\\\/#organization\"},\"alternateName\":\"ZAPASKY\",\"potentialAction\":[{\"@type\":\"SearchAction\",\"target\":{\"@type\":\"EntryPoint\",\"urlTemplate\":\"https:\\\/\\\/zapasky.com\\\/?s={search_term_string}\"},\"query-input\":{\"@type\":\"PropertyValueSpecification\",\"valueRequired\":true,\"valueName\":\"search_term_string\"}}],\"inLanguage\":\"fr-FR\"},{\"@type\":\"Organization\",\"@id\":\"https:\\\/\\\/zapasky.com\\\/#organization\",\"name\":\"ZapaSky\",\"url\":\"https:\\\/\\\/zapasky.com\\\/\",\"logo\":{\"@type\":\"ImageObject\",\"inLanguage\":\"fr-FR\",\"@id\":\"https:\\\/\\\/zapasky.com\\\/#\\\/schema\\\/logo\\\/image\\\/\",\"url\":\"https:\\\/\\\/zapasky.com\\\/wp-content\\\/uploads\\\/2023\\\/07\\\/Diseno-sin-titulo-3-fotor-bg-remover-2023062544226.png\",\"contentUrl\":\"https:\\\/\\\/zapasky.com\\\/wp-content\\\/uploads\\\/2023\\\/07\\\/Diseno-sin-titulo-3-fotor-bg-remover-2023062544226.png\",\"width\":500,\"height\":500,\"caption\":\"ZapaSky\"},\"image\":{\"@id\":\"https:\\\/\\\/zapasky.com\\\/#\\\/schema\\\/logo\\\/image\\\/\"},\"sameAs\":[\"https:\\\/\\\/www.instagram.com\\\/zapasky\\\/\",\"https:\\\/\\\/www.youtube.com\\\/@ZapaSky\\\/shorts\",\"https:\\\/\\\/www.tiktok.com\\\/@zapasky\"]}]}<\/script>\n<!-- \/ Yoast SEO plugin. -->","yoast_head_json":{"title":"Adidas Yeezy Slide- Marron","description":"Chez ZapaSky, vous trouverez les baskets que vous voulez \u00e0 un prix imbattable. Nous proposons des v\u00eatements, des accessoires et la mode actuelle de la meilleure qualit\u00e9 dans notre magasin.","robots":{"index":"index","follow":"follow","max-snippet":"max-snippet:-1","max-image-preview":"max-image-preview:large","max-video-preview":"max-video-preview:-1"},"canonical":"https:\/\/zapasky.com\/fr\/produit\/adidas-yeezy-slide-brown\/","og_locale":"fr_FR","og_type":"article","og_title":"Adidas Yeezy Slide- Brown","og_description":"In ZapaSky you will find the sneakers you want at an unbeatable price. We offer clothing, accessories and current fashion of the best quality in our store.","og_url":"https:\/\/zapasky.com\/fr\/produit\/adidas-yeezy-slide-brown\/","og_site_name":"ZapaSky | The Sneakers Heaven","article_modified_time":"2024-04-23T17:56:17+00:00","og_image":[{"width":780,"height":780,"url":"https:\/\/zapasky.com\/wp-content\/uploads\/2024\/04\/2-6.png","type":"image\/png"}],"twitter_card":"summary_large_image","twitter_misc":{"Dur\u00e9e de lecture estim\u00e9e":"1 minute"},"schema":{"@context":"https:\/\/schema.org","@graph":[{"@type":"WebPage","@id":"https:\/\/zapasky.com\/producto\/adidas-yeezy-slide-brown\/","url":"https:\/\/zapasky.com\/producto\/adidas-yeezy-slide-brown\/","name":"Adidas Yeezy Slide- Marron","isPartOf":{"@id":"https:\/\/zapasky.com\/#website"},"primaryImageOfPage":{"@id":"https:\/\/zapasky.com\/producto\/adidas-yeezy-slide-brown\/#primaryimage"},"image":{"@id":"https:\/\/zapasky.com\/producto\/adidas-yeezy-slide-brown\/#primaryimage"},"thumbnailUrl":"https:\/\/zapasky.com\/wp-content\/uploads\/2024\/04\/adidas-yeezy-slide-azure-1.png","datePublished":"2024-04-22T13:24:39+00:00","dateModified":"2024-04-23T17:56:17+00:00","description":"Chez ZapaSky, vous trouverez les baskets que vous voulez \u00e0 un prix imbattable. Nous proposons des v\u00eatements, des accessoires et la mode actuelle de la meilleure qualit\u00e9 dans notre magasin.","breadcrumb":{"@id":"https:\/\/zapasky.com\/producto\/adidas-yeezy-slide-brown\/#breadcrumb"},"inLanguage":"fr-FR","potentialAction":[{"@type":"ReadAction","target":["https:\/\/zapasky.com\/producto\/adidas-yeezy-slide-brown\/"]}]},{"@type":"ImageObject","inLanguage":"fr-FR","@id":"https:\/\/zapasky.com\/producto\/adidas-yeezy-slide-brown\/#primaryimage","url":"https:\/\/zapasky.com\/wp-content\/uploads\/2024\/04\/adidas-yeezy-slide-azure-1.png","contentUrl":"https:\/\/zapasky.com\/wp-content\/uploads\/2024\/04\/adidas-yeezy-slide-azure-1.png","width":780,"height":780},{"@type":"BreadcrumbList","@id":"https:\/\/zapasky.com\/producto\/adidas-yeezy-slide-brown\/#breadcrumb","itemListElement":[{"@type":"ListItem","position":1,"name":"Inicio","item":"https:\/\/zapasky.com\/"},{"@type":"ListItem","position":2,"name":"LAS ULTIMAS NOVEDADES","item":"https:\/\/zapasky.com\/shop\/"},{"@type":"ListItem","position":3,"name":"Adidas Yeezy Slide- Brown"}]},{"@type":"WebSite","@id":"https:\/\/zapasky.com\/#website","url":"https:\/\/zapasky.com\/","name":"ZapaSky | Le paradis des baskets","description":"Chez ZapaSky, vous trouverez les baskets que vous voulez \u00e0 un prix imbattable. Nous proposons des v\u00eatements, des accessoires et la mode actuelle de la meilleure qualit\u00e9 dans notre magasin.","publisher":{"@id":"https:\/\/zapasky.com\/#organization"},"alternateName":"ZAPASKY","potentialAction":[{"@type":"SearchAction","target":{"@type":"EntryPoint","urlTemplate":"https:\/\/zapasky.com\/?s={search_term_string}"},"query-input":{"@type":"PropertyValueSpecification","valueRequired":true,"valueName":"search_term_string"}}],"inLanguage":"fr-FR"},{"@type":"Organization","@id":"https:\/\/zapasky.com\/#organization","name":"ZapaSky","url":"https:\/\/zapasky.com\/","logo":{"@type":"ImageObject","inLanguage":"fr-FR","@id":"https:\/\/zapasky.com\/#\/schema\/logo\/image\/","url":"https:\/\/zapasky.com\/wp-content\/uploads\/2023\/07\/Diseno-sin-titulo-3-fotor-bg-remover-2023062544226.png","contentUrl":"https:\/\/zapasky.com\/wp-content\/uploads\/2023\/07\/Diseno-sin-titulo-3-fotor-bg-remover-2023062544226.png","width":500,"height":500,"caption":"ZapaSky"},"image":{"@id":"https:\/\/zapasky.com\/#\/schema\/logo\/image\/"},"sameAs":["https:\/\/www.instagram.com\/zapasky\/","https:\/\/www.youtube.com\/@ZapaSky\/shorts","https:\/\/www.tiktok.com\/@zapasky"]}]}},"jetpack_sharing_enabled":true,"_links":{"self":[{"href":"https:\/\/zapasky.com\/fr\/wp-json\/wp\/v2\/product\/14125","targetHints":{"allow":["GET"]}}],"collection":[{"href":"https:\/\/zapasky.com\/fr\/wp-json\/wp\/v2\/product"}],"about":[{"href":"https:\/\/zapasky.com\/fr\/wp-json\/wp\/v2\/types\/product"}],"wp:featuredmedia":[{"embeddable":true,"href":"https:\/\/zapasky.com\/fr\/wp-json\/wp\/v2\/media\/14123"}],"wp:attachment":[{"href":"https:\/\/zapasky.com\/fr\/wp-json\/wp\/v2\/media?parent=14125"}],"wp:term":[{"taxonomy":"product_brand","embeddable":true,"href":"https:\/\/zapasky.com\/fr\/wp-json\/wp\/v2\/product_brand?post=14125"},{"taxonomy":"product_cat","embeddable":true,"href":"https:\/\/zapasky.com\/fr\/wp-json\/wp\/v2\/product_cat?post=14125"},{"taxonomy":"product_tag","embeddable":true,"href":"https:\/\/zapasky.com\/fr\/wp-json\/wp\/v2\/product_tag?post=14125"}],"curies":[{"name":"wp","href":"https:\/\/api.w.org\/{rel}","templated":true}]}}