{"id":6031,"date":"2023-06-21T20:06:41","date_gmt":"2023-06-21T20:06:41","guid":{"rendered":"https:\/\/zapasky.com\/?post_type=product&#038;p=6031"},"modified":"2024-04-20T21:49:51","modified_gmt":"2024-04-20T21:49:51","slug":"yeezy-foam-runner-2","status":"publish","type":"product","link":"https:\/\/zapasky.com\/fr\/produit\/yeezy-foam-runner-2\/","title":{"rendered":"Yeezy Foam Runner - Cr\u00e8me"},"content":{"rendered":"","protected":false},"excerpt":{"rendered":"<p>La Yeezy Foam RNNR est une chaussure de sport au style innovant, id\u00e9ale pour ceux qui recherchent une chaussure unique et moderne. Con\u00e7ues par Kanye West, ces baskets sont dot\u00e9es d'une semelle en mousse pour le confort et d'une tige en maille respirante pour l'a\u00e9ration.<\/p>","protected":false},"featured_media":7816,"template":"","meta":[],"product_brand":[],"product_cat":[102],"product_tag":[],"class_list":{"0":"post-6031","1":"product","2":"type-product","3":"status-publish","4":"has-post-thumbnail","6":"product_cat-yeezy-foam-runner","8":"first","9":"instock","10":"sale","11":"shipping-taxable","12":"purchasable","13":"product-type-variable"},"yoast_head":"<!-- This site is optimized with the Yoast SEO plugin v27.4 - https:\/\/yoast.com\/product\/yoast-seo-wordpress\/ -->\n<title>Yeezy Foam Runner - Cream<\/title>\n<meta name=\"description\" content=\"In ZapaSky you will find the sneakers you want at an unbeatable price. We offer clothing, accessories and current fashion of the best quality in our store.\" \/>\n<meta name=\"robots\" content=\"index, follow, max-snippet:-1, max-image-preview:large, max-video-preview:-1\" \/>\n<link rel=\"canonical\" href=\"https:\/\/zapasky.com\/fr\/produit\/yeezy-foam-runner-2\/\" \/>\n<meta property=\"og:locale\" content=\"fr_FR\" \/>\n<meta property=\"og:type\" content=\"article\" \/>\n<meta property=\"og:title\" content=\"Yeezy Foam Runner - Cream\" \/>\n<meta property=\"og:description\" content=\"In ZapaSky you will find the sneakers you want at an unbeatable price. We offer clothing, accessories and current fashion of the best quality in our store.\" \/>\n<meta property=\"og:url\" content=\"https:\/\/zapasky.com\/fr\/produit\/yeezy-foam-runner-2\/\" \/>\n<meta property=\"og:site_name\" content=\"ZapaSky | The Sneakers Heaven\" \/>\n<meta property=\"article:modified_time\" content=\"2024-04-20T21:49:51+00:00\" \/>\n<meta property=\"og:image\" content=\"https:\/\/zapasky.com\/wp-content\/uploads\/2023\/06\/foam-runner-cream-1.png\" \/>\n\t<meta property=\"og:image:width\" content=\"780\" \/>\n\t<meta property=\"og:image:height\" content=\"780\" \/>\n\t<meta property=\"og:image:type\" content=\"image\/png\" \/>\n<meta name=\"twitter:card\" content=\"summary_large_image\" \/>\n<meta name=\"twitter:label1\" content=\"Dur\u00e9e de lecture estim\u00e9e\" \/>\n\t<meta name=\"twitter:data1\" content=\"1 minute\" \/>\n<script type=\"application\/ld+json\" class=\"yoast-schema-graph\">{\"@context\":\"https:\\\/\\\/schema.org\",\"@graph\":[{\"@type\":\"WebPage\",\"@id\":\"https:\\\/\\\/zapasky.com\\\/producto\\\/yeezy-foam-runner-2\\\/\",\"url\":\"https:\\\/\\\/zapasky.com\\\/producto\\\/yeezy-foam-runner-2\\\/\",\"name\":\"Yeezy Foam Runner - Cream\",\"isPartOf\":{\"@id\":\"https:\\\/\\\/zapasky.com\\\/#website\"},\"primaryImageOfPage\":{\"@id\":\"https:\\\/\\\/zapasky.com\\\/producto\\\/yeezy-foam-runner-2\\\/#primaryimage\"},\"image\":{\"@id\":\"https:\\\/\\\/zapasky.com\\\/producto\\\/yeezy-foam-runner-2\\\/#primaryimage\"},\"thumbnailUrl\":\"https:\\\/\\\/zapasky.com\\\/wp-content\\\/uploads\\\/2023\\\/06\\\/foam-runner-cream-1.png\",\"datePublished\":\"2023-06-21T20:06:41+00:00\",\"dateModified\":\"2024-04-20T21:49:51+00:00\",\"description\":\"In ZapaSky you will find the sneakers you want at an unbeatable price. We offer clothing, accessories and current fashion of the best quality in our store.\",\"breadcrumb\":{\"@id\":\"https:\\\/\\\/zapasky.com\\\/producto\\\/yeezy-foam-runner-2\\\/#breadcrumb\"},\"inLanguage\":\"fr-FR\",\"potentialAction\":[{\"@type\":\"ReadAction\",\"target\":[\"https:\\\/\\\/zapasky.com\\\/producto\\\/yeezy-foam-runner-2\\\/\"]}]},{\"@type\":\"ImageObject\",\"inLanguage\":\"fr-FR\",\"@id\":\"https:\\\/\\\/zapasky.com\\\/producto\\\/yeezy-foam-runner-2\\\/#primaryimage\",\"url\":\"https:\\\/\\\/zapasky.com\\\/wp-content\\\/uploads\\\/2023\\\/06\\\/foam-runner-cream-1.png\",\"contentUrl\":\"https:\\\/\\\/zapasky.com\\\/wp-content\\\/uploads\\\/2023\\\/06\\\/foam-runner-cream-1.png\",\"width\":780,\"height\":780},{\"@type\":\"BreadcrumbList\",\"@id\":\"https:\\\/\\\/zapasky.com\\\/producto\\\/yeezy-foam-runner-2\\\/#breadcrumb\",\"itemListElement\":[{\"@type\":\"ListItem\",\"position\":1,\"name\":\"Inicio\",\"item\":\"https:\\\/\\\/zapasky.com\\\/\"},{\"@type\":\"ListItem\",\"position\":2,\"name\":\"LAS ULTIMAS NOVEDADES\",\"item\":\"https:\\\/\\\/zapasky.com\\\/shop\\\/\"},{\"@type\":\"ListItem\",\"position\":3,\"name\":\"Yeezy Foam Runner &#8211; Cream\"}]},{\"@type\":\"WebSite\",\"@id\":\"https:\\\/\\\/zapasky.com\\\/#website\",\"url\":\"https:\\\/\\\/zapasky.com\\\/\",\"name\":\"ZapaSky | The Sneakers Heaven\",\"description\":\"In ZapaSky you will find the sneakers you want at an unbeatable price. We offer clothing, accessories and current fashion of the best quality in our store.\",\"publisher\":{\"@id\":\"https:\\\/\\\/zapasky.com\\\/#organization\"},\"alternateName\":\"ZAPASKY\",\"potentialAction\":[{\"@type\":\"SearchAction\",\"target\":{\"@type\":\"EntryPoint\",\"urlTemplate\":\"https:\\\/\\\/zapasky.com\\\/?s={search_term_string}\"},\"query-input\":{\"@type\":\"PropertyValueSpecification\",\"valueRequired\":true,\"valueName\":\"search_term_string\"}}],\"inLanguage\":\"fr-FR\"},{\"@type\":\"Organization\",\"@id\":\"https:\\\/\\\/zapasky.com\\\/#organization\",\"name\":\"ZapaSky\",\"url\":\"https:\\\/\\\/zapasky.com\\\/\",\"logo\":{\"@type\":\"ImageObject\",\"inLanguage\":\"fr-FR\",\"@id\":\"https:\\\/\\\/zapasky.com\\\/#\\\/schema\\\/logo\\\/image\\\/\",\"url\":\"https:\\\/\\\/zapasky.com\\\/wp-content\\\/uploads\\\/2023\\\/07\\\/Diseno-sin-titulo-3-fotor-bg-remover-2023062544226.png\",\"contentUrl\":\"https:\\\/\\\/zapasky.com\\\/wp-content\\\/uploads\\\/2023\\\/07\\\/Diseno-sin-titulo-3-fotor-bg-remover-2023062544226.png\",\"width\":500,\"height\":500,\"caption\":\"ZapaSky\"},\"image\":{\"@id\":\"https:\\\/\\\/zapasky.com\\\/#\\\/schema\\\/logo\\\/image\\\/\"},\"sameAs\":[\"https:\\\/\\\/www.instagram.com\\\/zapasky\\\/\",\"https:\\\/\\\/www.youtube.com\\\/@ZapaSky\\\/shorts\",\"https:\\\/\\\/www.tiktok.com\\\/@zapasky\"]}]}<\/script>\n<!-- \/ Yoast SEO plugin. -->","yoast_head_json":{"title":"Yeezy Foam Runner - Cr\u00e8me","description":"Chez ZapaSky, vous trouverez les baskets que vous voulez \u00e0 un prix imbattable. Nous proposons des v\u00eatements, des accessoires et la mode actuelle de la meilleure qualit\u00e9 dans notre magasin.","robots":{"index":"index","follow":"follow","max-snippet":"max-snippet:-1","max-image-preview":"max-image-preview:large","max-video-preview":"max-video-preview:-1"},"canonical":"https:\/\/zapasky.com\/fr\/produit\/yeezy-foam-runner-2\/","og_locale":"fr_FR","og_type":"article","og_title":"Yeezy Foam Runner - Cream","og_description":"In ZapaSky you will find the sneakers you want at an unbeatable price. We offer clothing, accessories and current fashion of the best quality in our store.","og_url":"https:\/\/zapasky.com\/fr\/produit\/yeezy-foam-runner-2\/","og_site_name":"ZapaSky | The Sneakers Heaven","article_modified_time":"2024-04-20T21:49:51+00:00","og_image":[{"width":780,"height":780,"url":"https:\/\/zapasky.com\/wp-content\/uploads\/2023\/06\/foam-runner-cream-1.png","type":"image\/png"}],"twitter_card":"summary_large_image","twitter_misc":{"Dur\u00e9e de lecture estim\u00e9e":"1 minute"},"schema":{"@context":"https:\/\/schema.org","@graph":[{"@type":"WebPage","@id":"https:\/\/zapasky.com\/producto\/yeezy-foam-runner-2\/","url":"https:\/\/zapasky.com\/producto\/yeezy-foam-runner-2\/","name":"Yeezy Foam Runner - Cr\u00e8me","isPartOf":{"@id":"https:\/\/zapasky.com\/#website"},"primaryImageOfPage":{"@id":"https:\/\/zapasky.com\/producto\/yeezy-foam-runner-2\/#primaryimage"},"image":{"@id":"https:\/\/zapasky.com\/producto\/yeezy-foam-runner-2\/#primaryimage"},"thumbnailUrl":"https:\/\/zapasky.com\/wp-content\/uploads\/2023\/06\/foam-runner-cream-1.png","datePublished":"2023-06-21T20:06:41+00:00","dateModified":"2024-04-20T21:49:51+00:00","description":"Chez ZapaSky, vous trouverez les baskets que vous voulez \u00e0 un prix imbattable. Nous proposons des v\u00eatements, des accessoires et la mode actuelle de la meilleure qualit\u00e9 dans notre magasin.","breadcrumb":{"@id":"https:\/\/zapasky.com\/producto\/yeezy-foam-runner-2\/#breadcrumb"},"inLanguage":"fr-FR","potentialAction":[{"@type":"ReadAction","target":["https:\/\/zapasky.com\/producto\/yeezy-foam-runner-2\/"]}]},{"@type":"ImageObject","inLanguage":"fr-FR","@id":"https:\/\/zapasky.com\/producto\/yeezy-foam-runner-2\/#primaryimage","url":"https:\/\/zapasky.com\/wp-content\/uploads\/2023\/06\/foam-runner-cream-1.png","contentUrl":"https:\/\/zapasky.com\/wp-content\/uploads\/2023\/06\/foam-runner-cream-1.png","width":780,"height":780},{"@type":"BreadcrumbList","@id":"https:\/\/zapasky.com\/producto\/yeezy-foam-runner-2\/#breadcrumb","itemListElement":[{"@type":"ListItem","position":1,"name":"Inicio","item":"https:\/\/zapasky.com\/"},{"@type":"ListItem","position":2,"name":"LAS ULTIMAS NOVEDADES","item":"https:\/\/zapasky.com\/shop\/"},{"@type":"ListItem","position":3,"name":"Yeezy Foam Runner &#8211; Cream"}]},{"@type":"WebSite","@id":"https:\/\/zapasky.com\/#website","url":"https:\/\/zapasky.com\/","name":"ZapaSky | Le paradis des baskets","description":"Chez ZapaSky, vous trouverez les baskets que vous voulez \u00e0 un prix imbattable. Nous proposons des v\u00eatements, des accessoires et la mode actuelle de la meilleure qualit\u00e9 dans notre magasin.","publisher":{"@id":"https:\/\/zapasky.com\/#organization"},"alternateName":"ZAPASKY","potentialAction":[{"@type":"SearchAction","target":{"@type":"EntryPoint","urlTemplate":"https:\/\/zapasky.com\/?s={search_term_string}"},"query-input":{"@type":"PropertyValueSpecification","valueRequired":true,"valueName":"search_term_string"}}],"inLanguage":"fr-FR"},{"@type":"Organization","@id":"https:\/\/zapasky.com\/#organization","name":"ZapaSky","url":"https:\/\/zapasky.com\/","logo":{"@type":"ImageObject","inLanguage":"fr-FR","@id":"https:\/\/zapasky.com\/#\/schema\/logo\/image\/","url":"https:\/\/zapasky.com\/wp-content\/uploads\/2023\/07\/Diseno-sin-titulo-3-fotor-bg-remover-2023062544226.png","contentUrl":"https:\/\/zapasky.com\/wp-content\/uploads\/2023\/07\/Diseno-sin-titulo-3-fotor-bg-remover-2023062544226.png","width":500,"height":500,"caption":"ZapaSky"},"image":{"@id":"https:\/\/zapasky.com\/#\/schema\/logo\/image\/"},"sameAs":["https:\/\/www.instagram.com\/zapasky\/","https:\/\/www.youtube.com\/@ZapaSky\/shorts","https:\/\/www.tiktok.com\/@zapasky"]}]}},"jetpack_sharing_enabled":true,"_links":{"self":[{"href":"https:\/\/zapasky.com\/fr\/wp-json\/wp\/v2\/product\/6031","targetHints":{"allow":["GET"]}}],"collection":[{"href":"https:\/\/zapasky.com\/fr\/wp-json\/wp\/v2\/product"}],"about":[{"href":"https:\/\/zapasky.com\/fr\/wp-json\/wp\/v2\/types\/product"}],"wp:featuredmedia":[{"embeddable":true,"href":"https:\/\/zapasky.com\/fr\/wp-json\/wp\/v2\/media\/7816"}],"wp:attachment":[{"href":"https:\/\/zapasky.com\/fr\/wp-json\/wp\/v2\/media?parent=6031"}],"wp:term":[{"taxonomy":"product_brand","embeddable":true,"href":"https:\/\/zapasky.com\/fr\/wp-json\/wp\/v2\/product_brand?post=6031"},{"taxonomy":"product_cat","embeddable":true,"href":"https:\/\/zapasky.com\/fr\/wp-json\/wp\/v2\/product_cat?post=6031"},{"taxonomy":"product_tag","embeddable":true,"href":"https:\/\/zapasky.com\/fr\/wp-json\/wp\/v2\/product_tag?post=6031"}],"curies":[{"name":"wp","href":"https:\/\/api.w.org\/{rel}","templated":true}]}}