{"id":13007,"date":"2024-03-15T20:41:04","date_gmt":"2024-03-15T20:41:04","guid":{"rendered":"https:\/\/zapasky.com\/?page_id=13007"},"modified":"2024-12-18T16:33:38","modified_gmt":"2024-12-18T16:33:38","slug":"shipping-help","status":"publish","type":"page","link":"https:\/\/zapasky.com\/it\/shipping-help\/","title":{"rendered":"SULLA SPEDIZIONE"},"content":{"rendered":"<h2 class=\"wp-block-heading has-palette-color-4-color has-text-color has-link-color wp-elements-d8cb89d0d0b3405c4eaec33fed3e0b4f\" style=\"font-size:clamp(23.043px, 1.44rem + ((1vw - 3.2px) * 1.169), 38px);\">Come viene elaborato un ordine.<\/h2>\n\n\n\n<p>1. Il pagamento viene effettuato con carta di credito (immediatamente)<\/p>\n\n\n\n<p>2. Il pagamento viene elaborato (istantaneamente)<\/p>\n\n\n\n<p>3. Elaborazione dell'ordine (massimo 3 giorni)<\/p>\n\n\n\n<p>4. La Posta Internazionale \u00e8 responsabile dell'invio del pacco a destinazione entro 7-15 giorni lavorativi (varia a seconda del metodo di spedizione scelto)<\/p>\n\n\n\n<p>Le consegne possono subire lievi ritardi a causa di festivit\u00e0 o ricorrenze particolari. <\/p>\n\n\n\n<h2 class=\"wp-block-heading has-palette-color-4-color has-text-color has-link-color wp-elements-3bff2324e6c2e41fe557663241d673b4\" style=\"font-size:clamp(23.043px, 1.44rem + ((1vw - 3.2px) * 1.169), 38px);\">Domande frequenti:<\/h2>\n\n\n\n<div style=\"height:10px\" aria-hidden=\"true\" class=\"wp-block-spacer\"><\/div>\n\n\n\n<p><strong>+Cosa succede se non mi trovo nel luogo di consegna indicato quando il corriere mi porta il pacco?<\/strong><\/p>\n\n\n\n<p>L'azienda postale lascer\u00e0 un foglio di avviso nella cassetta delle lettere e il giorno successivo potrete ritirarlo presso l'ufficio postale pi\u00f9 vicino indicato sullo stesso foglio.<\/p>\n\n\n\n<p><strong>+Cosa succede se non ritiro il pacco in tempo?<\/strong><\/p>\n\n\n\n<p>Se il pacco non viene ritirato entro il termine stabilito dal corriere, verr\u00e0 applicato un addebito di 25 euro per coprire le spese di spedizione e gestione del pacco. Tale addebito verr\u00e0 detratto dall'importo totale da rimborsare in caso di restituzione. Questa misura \u00e8 prevista dalla Legge sui contratti di trasporto (Legge 15\/2009), che regola gli obblighi del vettore e del destinatario.<\/p>\n\n\n\n<p><strong>+E se ho ricevuto un rimborso per il mio ordine, ma ora voglio acquistare di nuovo le stesse scarpe?<\/strong><\/p>\n\n\n\n<p>Siamo consapevoli del fatto che desideriate acquistare nuovamente le nostre scarpe. Una volta ricevuto ed elaborato il suo reso, potr\u00e0 effettuare un nuovo ordine come qualsiasi altro cliente.<\/p>\n\n\n\n<p><strong>+Cosa succede se il mio ordine \u00e8 in ritardo e non \u00e8 arrivato?<\/strong><\/p>\n\n\n\n<p>Nel caso eccezionale in cui l'ordine non arrivi entro 50-55 giorni lavorativi, il cliente pu\u00f2 comunicarcelo via e-mail e il nostro team finanziario provveder\u00e0 a rimborsare l'intero importo pagato o, se il cliente preferisce, a rispedire l'ordine o gli ordini senza costi aggiuntivi.<\/p>\n\n\n\n<div style=\"height:30px\" aria-hidden=\"true\" class=\"wp-block-spacer\"><\/div>\n\n\n\n<p><strong>Se avete ulteriori domande, contattateci e saremo lieti di aiutarvi.<\/strong><\/p>\n\n\n\n<p><\/p>","protected":false},"excerpt":{"rendered":"<p>Como se realiza el proceso de un pedido. 1. Se realiza el pago v\u00eda Tarjeta de Cr\u00e9dito. (Al instante) 2. Se procesa el pago. (Al instante) 3. Procesamos tu pedido. (plazo m\u00e1ximo de 3 d\u00edas) 4. Correos Internacional es el encargado de enviar el paquete a su destino en un plazo de 7-15 d\u00edas h\u00e1biles. [&hellip;]<\/p>\n","protected":false},"author":6,"featured_media":0,"parent":0,"menu_order":0,"comment_status":"closed","ping_status":"closed","template":"","meta":{"footnotes":""},"class_list":["post-13007","page","type-page","status-publish","hentry"],"blocksy_meta":[],"yoast_head":"<!-- This site is optimized with the Yoast SEO plugin v27.3 - https:\/\/yoast.com\/product\/yoast-seo-wordpress\/ -->\n<title>About Shipping | ZapaSky | The Sneakers Heaven<\/title>\n<meta name=\"description\" content=\"In ZapaSky you will find the sneakers you want at an unbeatable price. We offer clothing, accessories and current fashion of the best quality in our store.\" \/>\n<meta name=\"robots\" content=\"index, follow, max-snippet:-1, max-image-preview:large, max-video-preview:-1\" \/>\n<link rel=\"canonical\" href=\"https:\/\/zapasky.com\/it\/shipping-help\/\" \/>\n<meta property=\"og:locale\" content=\"it_IT\" \/>\n<meta property=\"og:type\" content=\"article\" \/>\n<meta property=\"og:title\" content=\"About Shipping | ZapaSky | The Sneakers Heaven\" \/>\n<meta property=\"og:description\" content=\"In ZapaSky you will find the sneakers you want at an unbeatable price. We offer clothing, accessories and current fashion of the best quality in our store.\" \/>\n<meta property=\"og:url\" content=\"https:\/\/zapasky.com\/it\/shipping-help\/\" \/>\n<meta property=\"og:site_name\" content=\"ZapaSky | The Sneakers Heaven\" \/>\n<meta property=\"article:modified_time\" content=\"2024-12-18T16:33:38+00:00\" \/>\n<meta property=\"og:image\" content=\"https:\/\/zapasky.com\/wp-content\/uploads\/2023\/11\/ns.jpg\" \/>\n\t<meta property=\"og:image:width\" content=\"1200\" \/>\n\t<meta property=\"og:image:height\" content=\"675\" \/>\n\t<meta property=\"og:image:type\" content=\"image\/jpeg\" \/>\n<meta name=\"twitter:card\" content=\"summary_large_image\" \/>\n<meta name=\"twitter:label1\" content=\"Tempo di lettura stimato\" \/>\n\t<meta name=\"twitter:data1\" content=\"2 minuti\" \/>\n<script type=\"application\/ld+json\" class=\"yoast-schema-graph\">{\"@context\":\"https:\\\/\\\/schema.org\",\"@graph\":[{\"@type\":\"WebPage\",\"@id\":\"https:\\\/\\\/zapasky.com\\\/shipping-help\\\/\",\"url\":\"https:\\\/\\\/zapasky.com\\\/shipping-help\\\/\",\"name\":\"About Shipping | ZapaSky | The Sneakers Heaven\",\"isPartOf\":{\"@id\":\"https:\\\/\\\/zapasky.com\\\/#website\"},\"datePublished\":\"2024-03-15T20:41:04+00:00\",\"dateModified\":\"2024-12-18T16:33:38+00:00\",\"description\":\"In ZapaSky you will find the sneakers you want at an unbeatable price. We offer clothing, accessories and current fashion of the best quality in our store.\",\"breadcrumb\":{\"@id\":\"https:\\\/\\\/zapasky.com\\\/shipping-help\\\/#breadcrumb\"},\"inLanguage\":\"it-IT\",\"potentialAction\":[{\"@type\":\"ReadAction\",\"target\":[\"https:\\\/\\\/zapasky.com\\\/shipping-help\\\/\"]}]},{\"@type\":\"BreadcrumbList\",\"@id\":\"https:\\\/\\\/zapasky.com\\\/shipping-help\\\/#breadcrumb\",\"itemListElement\":[{\"@type\":\"ListItem\",\"position\":1,\"name\":\"Inicio\",\"item\":\"https:\\\/\\\/zapasky.com\\\/\"},{\"@type\":\"ListItem\",\"position\":2,\"name\":\"SOBRE EL ENV\u00cdO\"}]},{\"@type\":\"WebSite\",\"@id\":\"https:\\\/\\\/zapasky.com\\\/#website\",\"url\":\"https:\\\/\\\/zapasky.com\\\/\",\"name\":\"ZapaSky | The Sneakers Heaven\",\"description\":\"In ZapaSky you will find the sneakers you want at an unbeatable price. We offer clothing, accessories and current fashion of the best quality in our store.\",\"publisher\":{\"@id\":\"https:\\\/\\\/zapasky.com\\\/#organization\"},\"alternateName\":\"ZAPASKY\",\"potentialAction\":[{\"@type\":\"SearchAction\",\"target\":{\"@type\":\"EntryPoint\",\"urlTemplate\":\"https:\\\/\\\/zapasky.com\\\/?s={search_term_string}\"},\"query-input\":{\"@type\":\"PropertyValueSpecification\",\"valueRequired\":true,\"valueName\":\"search_term_string\"}}],\"inLanguage\":\"it-IT\"},{\"@type\":\"Organization\",\"@id\":\"https:\\\/\\\/zapasky.com\\\/#organization\",\"name\":\"ZapaSky\",\"url\":\"https:\\\/\\\/zapasky.com\\\/\",\"logo\":{\"@type\":\"ImageObject\",\"inLanguage\":\"it-IT\",\"@id\":\"https:\\\/\\\/zapasky.com\\\/#\\\/schema\\\/logo\\\/image\\\/\",\"url\":\"https:\\\/\\\/zapasky.com\\\/wp-content\\\/uploads\\\/2023\\\/07\\\/Diseno-sin-titulo-3-fotor-bg-remover-2023062544226.png\",\"contentUrl\":\"https:\\\/\\\/zapasky.com\\\/wp-content\\\/uploads\\\/2023\\\/07\\\/Diseno-sin-titulo-3-fotor-bg-remover-2023062544226.png\",\"width\":500,\"height\":500,\"caption\":\"ZapaSky\"},\"image\":{\"@id\":\"https:\\\/\\\/zapasky.com\\\/#\\\/schema\\\/logo\\\/image\\\/\"},\"sameAs\":[\"https:\\\/\\\/www.instagram.com\\\/zapasky\\\/\",\"https:\\\/\\\/www.youtube.com\\\/@ZapaSky\\\/shorts\",\"https:\\\/\\\/www.tiktok.com\\\/@zapasky\"]}]}<\/script>\n<!-- \/ Yoast SEO plugin. -->","yoast_head_json":{"title":"About Shipping | ZapaSky | The Sneakers Heaven","description":"In ZapaSky troverete le sneakers che desiderate a un prezzo imbattibile. Nel nostro negozio offriamo abbigliamento, accessori e moda attuale della migliore qualit\u00e0.","robots":{"index":"index","follow":"follow","max-snippet":"max-snippet:-1","max-image-preview":"max-image-preview:large","max-video-preview":"max-video-preview:-1"},"canonical":"https:\/\/zapasky.com\/it\/shipping-help\/","og_locale":"it_IT","og_type":"article","og_title":"About Shipping | ZapaSky | The Sneakers Heaven","og_description":"In ZapaSky you will find the sneakers you want at an unbeatable price. We offer clothing, accessories and current fashion of the best quality in our store.","og_url":"https:\/\/zapasky.com\/it\/shipping-help\/","og_site_name":"ZapaSky | The Sneakers Heaven","article_modified_time":"2024-12-18T16:33:38+00:00","og_image":[{"width":1200,"height":675,"url":"https:\/\/zapasky.com\/wp-content\/uploads\/2023\/11\/ns.jpg","type":"image\/jpeg"}],"twitter_card":"summary_large_image","twitter_misc":{"Tempo di lettura stimato":"2 minuti"},"schema":{"@context":"https:\/\/schema.org","@graph":[{"@type":"WebPage","@id":"https:\/\/zapasky.com\/shipping-help\/","url":"https:\/\/zapasky.com\/shipping-help\/","name":"About Shipping | ZapaSky | The Sneakers Heaven","isPartOf":{"@id":"https:\/\/zapasky.com\/#website"},"datePublished":"2024-03-15T20:41:04+00:00","dateModified":"2024-12-18T16:33:38+00:00","description":"In ZapaSky troverete le sneakers che desiderate a un prezzo imbattibile. Nel nostro negozio offriamo abbigliamento, accessori e moda attuale della migliore qualit\u00e0.","breadcrumb":{"@id":"https:\/\/zapasky.com\/shipping-help\/#breadcrumb"},"inLanguage":"it-IT","potentialAction":[{"@type":"ReadAction","target":["https:\/\/zapasky.com\/shipping-help\/"]}]},{"@type":"BreadcrumbList","@id":"https:\/\/zapasky.com\/shipping-help\/#breadcrumb","itemListElement":[{"@type":"ListItem","position":1,"name":"Inicio","item":"https:\/\/zapasky.com\/"},{"@type":"ListItem","position":2,"name":"SOBRE EL ENV\u00cdO"}]},{"@type":"WebSite","@id":"https:\/\/zapasky.com\/#website","url":"https:\/\/zapasky.com\/","name":"ZapaSky | Il paradiso delle scarpe da ginnastica","description":"In ZapaSky troverete le sneakers che desiderate a un prezzo imbattibile. Nel nostro negozio offriamo abbigliamento, accessori e moda attuale della migliore qualit\u00e0.","publisher":{"@id":"https:\/\/zapasky.com\/#organization"},"alternateName":"ZAPASKY","potentialAction":[{"@type":"SearchAction","target":{"@type":"EntryPoint","urlTemplate":"https:\/\/zapasky.com\/?s={search_term_string}"},"query-input":{"@type":"PropertyValueSpecification","valueRequired":true,"valueName":"search_term_string"}}],"inLanguage":"it-IT"},{"@type":"Organization","@id":"https:\/\/zapasky.com\/#organization","name":"ZapaSky","url":"https:\/\/zapasky.com\/","logo":{"@type":"ImageObject","inLanguage":"it-IT","@id":"https:\/\/zapasky.com\/#\/schema\/logo\/image\/","url":"https:\/\/zapasky.com\/wp-content\/uploads\/2023\/07\/Diseno-sin-titulo-3-fotor-bg-remover-2023062544226.png","contentUrl":"https:\/\/zapasky.com\/wp-content\/uploads\/2023\/07\/Diseno-sin-titulo-3-fotor-bg-remover-2023062544226.png","width":500,"height":500,"caption":"ZapaSky"},"image":{"@id":"https:\/\/zapasky.com\/#\/schema\/logo\/image\/"},"sameAs":["https:\/\/www.instagram.com\/zapasky\/","https:\/\/www.youtube.com\/@ZapaSky\/shorts","https:\/\/www.tiktok.com\/@zapasky"]}]}},"jetpack_sharing_enabled":true,"_links":{"self":[{"href":"https:\/\/zapasky.com\/it\/wp-json\/wp\/v2\/pages\/13007","targetHints":{"allow":["GET"]}}],"collection":[{"href":"https:\/\/zapasky.com\/it\/wp-json\/wp\/v2\/pages"}],"about":[{"href":"https:\/\/zapasky.com\/it\/wp-json\/wp\/v2\/types\/page"}],"author":[{"embeddable":true,"href":"https:\/\/zapasky.com\/it\/wp-json\/wp\/v2\/users\/6"}],"replies":[{"embeddable":true,"href":"https:\/\/zapasky.com\/it\/wp-json\/wp\/v2\/comments?post=13007"}],"version-history":[{"count":8,"href":"https:\/\/zapasky.com\/it\/wp-json\/wp\/v2\/pages\/13007\/revisions"}],"predecessor-version":[{"id":28088,"href":"https:\/\/zapasky.com\/it\/wp-json\/wp\/v2\/pages\/13007\/revisions\/28088"}],"wp:attachment":[{"href":"https:\/\/zapasky.com\/it\/wp-json\/wp\/v2\/media?parent=13007"}],"curies":[{"name":"wp","href":"https:\/\/api.w.org\/{rel}","templated":true}]}}