{"id":2086,"date":"2023-05-17T20:39:53","date_gmt":"2023-05-17T20:39:53","guid":{"rendered":"https:\/\/zapasky.com\/?page_id=2086"},"modified":"2023-11-05T17:50:48","modified_gmt":"2023-11-05T17:50:48","slug":"politicas-de-privacidad","status":"publish","type":"page","link":"https:\/\/zapasky.com\/it\/politicas-de-privacidad\/","title":{"rendered":"Informativa sulla privacy"},"content":{"rendered":"<h3 class=\"wp-block-heading\">I. POLITICA SULLA PRIVACY E SULLA PROTEZIONE DEI DATI<\/h3>\n\n\n\n<p>In conformit\u00e0 alla normativa vigente, Zapasky.com (di seguito anche il Sito) si impegna ad adottare le misure tecniche e organizzative necessarie, secondo un livello di sicurezza adeguato al rischio dei dati raccolti.<\/p>\n\n\n\n<h4 class=\"wp-block-heading\">Leggi incorporate nella presente informativa sulla privacy<\/h4>\n\n\n\n<p>La presente informativa sulla privacy si adegua alla legislazione spagnola ed europea vigente in materia di protezione dei dati personali su Internet. In particolare, rispetta le seguenti regole:<\/p>\n\n\n\n<ul class=\"wp-block-list\">\n<li>Regolamento (UE) 2016\/679 del Parlamento europeo e del Consiglio del 27 aprile 2016 relativo alla protezione delle persone fisiche con riguardo al trattamento dei dati personali, nonch\u00e9 alla libera circolazione di tali dati (GDPR).<\/li>\n\n\n\n<li>Legge organica 3\/2018, del 5 dicembre, sulla protezione dei dati personali e la garanzia dei diritti digitali (LOPD-GDD).<\/li>\n\n\n\n<li>Decreto reale 1720\/2007, del 21 dicembre, che approva il Regolamento di applicazione della Legge organica 15\/1999, del 13 dicembre, sulla protezione dei dati personali (RDLOPD).<\/li>\n\n\n\n<li>Legge 34\/2002, dell'11 luglio, sui servizi della societ\u00e0 dell'informazione e il commercio elettronico (LSSI-CE).<\/li>\n<\/ul>\n\n\n\n<h4 class=\"wp-block-heading\">Responsabile del trattamento dei dati personali<\/h4>\n\n\n\n<p>La Societ\u00e0 si impegna ad applicare le misure di sicurezza informatica previste dalla suddetta normativa, con l'obiettivo di impedire l'accesso o l'uso improprio dei dati, la loro manipolazione, il deterioramento o la perdita.<\/p>\n\n\n\n<h4 class=\"wp-block-heading\">Registro dei dati personali<\/h4>\n\n\n\n<p>In conformit\u00e0 alle disposizioni del RGPD e della LOPD-GDD, si informa che i dati personali raccolti da Zapasky.com, attraverso i moduli presenti nelle sue pagine, saranno incorporati e trattati nel nostro archivio al fine di facilitare, accelerare e adempiere agli impegni stabiliti tra Zapasky.com e l'Utente o al mantenimento del rapporto stabilito nei moduli compilati dall'Utente, o per rispondere a una richiesta o a un quesito dell'Utente. Allo stesso modo, in conformit\u00e0 con le disposizioni del RGPD e della LOPD-GDD, a meno che non si applichi l'eccezione prevista dall'articolo 30.5 del RGPD, viene tenuto un registro delle attivit\u00e0 di trattamento che specifica, in base alle sue finalit\u00e0, le attivit\u00e0 di trattamento svolte e le altre circostanze stabilite nel RGPD.<\/p>\n\n\n\n<h4 class=\"wp-block-heading\">Principi applicabili al trattamento dei dati personali<\/h4>\n\n\n\n<p>Il trattamento dei dati personali dell'Utente sar\u00e0 soggetto ai seguenti principi stabiliti nell'articolo 5 del RGPD e negli articoli 4 e seguenti della Legge Organica 3\/2018, del 5 dicembre, sulla protezione dei dati personali e la garanzia dei diritti digitali:<\/p>\n\n\n\n<ul class=\"wp-block-list\">\n<li>Principio di liceit\u00e0, correttezza e trasparenza: il consenso dell'Utente sar\u00e0 sempre richiesto dopo un'informazione completa e trasparente sulle finalit\u00e0 per cui i dati personali sono raccolti.<\/li>\n\n\n\n<li>Principio di limitazione delle finalit\u00e0: i dati personali saranno raccolti per finalit\u00e0 specifiche, esplicite e legittime.<\/li>\n\n\n\n<li>Principio di minimizzazione dei dati: i dati personali raccolti saranno solo quelli strettamente necessari per le finalit\u00e0 per cui vengono trattati.<\/li>\n\n\n\n<li>Principio di accuratezza: i dati personali devono essere accurati e sempre aggiornati.<\/li>\n\n\n\n<li>Principio di limitazione del periodo di conservazione: i dati personali saranno conservati in una forma che consenta l'identificazione dell'Utente solo per il tempo necessario ai fini del loro trattamento.<\/li>\n\n\n\n<li>Principio di integrit\u00e0 e riservatezza: i dati personali devono essere trattati in modo da garantire la loro sicurezza e riservatezza.<\/li>\n\n\n\n<li>Principio di responsabilit\u00e0 proattiva: il Controllore \u00e8 responsabile del rispetto dei principi di cui sopra.<\/li>\n<\/ul>\n\n\n\n<h4 class=\"wp-block-heading\">Categorie di dati personali<\/h4>\n\n\n\n<p>Le categorie di dati trattati da Zapasky.com sono esclusivamente dati identificativi. In nessun caso vengono trattate categorie speciali di dati personali ai sensi dell'articolo 9 del GDPR.<\/p>\n\n\n\n<h4 class=\"wp-block-heading\">Base giuridica per il trattamento dei dati personali<\/h4>\n\n\n\n<p>La base giuridica per il trattamento dei dati personali \u00e8 il consenso. Zapasky.com si impegna a ottenere il consenso espresso e verificabile dell'Utente per il trattamento dei suoi dati personali per una o pi\u00f9 finalit\u00e0 specifiche.<\/p>\n\n\n\n<p>L'Utente avr\u00e0 il diritto di revocare il consenso in qualsiasi momento. La revoca del consenso sar\u00e0 altrettanto semplice quanto il suo rilascio. Come regola generale, la revoca del consenso non condizioner\u00e0 l'uso del Sito web.<\/p>\n\n\n\n<p>Nelle occasioni in cui l'Utente deve o pu\u00f2 fornire i propri dati attraverso moduli per fare domande, richiedere informazioni o per motivi legati al contenuto del Sito, sar\u00e0 informato nel caso in cui la compilazione di uno di essi sia obbligatoria in quanto essenziale per il corretto svolgimento dell'operazione effettuata.<\/p>\n\n\n\n<h4 class=\"wp-block-heading\">Finalit\u00e0 del trattamento per cui vengono utilizzati i dati personali<\/h4>\n\n\n\n<p>I dati personali vengono raccolti e gestiti da Zapasky.com per facilitare, accelerare e adempiere agli impegni stabiliti tra il Sito e l'Utente o per mantenere il rapporto stabilito nei moduli compilati da quest'ultimo o per rispondere a una richiesta o a un quesito.<\/p>\n\n\n\n<p>Allo stesso modo, i dati potranno essere utilizzati per scopi commerciali, di personalizzazione, operativi e statistici, e per attivit\u00e0 connesse all'oggetto sociale di Zapasky.com, nonch\u00e9 per l'estrazione e l'archiviazione di dati e studi di marketing per adattare i Contenuti offerti all'Utente, e per migliorare la qualit\u00e0, il funzionamento e la navigazione del Sito.<\/p>\n\n\n\n<p>Al momento della raccolta dei dati personali, l'Utente sar\u00e0 informato sulle finalit\u00e0 specifiche del trattamento per il quale i dati personali saranno utilizzati, ovvero sull'uso che sar\u00e0 fatto delle informazioni raccolte.<\/p>\n\n\n\n<h4 class=\"wp-block-heading\">Periodi di conservazione dei dati personali<\/h4>\n\n\n\n<p>I dati personali saranno conservati solo per il tempo minimo necessario ai fini del loro trattamento e, in ogni caso, solo per il seguente periodo: , o fino a quando l'Utente non ne richieda la cancellazione.<\/p>\n\n\n\n<p>Al momento dell'acquisizione dei dati personali, l'Utente sar\u00e0 informato del periodo di conservazione dei dati personali o, qualora ci\u00f2 non sia possibile, dei criteri utilizzati per determinare tale periodo.<\/p>\n\n\n\n<h4 class=\"wp-block-heading\">Dati personali dei minori<\/h4>\n\n\n\n<p>In conformit\u00e0 alle disposizioni degli articoli 8 del GDPR e 7 della Legge Organica 3\/2018, del 5 dicembre, sulla protezione dei dati personali e la garanzia dei diritti digitali, solo le persone di et\u00e0 superiore ai 14 anni possono dare il loro consenso al trattamento legittimo dei loro dati personali da parte di Zapasky.com. Nel caso di minori di 14 anni, per il trattamento \u00e8 necessario il consenso dei genitori o di chi ne fa le veci, e il trattamento sar\u00e0 considerato lecito solo nella misura in cui questi abbiano dato il loro consenso.<\/p>\n\n\n\n<h4 class=\"wp-block-heading\">Segretezza e sicurezza dei dati personali<\/h4>\n\n\n\n<p>Zapasky.com si impegna ad adottare le misure tecniche e organizzative necessarie, secondo il livello di sicurezza adeguato al rischio dei dati raccolti, in modo da garantire la sicurezza dei dati personali e impedire la distruzione, la perdita o l'alterazione accidentale o illegale dei dati personali trasmessi, memorizzati o altrimenti trattati, o la comunicazione non autorizzata o l'accesso a tali dati.<\/p>\n\n\n\n<p>Il Sito Web dispone di un certificato SSL (Secure Socket Layer), che garantisce la trasmissione dei dati personali in modo sicuro e riservato, in quanto la trasmissione dei dati tra il server e l'Utente, e in cambio, \u00e8 completamente criptata o codificata.<\/p>\n\n\n\n<p>Tuttavia, poich\u00e9 Zapasky.com non pu\u00f2 garantire l'inespugnabilit\u00e0 di Internet o la totale assenza di hacker o altri soggetti che accedano fraudolentemente ai dati personali, il Titolare del trattamento si impegna a notificare all'Utente senza indebito ritardo quando si verifica una violazione della sicurezza dei dati personali che possa comportare un rischio elevato per i diritti e le libert\u00e0 delle persone fisiche. Ai sensi dell'articolo 4 del GDPR, per violazione della sicurezza dei dati personali si intende qualsiasi violazione della sicurezza che comporti la distruzione, la perdita o l'alterazione accidentale o illecita dei dati personali trasmessi, conservati o altrimenti trattati, oppure la divulgazione o l'accesso non autorizzati a tali dati.<\/p>\n\n\n\n<p>I dati personali saranno trattati in modo confidenziale dal Titolare del trattamento, che si impegna a informare e a garantire, mediante un obbligo legale o contrattuale, il rispetto di tale riservatezza da parte dei propri dipendenti, partner e di qualsiasi altra persona a cui renda accessibili le informazioni.<\/p>\n\n\n\n<h4 class=\"wp-block-heading\">Diritti derivanti dal trattamento dei dati personali<\/h4>\n\n\n\n<p>L'Utente gode di diritti su Zapasky.com e pu\u00f2, pertanto, esercitare nei confronti del Titolare del trattamento i seguenti diritti riconosciuti dal RGPD e dalla Legge Organica 3\/2018, del 5 dicembre, sulla protezione dei dati personali e la garanzia dei diritti digitali:<\/p>\n\n\n\n<ul class=\"wp-block-list\">\n<li><em>Diritto di accesso:<\/em>&nbsp;L'Utente ha il diritto di ottenere la conferma che Zapasky.com stia trattando o meno i suoi dati personali e, in tal caso, di ottenere informazioni sui suoi specifici dati personali e sul trattamento che Zapasky.com ha effettuato o sta effettuando, nonch\u00e9, tra l'altro, le informazioni disponibili sull'origine di tali dati e sui destinatari delle comunicazioni effettuate o previste per tali dati.<\/li>\n\n\n\n<li><em>Diritto di rettifica:<\/em>&nbsp;L'Utente ha il diritto di far modificare i propri dati personali qualora questi risultino inesatti o, in relazione alle finalit\u00e0 del trattamento, incompleti.<\/li>\n\n\n\n<li><em>Diritto di cancellazione (\"diritto all'oblio\"):<\/em>&nbsp;L'Utente ha il diritto, se non diversamente previsto dalla legge, di ottenere la cancellazione dei propri dati personali quando questi non sono pi\u00f9 necessari per le finalit\u00e0 per le quali sono stati raccolti o trattati; l'Utente ha ritirato il proprio consenso al trattamento e non esiste un'altra base legittima per il trattamento; l'Utente si oppone al trattamento e non sussiste alcun altro motivo legittimo per continuare il trattamento; i dati personali sono stati trattati illecitamente; i dati personali devono essere cancellati in ottemperanza a un obbligo di legge; oppure i dati personali sono stati ottenuti a seguito di un'offerta diretta di servizi della societ\u00e0 dell'informazione a un minore di 14 anni. Oltre alla cancellazione, il Titolare del trattamento, tenendo conto della tecnologia disponibile e dei costi di attuazione, adotter\u00e0 misure ragionevoli per informare i responsabili del trattamento dei dati personali della richiesta dell'interessato di cancellare qualsiasi collegamento a tali dati personali.<\/li>\n\n\n\n<li><em>Diritto alla limitazione del trattamento:<\/em>&nbsp;Si tratta del diritto dell'Utente di limitare il trattamento dei propri dati personali. L'Utente ha il diritto di ottenere la limitazione del trattamento quando contesta l'esattezza dei suoi dati personali; il trattamento \u00e8 illecito; il Titolare del trattamento non ha pi\u00f9 bisogno dei dati personali, ma l'Utente ne ha bisogno per presentare reclami; e quando l'Utente si \u00e8 opposto al trattamento.<\/li>\n\n\n\n<li class=\" translation-block\"><em>Diritto alla portabilit\u00e0 dei dati:<\/em> Qualora il trattamento sia effettuato con mezzi automatizzati, l'Utente ha il diritto di ricevere dal Titolare del trattamento i propri dati personali in un formato strutturato, di uso comune e leggibile da dispositivo automatico e di trasmetterli a un altro titolare del trattamento. Ove tecnicamente fattibile, il Titolare del trattamento trasmetter\u00e0 i dati direttamente a tale altro titolare.<\/li>\n\n\n\n<li class=\" translation-block\"><em>Diritto di opposizione:<\/em> Si tratta del diritto dell'Utente di impedire il trattamento dei propri dati personali o di interrompere il trattamento di tali dati da parte di Zapasky.com.<\/li>\n\n\n\n<li class=\" translation-block\"><em>Diritto di non essere sottoposto a una decisione basata esclusivamente sul trattamento automatizzato, compresa la profilazione:<\/em> Si tratta del diritto dell'Utente di non essere sottoposto a una decisione individualizzata basata esclusivamente sul trattamento automatizzato dei propri dati personali, compresa la profilazione, salvo diversa disposizione di legge.<\/li>\n<\/ul>\n\n\n\n<p>Pertanto, l'Utente potr\u00e0 esercitare i propri diritti mediante comunicazione scritta indirizzata al Titolare del trattamento con il riferimento \"RGPD-Zapasky\", specificando:<\/p>\n\n\n\n<ul class=\"wp-block-list\">\n<li>Nome, cognome\/i dell'Utente e copia della carta d'identit\u00e0. Nei casi in cui \u00e8 consentita la rappresentanza, sar\u00e0 necessario identificare con lo stesso mezzo anche la persona che rappresenta l'Utente, nonch\u00e9 il documento che accredita la rappresentanza. La fotocopia del DNI pu\u00f2 essere sostituita da qualsiasi altro mezzo legalmente valido che accrediti l'identit\u00e0.<\/li>\n\n\n\n<li>Richiesta con motivazioni specifiche per la richiesta o per l'accesso alle informazioni.<\/li>\n\n\n\n<li>Indirizzo per le notifiche.<\/li>\n\n\n\n<li>Data e firma del richiedente.<\/li>\n\n\n\n<li>Qualsiasi documento a sostegno della richiesta.<\/li>\n<\/ul>\n\n\n\n<p><\/p>\n\n\n\n<h4 class=\"wp-block-heading\">Link a siti web di terzi<\/h4>\n\n\n\n<p>Il Sito pu\u00f2 includere collegamenti ipertestuali o link che consentono l'accesso a siti web di terzi diversi da Zapasky.com, e che pertanto non sono gestiti da Zapasky.com. I proprietari di tali siti web avranno le proprie politiche di protezione dei dati e sono essi stessi, in ogni caso, responsabili dei propri file e delle proprie pratiche di privacy.<\/p>\n\n\n\n<h3 class=\"wp-block-heading\">II. ACCETTAZIONE E MODIFICHE DELLA PRESENTE INFORMATIVA SULLA PRIVACY<\/h3>\n\n\n\n<p>\u00c8 necessario che l'Utente abbia letto e accetti le condizioni sulla protezione dei dati personali contenute nella presente Privacy Policy, nonch\u00e9 che accetti il trattamento dei propri dati personali affinch\u00e9 il Titolare del trattamento possa procedere con le modalit\u00e0, nei periodi e per le finalit\u00e0 indicate. L'utilizzo del Sito implica l'accettazione della Privacy Policy dello stesso.<\/p>\n\n\n\n<p>Zapasky.com si riserva il diritto di modificare la propria Politica sulla privacy, in base ai propri criteri, o motivata da una modifica legislativa, giurisprudenziale o dottrinale dell'Agenzia spagnola per la protezione dei dati. Le modifiche o gli aggiornamenti alla presente Informativa sulla privacy non saranno notificati esplicitamente all'Utente. Si raccomanda all'Utente di consultare periodicamente questa pagina per tenersi aggiornato sulle ultime modifiche o aggiornamenti.<\/p>\n\n\n\n<p>La presente Informativa sulla privacy \u00e8 stata aggiornata per adeguarsi al Regolamento (UE) 2016\/679 del Parlamento europeo e del Consiglio, del 27 aprile 2016, relativo alla protezione delle persone fisiche con riguardo al trattamento dei dati personali, nonch\u00e9 alla libera circolazione di tali dati (GDPR) e alla Legge organica 3\/2018, del 5 dicembre, sulla protezione dei dati personali e la garanzia dei diritti digitali.<\/p>","protected":false},"excerpt":{"rendered":"<p>I. POL\u00cdTICA DE PRIVACIDAD Y PROTECCI\u00d3N DE DATOS Respetando lo establecido en la legislaci\u00f3n vigente,&nbsp;Zapasky.com&nbsp;(en adelante, tambi\u00e9n Sitio Web) se compromete a adoptar las medidas t\u00e9cnicas y organizativas necesarias, seg\u00fan el nivel de seguridad adecuado al riesgo de los datos recogidos. Leyes que incorpora esta pol\u00edtica de privacidad Esta pol\u00edtica de privacidad est\u00e1 adaptada a [&hellip;]<\/p>\n","protected":false},"author":1,"featured_media":0,"parent":0,"menu_order":0,"comment_status":"closed","ping_status":"closed","template":"","meta":{"footnotes":""},"class_list":["post-2086","page","type-page","status-publish","hentry"],"blocksy_meta":[],"yoast_head":"<!-- This site is optimized with the Yoast SEO plugin v27.5 - https:\/\/yoast.com\/product\/yoast-seo-wordpress\/ -->\n<title>Pol\u00edticas de privacidad | ZapaSky | The Sneakers Heaven<\/title>\n<meta name=\"description\" content=\"In ZapaSky you will find the sneakers you want at an unbeatable price. We offer clothing, accessories and current fashion of the best quality in our store.\" \/>\n<meta name=\"robots\" content=\"noindex, nofollow\" \/>\n<meta property=\"og:locale\" content=\"it_IT\" \/>\n<meta property=\"og:type\" content=\"article\" \/>\n<meta property=\"og:title\" content=\"Pol\u00edticas de privacidad | ZapaSky | The Sneakers Heaven\" \/>\n<meta property=\"og:description\" content=\"In ZapaSky you will find the sneakers you want at an unbeatable price. We offer clothing, accessories and current fashion of the best quality in our store.\" \/>\n<meta property=\"og:url\" content=\"https:\/\/zapasky.com\/it\/politicas-de-privacidad\/\" \/>\n<meta property=\"og:site_name\" content=\"ZapaSky | The Sneakers Heaven\" \/>\n<meta property=\"article:modified_time\" content=\"2023-11-05T17:50:48+00:00\" \/>\n<meta property=\"og:image\" content=\"https:\/\/zapasky.com\/wp-content\/uploads\/2023\/11\/ns.jpg\" \/>\n\t<meta property=\"og:image:width\" content=\"1200\" \/>\n\t<meta property=\"og:image:height\" content=\"675\" \/>\n\t<meta property=\"og:image:type\" content=\"image\/jpeg\" \/>\n<meta name=\"twitter:card\" content=\"summary_large_image\" \/>\n<meta name=\"twitter:label1\" content=\"Tempo di lettura stimato\" \/>\n\t<meta name=\"twitter:data1\" content=\"11 minuti\" \/>\n<script type=\"application\/ld+json\" class=\"yoast-schema-graph\">{\"@context\":\"https:\\\/\\\/schema.org\",\"@graph\":[{\"@type\":\"WebPage\",\"@id\":\"https:\\\/\\\/zapasky.com\\\/politicas-de-privacidad\\\/\",\"url\":\"https:\\\/\\\/zapasky.com\\\/politicas-de-privacidad\\\/\",\"name\":\"Pol\u00edticas de privacidad | ZapaSky | The Sneakers Heaven\",\"isPartOf\":{\"@id\":\"https:\\\/\\\/zapasky.com\\\/#website\"},\"datePublished\":\"2023-05-17T20:39:53+00:00\",\"dateModified\":\"2023-11-05T17:50:48+00:00\",\"description\":\"In ZapaSky you will find the sneakers you want at an unbeatable price. We offer clothing, accessories and current fashion of the best quality in our store.\",\"breadcrumb\":{\"@id\":\"https:\\\/\\\/zapasky.com\\\/politicas-de-privacidad\\\/#breadcrumb\"},\"inLanguage\":\"it-IT\",\"potentialAction\":[{\"@type\":\"ReadAction\",\"target\":[\"https:\\\/\\\/zapasky.com\\\/politicas-de-privacidad\\\/\"]}]},{\"@type\":\"BreadcrumbList\",\"@id\":\"https:\\\/\\\/zapasky.com\\\/politicas-de-privacidad\\\/#breadcrumb\",\"itemListElement\":[{\"@type\":\"ListItem\",\"position\":1,\"name\":\"Inicio\",\"item\":\"https:\\\/\\\/zapasky.com\\\/\"},{\"@type\":\"ListItem\",\"position\":2,\"name\":\"Pol\u00edticas de privacidad\"}]},{\"@type\":\"WebSite\",\"@id\":\"https:\\\/\\\/zapasky.com\\\/#website\",\"url\":\"https:\\\/\\\/zapasky.com\\\/\",\"name\":\"ZapaSky | The Sneakers Heaven\",\"description\":\"In ZapaSky you will find the sneakers you want at an unbeatable price. We offer clothing, accessories and current fashion of the best quality in our store.\",\"publisher\":{\"@id\":\"https:\\\/\\\/zapasky.com\\\/#organization\"},\"alternateName\":\"ZAPASKY\",\"potentialAction\":[{\"@type\":\"SearchAction\",\"target\":{\"@type\":\"EntryPoint\",\"urlTemplate\":\"https:\\\/\\\/zapasky.com\\\/?s={search_term_string}\"},\"query-input\":{\"@type\":\"PropertyValueSpecification\",\"valueRequired\":true,\"valueName\":\"search_term_string\"}}],\"inLanguage\":\"it-IT\"},{\"@type\":\"Organization\",\"@id\":\"https:\\\/\\\/zapasky.com\\\/#organization\",\"name\":\"ZapaSky\",\"url\":\"https:\\\/\\\/zapasky.com\\\/\",\"logo\":{\"@type\":\"ImageObject\",\"inLanguage\":\"it-IT\",\"@id\":\"https:\\\/\\\/zapasky.com\\\/#\\\/schema\\\/logo\\\/image\\\/\",\"url\":\"https:\\\/\\\/zapasky.com\\\/wp-content\\\/uploads\\\/2023\\\/07\\\/Diseno-sin-titulo-3-fotor-bg-remover-2023062544226.png\",\"contentUrl\":\"https:\\\/\\\/zapasky.com\\\/wp-content\\\/uploads\\\/2023\\\/07\\\/Diseno-sin-titulo-3-fotor-bg-remover-2023062544226.png\",\"width\":500,\"height\":500,\"caption\":\"ZapaSky\"},\"image\":{\"@id\":\"https:\\\/\\\/zapasky.com\\\/#\\\/schema\\\/logo\\\/image\\\/\"},\"sameAs\":[\"https:\\\/\\\/www.instagram.com\\\/zapasky\\\/\",\"https:\\\/\\\/www.youtube.com\\\/@ZapaSky\\\/shorts\",\"https:\\\/\\\/www.tiktok.com\\\/@zapasky\"]}]}<\/script>\n<!-- \/ Yoast SEO plugin. -->","yoast_head_json":{"title":"Pol\u00edticas de privacidad | ZapaSky | The Sneakers Heaven","description":"In ZapaSky troverete le sneakers che desiderate a un prezzo imbattibile. Nel nostro negozio offriamo abbigliamento, accessori e moda attuale della migliore qualit\u00e0.","robots":{"index":"noindex","follow":"nofollow"},"og_locale":"it_IT","og_type":"article","og_title":"Pol\u00edticas de privacidad | ZapaSky | The Sneakers Heaven","og_description":"In ZapaSky you will find the sneakers you want at an unbeatable price. We offer clothing, accessories and current fashion of the best quality in our store.","og_url":"https:\/\/zapasky.com\/it\/politicas-de-privacidad\/","og_site_name":"ZapaSky | The Sneakers Heaven","article_modified_time":"2023-11-05T17:50:48+00:00","og_image":[{"width":1200,"height":675,"url":"https:\/\/zapasky.com\/wp-content\/uploads\/2023\/11\/ns.jpg","type":"image\/jpeg"}],"twitter_card":"summary_large_image","twitter_misc":{"Tempo di lettura stimato":"11 minuti"},"schema":{"@context":"https:\/\/schema.org","@graph":[{"@type":"WebPage","@id":"https:\/\/zapasky.com\/politicas-de-privacidad\/","url":"https:\/\/zapasky.com\/politicas-de-privacidad\/","name":"Pol\u00edticas de privacidad | ZapaSky | The Sneakers Heaven","isPartOf":{"@id":"https:\/\/zapasky.com\/#website"},"datePublished":"2023-05-17T20:39:53+00:00","dateModified":"2023-11-05T17:50:48+00:00","description":"In ZapaSky troverete le sneakers che desiderate a un prezzo imbattibile. Nel nostro negozio offriamo abbigliamento, accessori e moda attuale della migliore qualit\u00e0.","breadcrumb":{"@id":"https:\/\/zapasky.com\/politicas-de-privacidad\/#breadcrumb"},"inLanguage":"it-IT","potentialAction":[{"@type":"ReadAction","target":["https:\/\/zapasky.com\/politicas-de-privacidad\/"]}]},{"@type":"BreadcrumbList","@id":"https:\/\/zapasky.com\/politicas-de-privacidad\/#breadcrumb","itemListElement":[{"@type":"ListItem","position":1,"name":"Inicio","item":"https:\/\/zapasky.com\/"},{"@type":"ListItem","position":2,"name":"Pol\u00edticas de privacidad"}]},{"@type":"WebSite","@id":"https:\/\/zapasky.com\/#website","url":"https:\/\/zapasky.com\/","name":"ZapaSky | Il paradiso delle scarpe da ginnastica","description":"In ZapaSky troverete le sneakers che desiderate a un prezzo imbattibile. Nel nostro negozio offriamo abbigliamento, accessori e moda attuale della migliore qualit\u00e0.","publisher":{"@id":"https:\/\/zapasky.com\/#organization"},"alternateName":"ZAPASKY","potentialAction":[{"@type":"SearchAction","target":{"@type":"EntryPoint","urlTemplate":"https:\/\/zapasky.com\/?s={search_term_string}"},"query-input":{"@type":"PropertyValueSpecification","valueRequired":true,"valueName":"search_term_string"}}],"inLanguage":"it-IT"},{"@type":"Organization","@id":"https:\/\/zapasky.com\/#organization","name":"ZapaSky","url":"https:\/\/zapasky.com\/","logo":{"@type":"ImageObject","inLanguage":"it-IT","@id":"https:\/\/zapasky.com\/#\/schema\/logo\/image\/","url":"https:\/\/zapasky.com\/wp-content\/uploads\/2023\/07\/Diseno-sin-titulo-3-fotor-bg-remover-2023062544226.png","contentUrl":"https:\/\/zapasky.com\/wp-content\/uploads\/2023\/07\/Diseno-sin-titulo-3-fotor-bg-remover-2023062544226.png","width":500,"height":500,"caption":"ZapaSky"},"image":{"@id":"https:\/\/zapasky.com\/#\/schema\/logo\/image\/"},"sameAs":["https:\/\/www.instagram.com\/zapasky\/","https:\/\/www.youtube.com\/@ZapaSky\/shorts","https:\/\/www.tiktok.com\/@zapasky"]}]}},"jetpack_sharing_enabled":true,"_links":{"self":[{"href":"https:\/\/zapasky.com\/it\/wp-json\/wp\/v2\/pages\/2086","targetHints":{"allow":["GET"]}}],"collection":[{"href":"https:\/\/zapasky.com\/it\/wp-json\/wp\/v2\/pages"}],"about":[{"href":"https:\/\/zapasky.com\/it\/wp-json\/wp\/v2\/types\/page"}],"author":[{"embeddable":true,"href":"https:\/\/zapasky.com\/it\/wp-json\/wp\/v2\/users\/1"}],"replies":[{"embeddable":true,"href":"https:\/\/zapasky.com\/it\/wp-json\/wp\/v2\/comments?post=2086"}],"version-history":[{"count":12,"href":"https:\/\/zapasky.com\/it\/wp-json\/wp\/v2\/pages\/2086\/revisions"}],"predecessor-version":[{"id":12109,"href":"https:\/\/zapasky.com\/it\/wp-json\/wp\/v2\/pages\/2086\/revisions\/12109"}],"wp:attachment":[{"href":"https:\/\/zapasky.com\/it\/wp-json\/wp\/v2\/media?parent=2086"}],"curies":[{"name":"wp","href":"https:\/\/api.w.org\/{rel}","templated":true}]}}