{"id":2090,"date":"2023-05-17T20:40:07","date_gmt":"2023-05-17T20:40:07","guid":{"rendered":"https:\/\/zapasky.com\/?page_id=2090"},"modified":"2023-11-05T17:23:33","modified_gmt":"2023-11-05T17:23:33","slug":"aviso-legal","status":"publish","type":"page","link":"https:\/\/zapasky.com\/it\/aviso-legal\/","title":{"rendered":"Avviso legale"},"content":{"rendered":"<h3 class=\"wp-block-heading\">I. INFORMAZIONI GENERALI<\/h3>\n\n\n\n<p>In ottemperanza all'obbligo di informazione previsto dalla Legge 34\/2002 sui Servizi della Societ\u00e0 dell'Informazione e del Commercio Elettronico (LSSI-CE) dell'11 luglio, si forniscono le seguenti informazioni generali su questo sito web: zapasky.com propriet\u00e0 di ZapaSky.<\/p>\n\n\n\n<h3 class=\"wp-block-heading\">II. TERMINI E CONDIZIONI GENERALI DI UTILIZZO<\/h3>\n\n\n\n<h4 class=\"wp-block-heading\">L'oggetto dei termini e delle condizioni: Il sito web<\/h4>\n\n\n\n<p>Lo scopo delle presenti Condizioni Generali d'Uso (di seguito \"Condizioni\") \u00e8 quello di regolamentare l'accesso e l'utilizzo di Zapasky.com. Ai fini dei presenti Termini e condizioni, per \"Sito web\" si intende: l'aspetto esterno delle interfacce dello schermo, sia statiche che dinamiche, ovvero l'albero di navigazione; e tutti gli elementi integrati sia nelle interfacce dello schermo che nell'albero di navigazione (di seguito, Contenuti) e tutti quei servizi o risorse online che possono essere offerti agli Utenti (di seguito, Servizi).<\/p>\n\n\n\n<p>ZapaSky si riserva il diritto di modificare, in qualsiasi momento e senza preavviso, la presentazione e la configurazione del Sito Web e dei Contenuti e Servizi che possono essere integrati in esso. L'Utente riconosce e accetta che in qualsiasi momento potr\u00e0 interrompere, disattivare e\/o annullare uno qualsiasi di questi elementi integrati nel Sito web o l'accesso ad essi.<\/p>\n\n\n\n<p>L'accesso al Sito Web da parte dell'Utente \u00e8 libero e, di norma, gratuito, senza che l'Utente debba fornire alcun corrispettivo per usufruirne, fatta eccezione per il costo della connessione attraverso la rete di telecomunicazioni fornita dal fornitore di accesso contrattato dall'Utente.<\/p>\n\n\n\n<p>L'utilizzo di uno qualsiasi dei Contenuti o dei Servizi del Sito web pu\u00f2 avvenire previa iscrizione o registrazione dell'Utente.<\/p>\n\n\n\n<h4 class=\"wp-block-heading\">L'utente<\/h4>\n\n\n\n<p>L'accesso, la navigazione e l'utilizzo del Sito, nonch\u00e9 degli spazi messi a disposizione per l'interazione tra gli Utenti, come i commenti e\/o gli spazi di blogging, conferisce la condizione di Utente e pertanto, dal momento in cui l'Utente inizia a navigare sul Sito, accetta tutte le Condizioni qui stabilite, nonch\u00e9 le eventuali successive modifiche, fatta salva l'applicazione delle corrispondenti norme di legge che dovranno essere rispettate a seconda dei casi. Data la rilevanza di quanto sopra, si raccomanda all'Utente di leggerle ogni volta che visita il Sito.<\/p>\n\n\n\n<p>Il Sito Web ZapaSky fornisce un'ampia gamma di informazioni, servizi e dati. L'Utente si assume la responsabilit\u00e0 del corretto utilizzo del Sito Web. Tale responsabilit\u00e0 si estende a:<\/p>\n\n\n\n<ul class=\"wp-block-list\">\n<li>Qualsiasi uso delle informazioni, dei Contenuti e\/o dei Servizi e dei dati offerti dal Sito Web che sia contrario alle disposizioni delle presenti Condizioni, alla Legge, al buon costume o all'ordine pubblico, o che in qualsiasi altro modo possa pregiudicare i diritti di terzi o il funzionamento del Sito Web.<\/li>\n\n\n\n<li>La veridicit\u00e0 e la legalit\u00e0 delle informazioni fornite dall'Utente nei moduli estesi da ZapaSky per l'accesso a determinati Contenuti o Servizi offerti dal sito web. In ogni caso, l'Utente comunicher\u00e0 immediatamente a ZapaSky qualsiasi fatto che consenta l'uso improprio delle informazioni registrate in tali moduli, come, ma non solo, il furto, lo smarrimento o l'accesso non autorizzato a identificativi e\/o password, al fine di procedere alla loro immediata cancellazione.<\/li>\n<\/ul>\n\n\n\n<p>ZapaSky si riserva il diritto di rimuovere tutti quei commenti e contributi che violino la legge, il rispetto della dignit\u00e0 della persona, che siano discriminatori, xenofobi, razzisti, pornografici, di spamming, che attentino alla giovent\u00f9 o all'infanzia, all'ordine o alla sicurezza pubblica o che, a suo giudizio, non siano adatti alla sua pubblicazione.<\/p>\n\n\n\n<p>ZapaSky in ogni caso non sar\u00e0 responsabile delle opinioni riversate dagli Utenti attraverso i commenti o altri strumenti di blogging o di partecipazione che possono esistere.<\/p>\n\n\n\n<p>L'Utente dichiara di essere maggiorenne e di avere la capacit\u00e0 giuridica sufficiente per essere vincolato dalle presenti Condizioni. Pertanto, questo Sito web non \u00e8 destinato ai minori.  L'Utente declina ogni responsabilit\u00e0 per il mancato rispetto di questo requisito.<\/p>\n\n\n\n<p>Il Sito \u00e8 destinato principalmente agli Utenti residenti in Spagna e non garantisce che il Sito sia conforme alle leggi di altri paesi, in tutto o in parte. Se l'Utente risiede o \u00e8 domiciliato in un altro luogo e decide di accedere e\/o navigare nel Sito web, lo fa a suo rischio e pericolo, e deve assicurarsi che tale accesso e navigazione siano conformi alla legislazione locale a lui applicabile, e non si assume alcuna responsabilit\u00e0 che possa derivare da tale accesso.<\/p>\n\n\n\n<h3 class=\"wp-block-heading\">III. ACCESSO E NAVIGAZIONE SUL SITO WEB: ESCLUSIONE DI GARANZIE E RESPONSABILIT\u00c0<\/h3>\n\n\n\n<p>ZapaSky non garantisce la continuit\u00e0, la disponibilit\u00e0 o l'utilit\u00e0 del Sito Web, n\u00e9 dei Contenuti o dei Servizi. Zapasky far\u00e0 il possibile per garantire il corretto funzionamento del Sito web, tuttavia non garantisce che l'accesso al Sito web sia ininterrotto o privo di errori.<\/p>\n\n\n\n<p>Inoltre, ZapaSky non rilascia alcuna dichiarazione o garanzia che il contenuto o il software a cui si pu\u00f2 accedere attraverso questo Sito Web sia privo di errori o non causi danni al sistema informatico dell'Utente (software e hardware). ZapaSky non sar\u00e0 in alcun caso responsabile di eventuali perdite, danni o pregiudizi di qualsiasi tipo derivanti dall'accesso, dalla navigazione e dall'utilizzo del Sito web, compresi, a titolo esemplificativo e non esaustivo, quelli causati ai sistemi informatici o quelli causati dall'introduzione di virus.<\/p>\n\n\n\n<p>ZapaSky non \u00e8 inoltre responsabile dei danni che potrebbero essere causati agli utenti da un uso inadeguato di questo sito web. In particolare, non \u00e8 responsabile in alcun modo per le cadute, le interruzioni, la mancanza o il difetto delle telecomunicazioni che potrebbero verificarsi. N\u00e9 pu\u00f2 essere ritenuta responsabile per qualsiasi reclamo relativo alla veridicit\u00e0 dei suoi prodotti, dato che tutti i prodotti presenti su questo Sito sono repliche identiche di alta qualit\u00e0 e sono cos\u00ec indicati.<\/p>\n\n\n\n<h3 class=\"wp-block-heading\">IV. POLITICA DI COLLEGAMENTO<\/h3>\n\n\n\n<p>Si informa che il Sito Web ZapaSky mette o pu\u00f2 mettere a disposizione degli Utenti mezzi di collegamento (quali, tra gli altri, link, banner, pulsanti), directory e motori di ricerca che consentono agli Utenti di accedere a siti web appartenenti e\/o gestiti da terzi.<\/p>\n\n\n\n<p>L'installazione di questi link, elenchi e motori di ricerca sul Sito web ha lo scopo di facilitare agli Utenti l'accesso alle informazioni disponibili su Internet e non pu\u00f2 essere considerata un suggerimento, una raccomandazione o un invito a visitarli.<\/p>\n\n\n\n<p>ZapaSky non offre o commercializza, direttamente o tramite terzi, i prodotti e\/o i servizi disponibili su tali siti collegati.<\/p>\n\n\n\n<p>N\u00e9 garantisce la disponibilit\u00e0 tecnica, l'accuratezza, la veridicit\u00e0, la validit\u00e0 o la legalit\u00e0 dei siti non di sua propriet\u00e0 a cui si pu\u00f2 accedere tramite i link.<\/p>\n\n\n\n<p>ZapaSky non esamina o controlla in alcun modo il contenuto di altri siti web, n\u00e9 approva, esamina o fa propri i prodotti e i servizi, i contenuti, i file e qualsiasi altro materiale di tali siti collegati.<\/p>\n\n\n\n<p>ZapaSky non si assume alcuna responsabilit\u00e0 per eventuali danni che possono derivare dall'accesso, dall'uso, dalla qualit\u00e0 o dalla legalit\u00e0 dei contenuti, delle comunicazioni, delle opinioni, dei prodotti e dei servizi di siti web non gestiti da ZapaSky che sono collegati al presente Sito.<\/p>\n\n\n\n<p>L'Utente o la terza parte che effettua un collegamento ipertestuale da una pagina web di un altro sito diverso al Sito Web ZapaSky deve essere consapevole che:<\/p>\n\n\n\n<p>La riproduzione - totale o parziale - di qualsiasi Contenuto e\/o Servizio del Sito web non \u00e8 consentita senza l'espressa autorizzazione di ZapaSky.<\/p>\n\n\n\n<p>Non \u00e8 consentita alcuna rappresentazione falsa, imprecisa o errata del Sito Web ZapaSky o dei Contenuti e\/o Servizi del Sito Web ZapaSky.<\/p>\n\n\n\n<p>Ad eccezione del collegamento ipertestuale, il sito web sul quale viene stabilito il collegamento ipertestuale non conterr\u00e0 alcun elemento di questo Sito Web che sia protetto come propriet\u00e0 intellettuale dalla legge spagnola, salvo espressa autorizzazione di ZapaSky.<\/p>\n\n\n\n<p>La creazione del collegamento ipertestuale non implica l'esistenza di relazioni tra ZapaSky e il titolare del sito web da cui \u00e8 realizzato, n\u00e9 la conoscenza e l'accettazione da parte di ZapaSky dei contenuti, dei servizi e\/o delle attivit\u00e0 offerte in tale sito web, e viceversa.<\/p>\n\n\n\n<h3 class=\"wp-block-heading\">V. PROPRIET\u00c0 INTELLETTUALE E INDUSTRIALE<\/h3>\n\n\n\n<p>ZapaSky stessa o in qualit\u00e0 di cessionaria, \u00e8 titolare di tutti i diritti di propriet\u00e0 intellettuale e industriale del Sito web, nonch\u00e9 degli elementi in esso contenuti (tra cui, a titolo esemplificativo e non esaustivo, immagini, suoni, audio, video, software o testi, marchi o loghi, combinazioni di colori, struttura e design, selezione dei materiali utilizzati, programmi informatici necessari per il suo funzionamento, accesso e utilizzo, ecc.) Si tratta, pertanto, di opere protette come propriet\u00e0 intellettuale dall'ordinamento giuridico spagnolo, essendo ad esse applicabili sia la normativa spagnola e comunitaria in materia, sia i trattati internazionali relativi alla materia e sottoscritti dalla Spagna.<\/p>\n\n\n\n<p>Tutti i diritti riservati. Ai sensi delle disposizioni della Legge sulla Propriet\u00e0 Intellettuale, sono espressamente vietate la riproduzione, la distribuzione e la comunicazione pubblica, compresa la messa a disposizione, di tutto o parte del contenuto di questo sito web, a fini commerciali, su qualsiasi supporto e con qualsiasi mezzo tecnico, senza l'autorizzazione di ZapaSky.<\/p>\n\n\n\n<p>L'Utente si impegna a rispettare i diritti di propriet\u00e0 intellettuale e industriale di ZapaSky. L'Utente pu\u00f2 visualizzare gli elementi del Sito web o anche stamparli, copiarli e memorizzarli sul disco rigido del proprio computer o su qualsiasi altro supporto fisico, purch\u00e9 sia esclusivamente per uso personale. L'Utente, tuttavia, non potr\u00e0 sopprimere, alterare o manipolare alcun dispositivo di protezione o sistema di sicurezza installato nel sito Web.<\/p>\n\n\n\n<p>Nel caso in cui l'Utente o una terza parte ritenga che uno qualsiasi dei Contenuti del Sito web comporti una violazione dei diritti di protezione della propriet\u00e0 intellettuale, dovr\u00e0 immediatamente comunicarlo a ZapaSky attraverso i recapiti indicati nella Pagina dei contatti.<\/p>\n\n\n\n<h3 class=\"wp-block-heading\">VI. AZIONI LEGALI, LEGGE APPLICABILE E GIURISDIZIONE<\/h3>\n\n\n\n<p>Si riserva il diritto di intraprendere qualsiasi azione civile o penale che ritenga necessaria per l'uso improprio del Sito e dei suoi Contenuti, o per la violazione delle presenti Condizioni.<\/p>\n\n\n\n<p>Il rapporto tra l'Utente e ZapaSky sar\u00e0 regolato dalle norme vigenti e applicabili in territorio spagnolo. In caso di controversie relative all'interpretazione e\/o all'applicazione delle presenti Condizioni, le parti sottoporranno i loro conflitti alla giurisdizione ordinaria, sottoponendosi ai giudici e ai tribunali corrispondenti secondo la legge.<\/p>","protected":false},"excerpt":{"rendered":"<p>I. INFORMACI\u00d3N GENERAL En cumplimiento con el deber de informaci\u00f3n dispuesto en la Ley 34\/2002 de Servicios de la Sociedad de la Informaci\u00f3n y el Comercio Electr\u00f3nico (LSSI-CE) de 11 de julio, se facilitan a continuaci\u00f3n los siguientes datos de informaci\u00f3n general de este sitio web: zapasky.com propiedad de ZapaSky. II. T\u00c9RMINOS Y CONDICIONES GENERALES [&hellip;]<\/p>\n","protected":false},"author":1,"featured_media":0,"parent":0,"menu_order":0,"comment_status":"closed","ping_status":"closed","template":"","meta":{"footnotes":""},"class_list":["post-2090","page","type-page","status-publish","hentry"],"blocksy_meta":[],"yoast_head":"<!-- This site is optimized with the Yoast SEO plugin v27.3 - https:\/\/yoast.com\/product\/yoast-seo-wordpress\/ -->\n<title>Aviso Legal | ZapaSky | The Sneakers Heaven<\/title>\n<meta name=\"description\" content=\"In ZapaSky you will find the sneakers you want at an unbeatable price. We offer clothing, accessories and current fashion of the best quality in our store.\" \/>\n<meta name=\"robots\" content=\"noindex, nofollow\" \/>\n<meta property=\"og:locale\" content=\"it_IT\" \/>\n<meta property=\"og:type\" content=\"article\" \/>\n<meta property=\"og:title\" content=\"Aviso Legal | ZapaSky | The Sneakers Heaven\" \/>\n<meta property=\"og:description\" content=\"In ZapaSky you will find the sneakers you want at an unbeatable price. We offer clothing, accessories and current fashion of the best quality in our store.\" \/>\n<meta property=\"og:url\" content=\"https:\/\/zapasky.com\/it\/aviso-legal\/\" \/>\n<meta property=\"og:site_name\" content=\"ZapaSky | The Sneakers Heaven\" \/>\n<meta property=\"article:modified_time\" content=\"2023-11-05T17:23:33+00:00\" \/>\n<meta property=\"og:image\" content=\"https:\/\/zapasky.com\/wp-content\/uploads\/2023\/11\/ns.jpg\" \/>\n\t<meta property=\"og:image:width\" content=\"1200\" \/>\n\t<meta property=\"og:image:height\" content=\"675\" \/>\n\t<meta property=\"og:image:type\" content=\"image\/jpeg\" \/>\n<meta name=\"twitter:card\" content=\"summary_large_image\" \/>\n<meta name=\"twitter:label1\" content=\"Tempo di lettura stimato\" \/>\n\t<meta name=\"twitter:data1\" content=\"9 minuti\" \/>\n<script type=\"application\/ld+json\" class=\"yoast-schema-graph\">{\"@context\":\"https:\\\/\\\/schema.org\",\"@graph\":[{\"@type\":\"WebPage\",\"@id\":\"https:\\\/\\\/zapasky.com\\\/aviso-legal\\\/\",\"url\":\"https:\\\/\\\/zapasky.com\\\/aviso-legal\\\/\",\"name\":\"Aviso Legal | ZapaSky | The Sneakers Heaven\",\"isPartOf\":{\"@id\":\"https:\\\/\\\/zapasky.com\\\/#website\"},\"datePublished\":\"2023-05-17T20:40:07+00:00\",\"dateModified\":\"2023-11-05T17:23:33+00:00\",\"description\":\"In ZapaSky you will find the sneakers you want at an unbeatable price. We offer clothing, accessories and current fashion of the best quality in our store.\",\"breadcrumb\":{\"@id\":\"https:\\\/\\\/zapasky.com\\\/aviso-legal\\\/#breadcrumb\"},\"inLanguage\":\"it-IT\",\"potentialAction\":[{\"@type\":\"ReadAction\",\"target\":[\"https:\\\/\\\/zapasky.com\\\/aviso-legal\\\/\"]}]},{\"@type\":\"BreadcrumbList\",\"@id\":\"https:\\\/\\\/zapasky.com\\\/aviso-legal\\\/#breadcrumb\",\"itemListElement\":[{\"@type\":\"ListItem\",\"position\":1,\"name\":\"Inicio\",\"item\":\"https:\\\/\\\/zapasky.com\\\/\"},{\"@type\":\"ListItem\",\"position\":2,\"name\":\"Aviso Legal\"}]},{\"@type\":\"WebSite\",\"@id\":\"https:\\\/\\\/zapasky.com\\\/#website\",\"url\":\"https:\\\/\\\/zapasky.com\\\/\",\"name\":\"ZapaSky | The Sneakers Heaven\",\"description\":\"In ZapaSky you will find the sneakers you want at an unbeatable price. We offer clothing, accessories and current fashion of the best quality in our store.\",\"publisher\":{\"@id\":\"https:\\\/\\\/zapasky.com\\\/#organization\"},\"alternateName\":\"ZAPASKY\",\"potentialAction\":[{\"@type\":\"SearchAction\",\"target\":{\"@type\":\"EntryPoint\",\"urlTemplate\":\"https:\\\/\\\/zapasky.com\\\/?s={search_term_string}\"},\"query-input\":{\"@type\":\"PropertyValueSpecification\",\"valueRequired\":true,\"valueName\":\"search_term_string\"}}],\"inLanguage\":\"it-IT\"},{\"@type\":\"Organization\",\"@id\":\"https:\\\/\\\/zapasky.com\\\/#organization\",\"name\":\"ZapaSky\",\"url\":\"https:\\\/\\\/zapasky.com\\\/\",\"logo\":{\"@type\":\"ImageObject\",\"inLanguage\":\"it-IT\",\"@id\":\"https:\\\/\\\/zapasky.com\\\/#\\\/schema\\\/logo\\\/image\\\/\",\"url\":\"https:\\\/\\\/zapasky.com\\\/wp-content\\\/uploads\\\/2023\\\/07\\\/Diseno-sin-titulo-3-fotor-bg-remover-2023062544226.png\",\"contentUrl\":\"https:\\\/\\\/zapasky.com\\\/wp-content\\\/uploads\\\/2023\\\/07\\\/Diseno-sin-titulo-3-fotor-bg-remover-2023062544226.png\",\"width\":500,\"height\":500,\"caption\":\"ZapaSky\"},\"image\":{\"@id\":\"https:\\\/\\\/zapasky.com\\\/#\\\/schema\\\/logo\\\/image\\\/\"},\"sameAs\":[\"https:\\\/\\\/www.instagram.com\\\/zapasky\\\/\",\"https:\\\/\\\/www.youtube.com\\\/@ZapaSky\\\/shorts\",\"https:\\\/\\\/www.tiktok.com\\\/@zapasky\"]}]}<\/script>\n<!-- \/ Yoast SEO plugin. -->","yoast_head_json":{"title":"Aviso Legal | ZapaSky | The Sneakers Heaven","description":"In ZapaSky troverete le sneakers che desiderate a un prezzo imbattibile. Nel nostro negozio offriamo abbigliamento, accessori e moda attuale della migliore qualit\u00e0.","robots":{"index":"noindex","follow":"nofollow"},"og_locale":"it_IT","og_type":"article","og_title":"Aviso Legal | ZapaSky | The Sneakers Heaven","og_description":"In ZapaSky you will find the sneakers you want at an unbeatable price. We offer clothing, accessories and current fashion of the best quality in our store.","og_url":"https:\/\/zapasky.com\/it\/aviso-legal\/","og_site_name":"ZapaSky | The Sneakers Heaven","article_modified_time":"2023-11-05T17:23:33+00:00","og_image":[{"width":1200,"height":675,"url":"https:\/\/zapasky.com\/wp-content\/uploads\/2023\/11\/ns.jpg","type":"image\/jpeg"}],"twitter_card":"summary_large_image","twitter_misc":{"Tempo di lettura stimato":"9 minuti"},"schema":{"@context":"https:\/\/schema.org","@graph":[{"@type":"WebPage","@id":"https:\/\/zapasky.com\/aviso-legal\/","url":"https:\/\/zapasky.com\/aviso-legal\/","name":"Aviso Legal | ZapaSky | The Sneakers Heaven","isPartOf":{"@id":"https:\/\/zapasky.com\/#website"},"datePublished":"2023-05-17T20:40:07+00:00","dateModified":"2023-11-05T17:23:33+00:00","description":"In ZapaSky troverete le sneakers che desiderate a un prezzo imbattibile. Nel nostro negozio offriamo abbigliamento, accessori e moda attuale della migliore qualit\u00e0.","breadcrumb":{"@id":"https:\/\/zapasky.com\/aviso-legal\/#breadcrumb"},"inLanguage":"it-IT","potentialAction":[{"@type":"ReadAction","target":["https:\/\/zapasky.com\/aviso-legal\/"]}]},{"@type":"BreadcrumbList","@id":"https:\/\/zapasky.com\/aviso-legal\/#breadcrumb","itemListElement":[{"@type":"ListItem","position":1,"name":"Inicio","item":"https:\/\/zapasky.com\/"},{"@type":"ListItem","position":2,"name":"Aviso Legal"}]},{"@type":"WebSite","@id":"https:\/\/zapasky.com\/#website","url":"https:\/\/zapasky.com\/","name":"ZapaSky | Il paradiso delle scarpe da ginnastica","description":"In ZapaSky troverete le sneakers che desiderate a un prezzo imbattibile. Nel nostro negozio offriamo abbigliamento, accessori e moda attuale della migliore qualit\u00e0.","publisher":{"@id":"https:\/\/zapasky.com\/#organization"},"alternateName":"ZAPASKY","potentialAction":[{"@type":"SearchAction","target":{"@type":"EntryPoint","urlTemplate":"https:\/\/zapasky.com\/?s={search_term_string}"},"query-input":{"@type":"PropertyValueSpecification","valueRequired":true,"valueName":"search_term_string"}}],"inLanguage":"it-IT"},{"@type":"Organization","@id":"https:\/\/zapasky.com\/#organization","name":"ZapaSky","url":"https:\/\/zapasky.com\/","logo":{"@type":"ImageObject","inLanguage":"it-IT","@id":"https:\/\/zapasky.com\/#\/schema\/logo\/image\/","url":"https:\/\/zapasky.com\/wp-content\/uploads\/2023\/07\/Diseno-sin-titulo-3-fotor-bg-remover-2023062544226.png","contentUrl":"https:\/\/zapasky.com\/wp-content\/uploads\/2023\/07\/Diseno-sin-titulo-3-fotor-bg-remover-2023062544226.png","width":500,"height":500,"caption":"ZapaSky"},"image":{"@id":"https:\/\/zapasky.com\/#\/schema\/logo\/image\/"},"sameAs":["https:\/\/www.instagram.com\/zapasky\/","https:\/\/www.youtube.com\/@ZapaSky\/shorts","https:\/\/www.tiktok.com\/@zapasky"]}]}},"jetpack_sharing_enabled":true,"_links":{"self":[{"href":"https:\/\/zapasky.com\/it\/wp-json\/wp\/v2\/pages\/2090","targetHints":{"allow":["GET"]}}],"collection":[{"href":"https:\/\/zapasky.com\/it\/wp-json\/wp\/v2\/pages"}],"about":[{"href":"https:\/\/zapasky.com\/it\/wp-json\/wp\/v2\/types\/page"}],"author":[{"embeddable":true,"href":"https:\/\/zapasky.com\/it\/wp-json\/wp\/v2\/users\/1"}],"replies":[{"embeddable":true,"href":"https:\/\/zapasky.com\/it\/wp-json\/wp\/v2\/comments?post=2090"}],"version-history":[{"count":15,"href":"https:\/\/zapasky.com\/it\/wp-json\/wp\/v2\/pages\/2090\/revisions"}],"predecessor-version":[{"id":8901,"href":"https:\/\/zapasky.com\/it\/wp-json\/wp\/v2\/pages\/2090\/revisions\/8901"}],"wp:attachment":[{"href":"https:\/\/zapasky.com\/it\/wp-json\/wp\/v2\/media?parent=2090"}],"curies":[{"name":"wp","href":"https:\/\/api.w.org\/{rel}","templated":true}]}}