{"id":209,"date":"2023-05-17T20:28:44","date_gmt":"2023-05-17T20:28:44","guid":{"rendered":"https:\/\/zapasky.com\/?post_type=product&#038;p=209"},"modified":"2024-04-15T18:34:12","modified_gmt":"2024-04-15T18:34:12","slug":"nike-air-uptempo-tri-color","status":"publish","type":"product","link":"https:\/\/zapasky.com\/nl\/product\/nike-air-uptempo-tri-color\/","title":{"rendered":"Nike Air Uptempo- driekleur"},"content":{"rendered":"","protected":false},"excerpt":{"rendered":"<p>M\u00e1s Air visible. M\u00e1s color. M\u00e1s letras gigantes. Las Air More uptempo \u201996 capturan el esp\u00edritu de su \u00e9poca como ning\u00fan otro modelo, conservando las caracter\u00edsticas que las han convertido en una silueta eterna. Esta edici\u00f3n limitada rinde homenaje a una carrera de campeonato hist\u00f3rica con una combinaci\u00f3n de colores en rojo llamativo, negro y blanco.<\/p>","protected":false},"featured_media":239,"template":"","meta":[],"product_brand":[],"product_cat":[28,24],"product_tag":[],"class_list":{"0":"post-209","1":"product","2":"type-product","3":"status-publish","4":"has-post-thumbnail","6":"product_cat-air-uptempo","7":"product_cat-nike","9":"first","10":"instock","11":"sale","12":"shipping-taxable","13":"purchasable","14":"product-type-variable"},"yoast_head":"<!-- This site is optimized with the Yoast SEO plugin v27.3 - https:\/\/yoast.com\/product\/yoast-seo-wordpress\/ -->\n<title>Nike Air Uptempo- Tri color<\/title>\n<meta name=\"description\" content=\"In ZapaSky you will find the sneakers you want at an unbeatable price. We offer clothing, accessories and current fashion of the best quality in our store.\" \/>\n<meta name=\"robots\" content=\"index, follow, max-snippet:-1, max-image-preview:large, max-video-preview:-1\" \/>\n<link rel=\"canonical\" href=\"https:\/\/zapasky.com\/nl\/product\/nike-air-uptempo-tri-color\/\" \/>\n<meta property=\"og:locale\" content=\"nl_NL\" \/>\n<meta property=\"og:type\" content=\"article\" \/>\n<meta property=\"og:title\" content=\"Nike Air Uptempo- Tri color\" \/>\n<meta property=\"og:description\" content=\"In ZapaSky you will find the sneakers you want at an unbeatable price. We offer clothing, accessories and current fashion of the best quality in our store.\" \/>\n<meta property=\"og:url\" content=\"https:\/\/zapasky.com\/nl\/product\/nike-air-uptempo-tri-color\/\" \/>\n<meta property=\"og:site_name\" content=\"ZapaSky | The Sneakers Heaven\" \/>\n<meta property=\"article:modified_time\" content=\"2024-04-15T18:34:12+00:00\" \/>\n<meta property=\"og:image\" content=\"https:\/\/zapasky.es\/wp-content\/uploads\/2023\/05\/Tri-color-1.jpg\" \/>\n\t<meta property=\"og:image:width\" content=\"800\" \/>\n\t<meta property=\"og:image:height\" content=\"800\" \/>\n\t<meta property=\"og:image:type\" content=\"image\/jpeg\" \/>\n<meta name=\"twitter:card\" content=\"summary_large_image\" \/>\n<script type=\"application\/ld+json\" class=\"yoast-schema-graph\">{\"@context\":\"https:\\\/\\\/schema.org\",\"@graph\":[{\"@type\":\"WebPage\",\"@id\":\"https:\\\/\\\/zapasky.com\\\/producto\\\/nike-air-uptempo-tri-color\\\/\",\"url\":\"https:\\\/\\\/zapasky.com\\\/producto\\\/nike-air-uptempo-tri-color\\\/\",\"name\":\"Nike Air Uptempo- Tri color\",\"isPartOf\":{\"@id\":\"https:\\\/\\\/zapasky.com\\\/#website\"},\"primaryImageOfPage\":{\"@id\":\"https:\\\/\\\/zapasky.com\\\/producto\\\/nike-air-uptempo-tri-color\\\/#primaryimage\"},\"image\":{\"@id\":\"https:\\\/\\\/zapasky.com\\\/producto\\\/nike-air-uptempo-tri-color\\\/#primaryimage\"},\"thumbnailUrl\":\"https:\\\/\\\/zapasky.com\\\/wp-content\\\/uploads\\\/2023\\\/05\\\/nike-air-uptempo-tri-color.jpg\",\"datePublished\":\"2023-05-17T20:28:44+00:00\",\"dateModified\":\"2024-04-15T18:34:12+00:00\",\"description\":\"In ZapaSky you will find the sneakers you want at an unbeatable price. We offer clothing, accessories and current fashion of the best quality in our store.\",\"breadcrumb\":{\"@id\":\"https:\\\/\\\/zapasky.com\\\/producto\\\/nike-air-uptempo-tri-color\\\/#breadcrumb\"},\"inLanguage\":\"nl-NL\",\"potentialAction\":[{\"@type\":\"ReadAction\",\"target\":[\"https:\\\/\\\/zapasky.com\\\/producto\\\/nike-air-uptempo-tri-color\\\/\"]}]},{\"@type\":\"ImageObject\",\"inLanguage\":\"nl-NL\",\"@id\":\"https:\\\/\\\/zapasky.com\\\/producto\\\/nike-air-uptempo-tri-color\\\/#primaryimage\",\"url\":\"https:\\\/\\\/zapasky.com\\\/wp-content\\\/uploads\\\/2023\\\/05\\\/nike-air-uptempo-tri-color.jpg\",\"contentUrl\":\"https:\\\/\\\/zapasky.com\\\/wp-content\\\/uploads\\\/2023\\\/05\\\/nike-air-uptempo-tri-color.jpg\",\"width\":800,\"height\":800},{\"@type\":\"BreadcrumbList\",\"@id\":\"https:\\\/\\\/zapasky.com\\\/producto\\\/nike-air-uptempo-tri-color\\\/#breadcrumb\",\"itemListElement\":[{\"@type\":\"ListItem\",\"position\":1,\"name\":\"Inicio\",\"item\":\"https:\\\/\\\/zapasky.com\\\/\"},{\"@type\":\"ListItem\",\"position\":2,\"name\":\"LAS ULTIMAS NOVEDADES\",\"item\":\"https:\\\/\\\/zapasky.com\\\/shop\\\/\"},{\"@type\":\"ListItem\",\"position\":3,\"name\":\"Nike Air Uptempo- Tri color\"}]},{\"@type\":\"WebSite\",\"@id\":\"https:\\\/\\\/zapasky.com\\\/#website\",\"url\":\"https:\\\/\\\/zapasky.com\\\/\",\"name\":\"ZapaSky | The Sneakers Heaven\",\"description\":\"In ZapaSky you will find the sneakers you want at an unbeatable price. We offer clothing, accessories and current fashion of the best quality in our store.\",\"publisher\":{\"@id\":\"https:\\\/\\\/zapasky.com\\\/#organization\"},\"alternateName\":\"ZAPASKY\",\"potentialAction\":[{\"@type\":\"SearchAction\",\"target\":{\"@type\":\"EntryPoint\",\"urlTemplate\":\"https:\\\/\\\/zapasky.com\\\/?s={search_term_string}\"},\"query-input\":{\"@type\":\"PropertyValueSpecification\",\"valueRequired\":true,\"valueName\":\"search_term_string\"}}],\"inLanguage\":\"nl-NL\"},{\"@type\":\"Organization\",\"@id\":\"https:\\\/\\\/zapasky.com\\\/#organization\",\"name\":\"ZapaSky\",\"url\":\"https:\\\/\\\/zapasky.com\\\/\",\"logo\":{\"@type\":\"ImageObject\",\"inLanguage\":\"nl-NL\",\"@id\":\"https:\\\/\\\/zapasky.com\\\/#\\\/schema\\\/logo\\\/image\\\/\",\"url\":\"https:\\\/\\\/zapasky.com\\\/wp-content\\\/uploads\\\/2023\\\/07\\\/Diseno-sin-titulo-3-fotor-bg-remover-2023062544226.png\",\"contentUrl\":\"https:\\\/\\\/zapasky.com\\\/wp-content\\\/uploads\\\/2023\\\/07\\\/Diseno-sin-titulo-3-fotor-bg-remover-2023062544226.png\",\"width\":500,\"height\":500,\"caption\":\"ZapaSky\"},\"image\":{\"@id\":\"https:\\\/\\\/zapasky.com\\\/#\\\/schema\\\/logo\\\/image\\\/\"},\"sameAs\":[\"https:\\\/\\\/www.instagram.com\\\/zapasky\\\/\",\"https:\\\/\\\/www.youtube.com\\\/@ZapaSky\\\/shorts\",\"https:\\\/\\\/www.tiktok.com\\\/@zapasky\"]}]}<\/script>\n<!-- \/ Yoast SEO plugin. -->","yoast_head_json":{"title":"Nike Air Uptempo- driekleur","description":"Bij ZapaSky vind je de sneakers die je wilt voor een onverslaanbare prijs. Wij bieden kleding, accessoires en actuele mode van de beste kwaliteit in onze winkel.","robots":{"index":"index","follow":"follow","max-snippet":"max-snippet:-1","max-image-preview":"max-image-preview:large","max-video-preview":"max-video-preview:-1"},"canonical":"https:\/\/zapasky.com\/nl\/product\/nike-air-uptempo-tri-color\/","og_locale":"nl_NL","og_type":"article","og_title":"Nike Air Uptempo- Tri color","og_description":"In ZapaSky you will find the sneakers you want at an unbeatable price. We offer clothing, accessories and current fashion of the best quality in our store.","og_url":"https:\/\/zapasky.com\/nl\/product\/nike-air-uptempo-tri-color\/","og_site_name":"ZapaSky | The Sneakers Heaven","article_modified_time":"2024-04-15T18:34:12+00:00","og_image":[{"width":800,"height":800,"url":"https:\/\/zapasky.es\/wp-content\/uploads\/2023\/05\/Tri-color-1.jpg","type":"image\/jpeg"}],"twitter_card":"summary_large_image","schema":{"@context":"https:\/\/schema.org","@graph":[{"@type":"WebPage","@id":"https:\/\/zapasky.com\/producto\/nike-air-uptempo-tri-color\/","url":"https:\/\/zapasky.com\/producto\/nike-air-uptempo-tri-color\/","name":"Nike Air Uptempo- driekleur","isPartOf":{"@id":"https:\/\/zapasky.com\/#website"},"primaryImageOfPage":{"@id":"https:\/\/zapasky.com\/producto\/nike-air-uptempo-tri-color\/#primaryimage"},"image":{"@id":"https:\/\/zapasky.com\/producto\/nike-air-uptempo-tri-color\/#primaryimage"},"thumbnailUrl":"https:\/\/zapasky.com\/wp-content\/uploads\/2023\/05\/nike-air-uptempo-tri-color.jpg","datePublished":"2023-05-17T20:28:44+00:00","dateModified":"2024-04-15T18:34:12+00:00","description":"Bij ZapaSky vind je de sneakers die je wilt voor een onverslaanbare prijs. Wij bieden kleding, accessoires en actuele mode van de beste kwaliteit in onze winkel.","breadcrumb":{"@id":"https:\/\/zapasky.com\/producto\/nike-air-uptempo-tri-color\/#breadcrumb"},"inLanguage":"nl-NL","potentialAction":[{"@type":"ReadAction","target":["https:\/\/zapasky.com\/producto\/nike-air-uptempo-tri-color\/"]}]},{"@type":"ImageObject","inLanguage":"nl-NL","@id":"https:\/\/zapasky.com\/producto\/nike-air-uptempo-tri-color\/#primaryimage","url":"https:\/\/zapasky.com\/wp-content\/uploads\/2023\/05\/nike-air-uptempo-tri-color.jpg","contentUrl":"https:\/\/zapasky.com\/wp-content\/uploads\/2023\/05\/nike-air-uptempo-tri-color.jpg","width":800,"height":800},{"@type":"BreadcrumbList","@id":"https:\/\/zapasky.com\/producto\/nike-air-uptempo-tri-color\/#breadcrumb","itemListElement":[{"@type":"ListItem","position":1,"name":"Inicio","item":"https:\/\/zapasky.com\/"},{"@type":"ListItem","position":2,"name":"LAS ULTIMAS NOVEDADES","item":"https:\/\/zapasky.com\/shop\/"},{"@type":"ListItem","position":3,"name":"Nike Air Uptempo- Tri color"}]},{"@type":"WebSite","@id":"https:\/\/zapasky.com\/#website","url":"https:\/\/zapasky.com\/","name":"ZapaSky | De Sneakers Hemel","description":"Bij ZapaSky vind je de sneakers die je wilt voor een onverslaanbare prijs. Wij bieden kleding, accessoires en actuele mode van de beste kwaliteit in onze winkel.","publisher":{"@id":"https:\/\/zapasky.com\/#organization"},"alternateName":"ZAPASKY","potentialAction":[{"@type":"SearchAction","target":{"@type":"EntryPoint","urlTemplate":"https:\/\/zapasky.com\/?s={search_term_string}"},"query-input":{"@type":"PropertyValueSpecification","valueRequired":true,"valueName":"search_term_string"}}],"inLanguage":"nl-NL"},{"@type":"Organization","@id":"https:\/\/zapasky.com\/#organization","name":"ZapaSky","url":"https:\/\/zapasky.com\/","logo":{"@type":"ImageObject","inLanguage":"nl-NL","@id":"https:\/\/zapasky.com\/#\/schema\/logo\/image\/","url":"https:\/\/zapasky.com\/wp-content\/uploads\/2023\/07\/Diseno-sin-titulo-3-fotor-bg-remover-2023062544226.png","contentUrl":"https:\/\/zapasky.com\/wp-content\/uploads\/2023\/07\/Diseno-sin-titulo-3-fotor-bg-remover-2023062544226.png","width":500,"height":500,"caption":"ZapaSky"},"image":{"@id":"https:\/\/zapasky.com\/#\/schema\/logo\/image\/"},"sameAs":["https:\/\/www.instagram.com\/zapasky\/","https:\/\/www.youtube.com\/@ZapaSky\/shorts","https:\/\/www.tiktok.com\/@zapasky"]}]}},"jetpack_sharing_enabled":true,"_links":{"self":[{"href":"https:\/\/zapasky.com\/nl\/wp-json\/wp\/v2\/product\/209","targetHints":{"allow":["GET"]}}],"collection":[{"href":"https:\/\/zapasky.com\/nl\/wp-json\/wp\/v2\/product"}],"about":[{"href":"https:\/\/zapasky.com\/nl\/wp-json\/wp\/v2\/types\/product"}],"wp:featuredmedia":[{"embeddable":true,"href":"https:\/\/zapasky.com\/nl\/wp-json\/wp\/v2\/media\/239"}],"wp:attachment":[{"href":"https:\/\/zapasky.com\/nl\/wp-json\/wp\/v2\/media?parent=209"}],"wp:term":[{"taxonomy":"product_brand","embeddable":true,"href":"https:\/\/zapasky.com\/nl\/wp-json\/wp\/v2\/product_brand?post=209"},{"taxonomy":"product_cat","embeddable":true,"href":"https:\/\/zapasky.com\/nl\/wp-json\/wp\/v2\/product_cat?post=209"},{"taxonomy":"product_tag","embeddable":true,"href":"https:\/\/zapasky.com\/nl\/wp-json\/wp\/v2\/product_tag?post=209"}],"curies":[{"name":"wp","href":"https:\/\/api.w.org\/{rel}","templated":true}]}}