{"id":5974,"date":"2023-06-21T17:51:04","date_gmt":"2023-06-21T17:51:04","guid":{"rendered":"https:\/\/zapasky.com\/?post_type=product&#038;p=5974"},"modified":"2024-04-16T22:26:32","modified_gmt":"2024-04-16T22:26:32","slug":"salomon-xt-6-black","status":"publish","type":"product","link":"https:\/\/zapasky.com\/nl\/product\/salomon-xt-6-black\/","title":{"rendered":"Salomon XT-6 - Zwart"},"content":{"rendered":"","protected":false},"excerpt":{"rendered":"<p>Presentada por primera vez en 2013, la XT-6 es la preferida de deportistas de categor\u00eda mundial para competir en carreras de ultradistancia en las condiciones m\u00e1s adversas. Ahora vuelve con m\u00e1s colores y materiales actualizados, pero con el mismo nivel de amortiguaci\u00f3n, durabilidad y control en descensos.<\/p>","protected":false},"featured_media":5908,"template":"","meta":[],"product_brand":[],"product_cat":[101],"product_tag":[],"class_list":{"0":"post-5974","1":"product","2":"type-product","3":"status-publish","4":"has-post-thumbnail","6":"product_cat-salomon-xt-6","8":"first","9":"instock","10":"sale","11":"shipping-taxable","12":"purchasable","13":"product-type-variable"},"yoast_head":"<!-- This site is optimized with the Yoast SEO plugin v27.3 - https:\/\/yoast.com\/product\/yoast-seo-wordpress\/ -->\n<title>Salomon XT-6 - Black<\/title>\n<meta name=\"description\" content=\"In ZapaSky you will find the sneakers you want at an unbeatable price. We offer clothing, accessories and current fashion of the best quality in our store.\" \/>\n<meta name=\"robots\" content=\"index, follow, max-snippet:-1, max-image-preview:large, max-video-preview:-1\" \/>\n<link rel=\"canonical\" href=\"https:\/\/zapasky.es\/producto\/salomon-xt-6-black\/\" \/>\n<meta property=\"og:locale\" content=\"nl_NL\" \/>\n<meta property=\"og:type\" content=\"article\" \/>\n<meta property=\"og:title\" content=\"Salomon XT-6 - Black\" \/>\n<meta property=\"og:description\" content=\"In ZapaSky you will find the sneakers you want at an unbeatable price. We offer clothing, accessories and current fashion of the best quality in our store.\" \/>\n<meta property=\"og:url\" content=\"https:\/\/zapasky.es\/producto\/salomon-xt-6-black\/\" \/>\n<meta property=\"og:site_name\" content=\"ZapaSky | The Sneakers Heaven\" \/>\n<meta property=\"article:modified_time\" content=\"2024-04-16T22:26:32+00:00\" \/>\n<meta property=\"og:image\" content=\"https:\/\/zapasky.es\/wp-content\/uploads\/2023\/06\/salomon-advanced-xt-6-l41086600-4-1.jpg\" \/>\n\t<meta property=\"og:image:width\" content=\"2000\" \/>\n\t<meta property=\"og:image:height\" content=\"2500\" \/>\n\t<meta property=\"og:image:type\" content=\"image\/jpeg\" \/>\n<meta name=\"twitter:card\" content=\"summary_large_image\" \/>\n<script type=\"application\/ld+json\" class=\"yoast-schema-graph\">{\"@context\":\"https:\\\/\\\/schema.org\",\"@graph\":[{\"@type\":\"WebPage\",\"@id\":\"https:\\\/\\\/zapasky.es\\\/producto\\\/salomon-xt-6-black\\\/\",\"url\":\"https:\\\/\\\/zapasky.es\\\/producto\\\/salomon-xt-6-black\\\/\",\"name\":\"Salomon XT-6 - Black\",\"isPartOf\":{\"@id\":\"https:\\\/\\\/zapasky.com\\\/#website\"},\"primaryImageOfPage\":{\"@id\":\"https:\\\/\\\/zapasky.es\\\/producto\\\/salomon-xt-6-black\\\/#primaryimage\"},\"image\":{\"@id\":\"https:\\\/\\\/zapasky.es\\\/producto\\\/salomon-xt-6-black\\\/#primaryimage\"},\"thumbnailUrl\":\"https:\\\/\\\/zapasky.com\\\/wp-content\\\/uploads\\\/2023\\\/06\\\/salomon-xt-6-gore-tex-50.jpg\",\"datePublished\":\"2023-06-21T17:51:04+00:00\",\"dateModified\":\"2024-04-16T22:26:32+00:00\",\"description\":\"In ZapaSky you will find the sneakers you want at an unbeatable price. We offer clothing, accessories and current fashion of the best quality in our store.\",\"breadcrumb\":{\"@id\":\"https:\\\/\\\/zapasky.es\\\/producto\\\/salomon-xt-6-black\\\/#breadcrumb\"},\"inLanguage\":\"nl-NL\",\"potentialAction\":[{\"@type\":\"ReadAction\",\"target\":[\"https:\\\/\\\/zapasky.es\\\/producto\\\/salomon-xt-6-black\\\/\"]}]},{\"@type\":\"ImageObject\",\"inLanguage\":\"nl-NL\",\"@id\":\"https:\\\/\\\/zapasky.es\\\/producto\\\/salomon-xt-6-black\\\/#primaryimage\",\"url\":\"https:\\\/\\\/zapasky.com\\\/wp-content\\\/uploads\\\/2023\\\/06\\\/salomon-xt-6-gore-tex-50.jpg\",\"contentUrl\":\"https:\\\/\\\/zapasky.com\\\/wp-content\\\/uploads\\\/2023\\\/06\\\/salomon-xt-6-gore-tex-50.jpg\",\"width\":2000,\"height\":2500},{\"@type\":\"BreadcrumbList\",\"@id\":\"https:\\\/\\\/zapasky.es\\\/producto\\\/salomon-xt-6-black\\\/#breadcrumb\",\"itemListElement\":[{\"@type\":\"ListItem\",\"position\":1,\"name\":\"Inicio\",\"item\":\"https:\\\/\\\/zapasky.com\\\/\"},{\"@type\":\"ListItem\",\"position\":2,\"name\":\"LAS ULTIMAS NOVEDADES\",\"item\":\"https:\\\/\\\/zapasky.com\\\/shop\\\/\"},{\"@type\":\"ListItem\",\"position\":3,\"name\":\"Salomon XT-6 &#8211; Black\"}]},{\"@type\":\"WebSite\",\"@id\":\"https:\\\/\\\/zapasky.com\\\/#website\",\"url\":\"https:\\\/\\\/zapasky.com\\\/\",\"name\":\"ZapaSky | The Sneakers Heaven\",\"description\":\"In ZapaSky you will find the sneakers you want at an unbeatable price. We offer clothing, accessories and current fashion of the best quality in our store.\",\"publisher\":{\"@id\":\"https:\\\/\\\/zapasky.com\\\/#organization\"},\"alternateName\":\"ZAPASKY\",\"potentialAction\":[{\"@type\":\"SearchAction\",\"target\":{\"@type\":\"EntryPoint\",\"urlTemplate\":\"https:\\\/\\\/zapasky.com\\\/?s={search_term_string}\"},\"query-input\":{\"@type\":\"PropertyValueSpecification\",\"valueRequired\":true,\"valueName\":\"search_term_string\"}}],\"inLanguage\":\"nl-NL\"},{\"@type\":\"Organization\",\"@id\":\"https:\\\/\\\/zapasky.com\\\/#organization\",\"name\":\"ZapaSky\",\"url\":\"https:\\\/\\\/zapasky.com\\\/\",\"logo\":{\"@type\":\"ImageObject\",\"inLanguage\":\"nl-NL\",\"@id\":\"https:\\\/\\\/zapasky.com\\\/#\\\/schema\\\/logo\\\/image\\\/\",\"url\":\"https:\\\/\\\/zapasky.com\\\/wp-content\\\/uploads\\\/2023\\\/07\\\/Diseno-sin-titulo-3-fotor-bg-remover-2023062544226.png\",\"contentUrl\":\"https:\\\/\\\/zapasky.com\\\/wp-content\\\/uploads\\\/2023\\\/07\\\/Diseno-sin-titulo-3-fotor-bg-remover-2023062544226.png\",\"width\":500,\"height\":500,\"caption\":\"ZapaSky\"},\"image\":{\"@id\":\"https:\\\/\\\/zapasky.com\\\/#\\\/schema\\\/logo\\\/image\\\/\"},\"sameAs\":[\"https:\\\/\\\/www.instagram.com\\\/zapasky\\\/\",\"https:\\\/\\\/www.youtube.com\\\/@ZapaSky\\\/shorts\",\"https:\\\/\\\/www.tiktok.com\\\/@zapasky\"]}]}<\/script>\n<!-- \/ Yoast SEO plugin. -->","yoast_head_json":{"title":"Salomon XT-6 - Zwart","description":"Bij ZapaSky vind je de sneakers die je wilt voor een onverslaanbare prijs. Wij bieden kleding, accessoires en actuele mode van de beste kwaliteit in onze winkel.","robots":{"index":"index","follow":"follow","max-snippet":"max-snippet:-1","max-image-preview":"max-image-preview:large","max-video-preview":"max-video-preview:-1"},"canonical":"https:\/\/zapasky.es\/producto\/salomon-xt-6-black\/","og_locale":"nl_NL","og_type":"article","og_title":"Salomon XT-6 - Black","og_description":"In ZapaSky you will find the sneakers you want at an unbeatable price. We offer clothing, accessories and current fashion of the best quality in our store.","og_url":"https:\/\/zapasky.es\/producto\/salomon-xt-6-black\/","og_site_name":"ZapaSky | The Sneakers Heaven","article_modified_time":"2024-04-16T22:26:32+00:00","og_image":[{"width":2000,"height":2500,"url":"https:\/\/zapasky.es\/wp-content\/uploads\/2023\/06\/salomon-advanced-xt-6-l41086600-4-1.jpg","type":"image\/jpeg"}],"twitter_card":"summary_large_image","schema":{"@context":"https:\/\/schema.org","@graph":[{"@type":"WebPage","@id":"https:\/\/zapasky.es\/producto\/salomon-xt-6-black\/","url":"https:\/\/zapasky.es\/producto\/salomon-xt-6-black\/","name":"Salomon XT-6 - Zwart","isPartOf":{"@id":"https:\/\/zapasky.com\/#website"},"primaryImageOfPage":{"@id":"https:\/\/zapasky.es\/producto\/salomon-xt-6-black\/#primaryimage"},"image":{"@id":"https:\/\/zapasky.es\/producto\/salomon-xt-6-black\/#primaryimage"},"thumbnailUrl":"https:\/\/zapasky.com\/wp-content\/uploads\/2023\/06\/salomon-xt-6-gore-tex-50.jpg","datePublished":"2023-06-21T17:51:04+00:00","dateModified":"2024-04-16T22:26:32+00:00","description":"Bij ZapaSky vind je de sneakers die je wilt voor een onverslaanbare prijs. Wij bieden kleding, accessoires en actuele mode van de beste kwaliteit in onze winkel.","breadcrumb":{"@id":"https:\/\/zapasky.es\/producto\/salomon-xt-6-black\/#breadcrumb"},"inLanguage":"nl-NL","potentialAction":[{"@type":"ReadAction","target":["https:\/\/zapasky.es\/producto\/salomon-xt-6-black\/"]}]},{"@type":"ImageObject","inLanguage":"nl-NL","@id":"https:\/\/zapasky.es\/producto\/salomon-xt-6-black\/#primaryimage","url":"https:\/\/zapasky.com\/wp-content\/uploads\/2023\/06\/salomon-xt-6-gore-tex-50.jpg","contentUrl":"https:\/\/zapasky.com\/wp-content\/uploads\/2023\/06\/salomon-xt-6-gore-tex-50.jpg","width":2000,"height":2500},{"@type":"BreadcrumbList","@id":"https:\/\/zapasky.es\/producto\/salomon-xt-6-black\/#breadcrumb","itemListElement":[{"@type":"ListItem","position":1,"name":"Inicio","item":"https:\/\/zapasky.com\/"},{"@type":"ListItem","position":2,"name":"LAS ULTIMAS NOVEDADES","item":"https:\/\/zapasky.com\/shop\/"},{"@type":"ListItem","position":3,"name":"Salomon XT-6 &#8211; Black"}]},{"@type":"WebSite","@id":"https:\/\/zapasky.com\/#website","url":"https:\/\/zapasky.com\/","name":"ZapaSky | De Sneakers Hemel","description":"Bij ZapaSky vind je de sneakers die je wilt voor een onverslaanbare prijs. Wij bieden kleding, accessoires en actuele mode van de beste kwaliteit in onze winkel.","publisher":{"@id":"https:\/\/zapasky.com\/#organization"},"alternateName":"ZAPASKY","potentialAction":[{"@type":"SearchAction","target":{"@type":"EntryPoint","urlTemplate":"https:\/\/zapasky.com\/?s={search_term_string}"},"query-input":{"@type":"PropertyValueSpecification","valueRequired":true,"valueName":"search_term_string"}}],"inLanguage":"nl-NL"},{"@type":"Organization","@id":"https:\/\/zapasky.com\/#organization","name":"ZapaSky","url":"https:\/\/zapasky.com\/","logo":{"@type":"ImageObject","inLanguage":"nl-NL","@id":"https:\/\/zapasky.com\/#\/schema\/logo\/image\/","url":"https:\/\/zapasky.com\/wp-content\/uploads\/2023\/07\/Diseno-sin-titulo-3-fotor-bg-remover-2023062544226.png","contentUrl":"https:\/\/zapasky.com\/wp-content\/uploads\/2023\/07\/Diseno-sin-titulo-3-fotor-bg-remover-2023062544226.png","width":500,"height":500,"caption":"ZapaSky"},"image":{"@id":"https:\/\/zapasky.com\/#\/schema\/logo\/image\/"},"sameAs":["https:\/\/www.instagram.com\/zapasky\/","https:\/\/www.youtube.com\/@ZapaSky\/shorts","https:\/\/www.tiktok.com\/@zapasky"]}]}},"jetpack_sharing_enabled":true,"_links":{"self":[{"href":"https:\/\/zapasky.com\/nl\/wp-json\/wp\/v2\/product\/5974","targetHints":{"allow":["GET"]}}],"collection":[{"href":"https:\/\/zapasky.com\/nl\/wp-json\/wp\/v2\/product"}],"about":[{"href":"https:\/\/zapasky.com\/nl\/wp-json\/wp\/v2\/types\/product"}],"wp:featuredmedia":[{"embeddable":true,"href":"https:\/\/zapasky.com\/nl\/wp-json\/wp\/v2\/media\/5908"}],"wp:attachment":[{"href":"https:\/\/zapasky.com\/nl\/wp-json\/wp\/v2\/media?parent=5974"}],"wp:term":[{"taxonomy":"product_brand","embeddable":true,"href":"https:\/\/zapasky.com\/nl\/wp-json\/wp\/v2\/product_brand?post=5974"},{"taxonomy":"product_cat","embeddable":true,"href":"https:\/\/zapasky.com\/nl\/wp-json\/wp\/v2\/product_cat?post=5974"},{"taxonomy":"product_tag","embeddable":true,"href":"https:\/\/zapasky.com\/nl\/wp-json\/wp\/v2\/product_tag?post=5974"}],"curies":[{"name":"wp","href":"https:\/\/api.w.org\/{rel}","templated":true}]}}