{"id":13007,"date":"2024-03-15T20:41:04","date_gmt":"2024-03-15T20:41:04","guid":{"rendered":"https:\/\/zapasky.com\/?page_id=13007"},"modified":"2024-12-18T16:33:38","modified_gmt":"2024-12-18T16:33:38","slug":"shipping-help","status":"publish","type":"page","link":"https:\/\/zapasky.com\/pt\/shipping-help\/","title":{"rendered":"SOBRE O TRANSPORTE"},"content":{"rendered":"<h2 class=\"wp-block-heading has-palette-color-4-color has-text-color has-link-color wp-elements-d8cb89d0d0b3405c4eaec33fed3e0b4f\" style=\"font-size:clamp(23.043px, 1.44rem + ((1vw - 3.2px) * 1.169), 38px);\">Como \u00e9 processada uma encomenda.<\/h2>\n\n\n\n<p>1) O pagamento \u00e9 efectuado por cart\u00e3o de cr\u00e9dito (imediatamente)<\/p>\n\n\n\n<p>2) O pagamento \u00e9 processado (instantaneamente)<\/p>\n\n\n\n<p>3. Processamos a sua encomenda (m\u00e1ximo 3 dias)<\/p>\n\n\n\n<p>4. Os Correios internacionais s\u00e3o respons\u00e1veis pelo envio da encomenda para o seu destino no prazo de 7 a 15 dias \u00fateis (varia consoante o m\u00e9todo de envio escolhido)<\/p>\n\n\n\n<p>As entregas podem sofrer ligeiros atrasos devido a feriados ou festividades espec\u00edficas. <\/p>\n\n\n\n<h2 class=\"wp-block-heading has-palette-color-4-color has-text-color has-link-color wp-elements-3bff2324e6c2e41fe557663241d673b4\" style=\"font-size:clamp(23.043px, 1.44rem + ((1vw - 3.2px) * 1.169), 38px);\">Perguntas mais frequentes:<\/h2>\n\n\n\n<div style=\"height:10px\" aria-hidden=\"true\" class=\"wp-block-spacer\"><\/div>\n\n\n\n<p><strong>+O que acontece se eu n\u00e3o estiver no local de entrega indicado quando a empresa de entregas me trouxer a encomenda?<\/strong><\/p>\n\n\n\n<p>A sua empresa de correios deixar\u00e1 um aviso na sua caixa de correio e, no dia seguinte, poder\u00e1 levant\u00e1-lo na esta\u00e7\u00e3o de correios mais pr\u00f3xima indicada no mesmo aviso.<\/p>\n\n\n\n<p><strong>+O que acontece se eu n\u00e3o levantar a encomenda a tempo?<\/strong><\/p>\n\n\n\n<p>Se a encomenda n\u00e3o for recolhida no prazo fixado pela transportadora, ser\u00e1 cobrada uma taxa de 25 euros para cobrir as despesas de envio e de tratamento da encomenda. Esta taxa ser\u00e1 deduzida do montante total a reembolsar em caso de devolu\u00e7\u00e3o. Esta medida \u00e9 abrangida pela Lei do Contrato de Transporte (Lei 15\/2009), que regula as obriga\u00e7\u00f5es do transportador e do destinat\u00e1rio.<\/p>\n\n\n\n<p><strong>+E se recebi o reembolso da minha encomenda, mas agora quero comprar novamente os mesmos sapatos?<\/strong><\/p>\n\n\n\n<p>Compreendemos que queira voltar a comprar os nossos sapatos. Depois de recebermos e processarmos a sua devolu\u00e7\u00e3o, pode efetuar uma nova encomenda como qualquer outro cliente.<\/p>\n\n\n\n<p><strong>+O que acontece se a minha encomenda estiver atrasada e n\u00e3o tiver chegado?<\/strong><\/p>\n\n\n\n<p>No caso excecional de a encomenda n\u00e3o chegar no prazo de 50-55 dias \u00fateis, o cliente pode informar-nos por correio eletr\u00f3nico e a nossa equipa financeira reembolsar\u00e1 a totalidade do montante pago ou, se o cliente preferir, reenviaremos a(s) encomenda(s) sem qualquer custo adicional.<\/p>\n\n\n\n<div style=\"height:30px\" aria-hidden=\"true\" class=\"wp-block-spacer\"><\/div>\n\n\n\n<p><strong>Se tiver mais alguma d\u00favida, contacte-nos e teremos todo o gosto em ajud\u00e1-lo.<\/strong><\/p>\n\n\n\n<p><\/p>","protected":false},"excerpt":{"rendered":"<p>Como se realiza el proceso de un pedido. 1. Se realiza el pago v\u00eda Tarjeta de Cr\u00e9dito. (Al instante) 2. Se procesa el pago. (Al instante) 3. Procesamos tu pedido. (plazo m\u00e1ximo de 3 d\u00edas) 4. Correos Internacional es el encargado de enviar el paquete a su destino en un plazo de 7-15 d\u00edas h\u00e1biles. [&hellip;]<\/p>\n","protected":false},"author":6,"featured_media":0,"parent":0,"menu_order":0,"comment_status":"closed","ping_status":"closed","template":"","meta":{"footnotes":""},"class_list":["post-13007","page","type-page","status-publish","hentry"],"blocksy_meta":[],"yoast_head":"<!-- This site is optimized with the Yoast SEO plugin v27.3 - https:\/\/yoast.com\/product\/yoast-seo-wordpress\/ -->\n<title>About Shipping | ZapaSky | The Sneakers Heaven<\/title>\n<meta name=\"description\" content=\"In ZapaSky you will find the sneakers you want at an unbeatable price. We offer clothing, accessories and current fashion of the best quality in our store.\" \/>\n<meta name=\"robots\" content=\"index, follow, max-snippet:-1, max-image-preview:large, max-video-preview:-1\" \/>\n<link rel=\"canonical\" href=\"https:\/\/zapasky.com\/pt\/shipping-help\/\" \/>\n<meta property=\"og:locale\" content=\"pt_PT\" \/>\n<meta property=\"og:type\" content=\"article\" \/>\n<meta property=\"og:title\" content=\"About Shipping | ZapaSky | The Sneakers Heaven\" \/>\n<meta property=\"og:description\" content=\"In ZapaSky you will find the sneakers you want at an unbeatable price. We offer clothing, accessories and current fashion of the best quality in our store.\" \/>\n<meta property=\"og:url\" content=\"https:\/\/zapasky.com\/pt\/shipping-help\/\" \/>\n<meta property=\"og:site_name\" content=\"ZapaSky | The Sneakers Heaven\" \/>\n<meta property=\"article:modified_time\" content=\"2024-12-18T16:33:38+00:00\" \/>\n<meta property=\"og:image\" content=\"https:\/\/zapasky.com\/wp-content\/uploads\/2023\/11\/ns.jpg\" \/>\n\t<meta property=\"og:image:width\" content=\"1200\" \/>\n\t<meta property=\"og:image:height\" content=\"675\" \/>\n\t<meta property=\"og:image:type\" content=\"image\/jpeg\" \/>\n<meta name=\"twitter:card\" content=\"summary_large_image\" \/>\n<meta name=\"twitter:label1\" content=\"Tempo estimado de leitura\" \/>\n\t<meta name=\"twitter:data1\" content=\"2 minutos\" \/>\n<script type=\"application\/ld+json\" class=\"yoast-schema-graph\">{\"@context\":\"https:\\\/\\\/schema.org\",\"@graph\":[{\"@type\":\"WebPage\",\"@id\":\"https:\\\/\\\/zapasky.com\\\/shipping-help\\\/\",\"url\":\"https:\\\/\\\/zapasky.com\\\/shipping-help\\\/\",\"name\":\"About Shipping | ZapaSky | The Sneakers Heaven\",\"isPartOf\":{\"@id\":\"https:\\\/\\\/zapasky.com\\\/#website\"},\"datePublished\":\"2024-03-15T20:41:04+00:00\",\"dateModified\":\"2024-12-18T16:33:38+00:00\",\"description\":\"In ZapaSky you will find the sneakers you want at an unbeatable price. We offer clothing, accessories and current fashion of the best quality in our store.\",\"breadcrumb\":{\"@id\":\"https:\\\/\\\/zapasky.com\\\/shipping-help\\\/#breadcrumb\"},\"inLanguage\":\"pt-PT\",\"potentialAction\":[{\"@type\":\"ReadAction\",\"target\":[\"https:\\\/\\\/zapasky.com\\\/shipping-help\\\/\"]}]},{\"@type\":\"BreadcrumbList\",\"@id\":\"https:\\\/\\\/zapasky.com\\\/shipping-help\\\/#breadcrumb\",\"itemListElement\":[{\"@type\":\"ListItem\",\"position\":1,\"name\":\"Inicio\",\"item\":\"https:\\\/\\\/zapasky.com\\\/\"},{\"@type\":\"ListItem\",\"position\":2,\"name\":\"SOBRE EL ENV\u00cdO\"}]},{\"@type\":\"WebSite\",\"@id\":\"https:\\\/\\\/zapasky.com\\\/#website\",\"url\":\"https:\\\/\\\/zapasky.com\\\/\",\"name\":\"ZapaSky | The Sneakers Heaven\",\"description\":\"In ZapaSky you will find the sneakers you want at an unbeatable price. We offer clothing, accessories and current fashion of the best quality in our store.\",\"publisher\":{\"@id\":\"https:\\\/\\\/zapasky.com\\\/#organization\"},\"alternateName\":\"ZAPASKY\",\"potentialAction\":[{\"@type\":\"SearchAction\",\"target\":{\"@type\":\"EntryPoint\",\"urlTemplate\":\"https:\\\/\\\/zapasky.com\\\/?s={search_term_string}\"},\"query-input\":{\"@type\":\"PropertyValueSpecification\",\"valueRequired\":true,\"valueName\":\"search_term_string\"}}],\"inLanguage\":\"pt-PT\"},{\"@type\":\"Organization\",\"@id\":\"https:\\\/\\\/zapasky.com\\\/#organization\",\"name\":\"ZapaSky\",\"url\":\"https:\\\/\\\/zapasky.com\\\/\",\"logo\":{\"@type\":\"ImageObject\",\"inLanguage\":\"pt-PT\",\"@id\":\"https:\\\/\\\/zapasky.com\\\/#\\\/schema\\\/logo\\\/image\\\/\",\"url\":\"https:\\\/\\\/zapasky.com\\\/wp-content\\\/uploads\\\/2023\\\/07\\\/Diseno-sin-titulo-3-fotor-bg-remover-2023062544226.png\",\"contentUrl\":\"https:\\\/\\\/zapasky.com\\\/wp-content\\\/uploads\\\/2023\\\/07\\\/Diseno-sin-titulo-3-fotor-bg-remover-2023062544226.png\",\"width\":500,\"height\":500,\"caption\":\"ZapaSky\"},\"image\":{\"@id\":\"https:\\\/\\\/zapasky.com\\\/#\\\/schema\\\/logo\\\/image\\\/\"},\"sameAs\":[\"https:\\\/\\\/www.instagram.com\\\/zapasky\\\/\",\"https:\\\/\\\/www.youtube.com\\\/@ZapaSky\\\/shorts\",\"https:\\\/\\\/www.tiktok.com\\\/@zapasky\"]}]}<\/script>\n<!-- \/ Yoast SEO plugin. -->","yoast_head_json":{"title":"About Shipping | ZapaSky | The Sneakers Heaven","description":"Na ZapaSky encontrar\u00e1 os t\u00e9nis que deseja a um pre\u00e7o imbat\u00edvel. Oferecemos roupa, acess\u00f3rios e moda atual da melhor qualidade na nossa loja.","robots":{"index":"index","follow":"follow","max-snippet":"max-snippet:-1","max-image-preview":"max-image-preview:large","max-video-preview":"max-video-preview:-1"},"canonical":"https:\/\/zapasky.com\/pt\/shipping-help\/","og_locale":"pt_PT","og_type":"article","og_title":"About Shipping | ZapaSky | The Sneakers Heaven","og_description":"In ZapaSky you will find the sneakers you want at an unbeatable price. We offer clothing, accessories and current fashion of the best quality in our store.","og_url":"https:\/\/zapasky.com\/pt\/shipping-help\/","og_site_name":"ZapaSky | The Sneakers Heaven","article_modified_time":"2024-12-18T16:33:38+00:00","og_image":[{"width":1200,"height":675,"url":"https:\/\/zapasky.com\/wp-content\/uploads\/2023\/11\/ns.jpg","type":"image\/jpeg"}],"twitter_card":"summary_large_image","twitter_misc":{"Tempo estimado de leitura":"2 minutos"},"schema":{"@context":"https:\/\/schema.org","@graph":[{"@type":"WebPage","@id":"https:\/\/zapasky.com\/shipping-help\/","url":"https:\/\/zapasky.com\/shipping-help\/","name":"About Shipping | ZapaSky | The Sneakers Heaven","isPartOf":{"@id":"https:\/\/zapasky.com\/#website"},"datePublished":"2024-03-15T20:41:04+00:00","dateModified":"2024-12-18T16:33:38+00:00","description":"Na ZapaSky encontrar\u00e1 os t\u00e9nis que deseja a um pre\u00e7o imbat\u00edvel. Oferecemos roupa, acess\u00f3rios e moda atual da melhor qualidade na nossa loja.","breadcrumb":{"@id":"https:\/\/zapasky.com\/shipping-help\/#breadcrumb"},"inLanguage":"pt-PT","potentialAction":[{"@type":"ReadAction","target":["https:\/\/zapasky.com\/shipping-help\/"]}]},{"@type":"BreadcrumbList","@id":"https:\/\/zapasky.com\/shipping-help\/#breadcrumb","itemListElement":[{"@type":"ListItem","position":1,"name":"Inicio","item":"https:\/\/zapasky.com\/"},{"@type":"ListItem","position":2,"name":"SOBRE EL ENV\u00cdO"}]},{"@type":"WebSite","@id":"https:\/\/zapasky.com\/#website","url":"https:\/\/zapasky.com\/","name":"ZapaSky | O para\u00edso dos t\u00e9nis","description":"Na ZapaSky encontrar\u00e1 os t\u00e9nis que deseja a um pre\u00e7o imbat\u00edvel. Oferecemos roupa, acess\u00f3rios e moda atual da melhor qualidade na nossa loja.","publisher":{"@id":"https:\/\/zapasky.com\/#organization"},"alternateName":"ZAPASKY","potentialAction":[{"@type":"SearchAction","target":{"@type":"EntryPoint","urlTemplate":"https:\/\/zapasky.com\/?s={search_term_string}"},"query-input":{"@type":"PropertyValueSpecification","valueRequired":true,"valueName":"search_term_string"}}],"inLanguage":"pt-PT"},{"@type":"Organization","@id":"https:\/\/zapasky.com\/#organization","name":"ZapaSky","url":"https:\/\/zapasky.com\/","logo":{"@type":"ImageObject","inLanguage":"pt-PT","@id":"https:\/\/zapasky.com\/#\/schema\/logo\/image\/","url":"https:\/\/zapasky.com\/wp-content\/uploads\/2023\/07\/Diseno-sin-titulo-3-fotor-bg-remover-2023062544226.png","contentUrl":"https:\/\/zapasky.com\/wp-content\/uploads\/2023\/07\/Diseno-sin-titulo-3-fotor-bg-remover-2023062544226.png","width":500,"height":500,"caption":"ZapaSky"},"image":{"@id":"https:\/\/zapasky.com\/#\/schema\/logo\/image\/"},"sameAs":["https:\/\/www.instagram.com\/zapasky\/","https:\/\/www.youtube.com\/@ZapaSky\/shorts","https:\/\/www.tiktok.com\/@zapasky"]}]}},"jetpack_sharing_enabled":true,"_links":{"self":[{"href":"https:\/\/zapasky.com\/pt\/wp-json\/wp\/v2\/pages\/13007","targetHints":{"allow":["GET"]}}],"collection":[{"href":"https:\/\/zapasky.com\/pt\/wp-json\/wp\/v2\/pages"}],"about":[{"href":"https:\/\/zapasky.com\/pt\/wp-json\/wp\/v2\/types\/page"}],"author":[{"embeddable":true,"href":"https:\/\/zapasky.com\/pt\/wp-json\/wp\/v2\/users\/6"}],"replies":[{"embeddable":true,"href":"https:\/\/zapasky.com\/pt\/wp-json\/wp\/v2\/comments?post=13007"}],"version-history":[{"count":8,"href":"https:\/\/zapasky.com\/pt\/wp-json\/wp\/v2\/pages\/13007\/revisions"}],"predecessor-version":[{"id":28088,"href":"https:\/\/zapasky.com\/pt\/wp-json\/wp\/v2\/pages\/13007\/revisions\/28088"}],"wp:attachment":[{"href":"https:\/\/zapasky.com\/pt\/wp-json\/wp\/v2\/media?parent=13007"}],"curies":[{"name":"wp","href":"https:\/\/api.w.org\/{rel}","templated":true}]}}