{"id":14227,"date":"2024-04-24T18:46:51","date_gmt":"2024-04-24T18:46:51","guid":{"rendered":"https:\/\/zapasky.com\/?post_type=product&#038;p=14227"},"modified":"2024-04-25T16:04:57","modified_gmt":"2024-04-25T16:04:57","slug":"adidas-x-gucci-gazelle-brown","status":"publish","type":"product","link":"https:\/\/zapasky.com\/pt\/produto\/adidas-x-gucci-gazelle-brown\/","title":{"rendered":"Adidas x Gucci Gazelle - Bege e castanho"},"content":{"rendered":"","protected":false},"excerpt":{"rendered":"","protected":false},"featured_media":14193,"template":"","meta":[],"product_brand":[],"product_cat":[22,58],"product_tag":[],"class_list":{"0":"post-14227","1":"product","2":"type-product","3":"status-publish","4":"has-post-thumbnail","6":"product_cat-adidas","7":"product_cat-gazelle","9":"first","10":"instock","11":"sale","12":"shipping-taxable","13":"purchasable","14":"product-type-variable"},"yoast_head":"<!-- This site is optimized with the Yoast SEO plugin v27.3 - https:\/\/yoast.com\/product\/yoast-seo-wordpress\/ -->\n<title>Adidas x Gucci Gazelle - Beige Brown<\/title>\n<meta name=\"description\" content=\"In ZapaSky you will find the sneakers you want at an unbeatable price. We offer clothing, accessories and current fashion of the best quality in our store.\" \/>\n<meta name=\"robots\" content=\"index, follow, max-snippet:-1, max-image-preview:large, max-video-preview:-1\" \/>\n<link rel=\"canonical\" href=\"https:\/\/zapasky.com\/pt\/produto\/adidas-x-gucci-gazelle-brown\/\" \/>\n<meta property=\"og:locale\" content=\"pt_PT\" \/>\n<meta property=\"og:type\" content=\"article\" \/>\n<meta property=\"og:title\" content=\"Adidas x Gucci Gazelle - Beige Brown\" \/>\n<meta property=\"og:description\" content=\"In ZapaSky you will find the sneakers you want at an unbeatable price. We offer clothing, accessories and current fashion of the best quality in our store.\" \/>\n<meta property=\"og:url\" content=\"https:\/\/zapasky.com\/pt\/produto\/adidas-x-gucci-gazelle-brown\/\" \/>\n<meta property=\"og:site_name\" content=\"ZapaSky | The Sneakers Heaven\" \/>\n<meta property=\"article:modified_time\" content=\"2024-04-25T16:04:57+00:00\" \/>\n<meta property=\"og:image\" content=\"https:\/\/zapasky.com\/wp-content\/uploads\/2024\/04\/asdd.png\" \/>\n\t<meta property=\"og:image:width\" content=\"780\" \/>\n\t<meta property=\"og:image:height\" content=\"780\" \/>\n\t<meta property=\"og:image:type\" content=\"image\/png\" \/>\n<meta name=\"twitter:card\" content=\"summary_large_image\" \/>\n<meta name=\"twitter:label1\" content=\"Tempo estimado de leitura\" \/>\n\t<meta name=\"twitter:data1\" content=\"1 minuto\" \/>\n<script type=\"application\/ld+json\" class=\"yoast-schema-graph\">{\"@context\":\"https:\\\/\\\/schema.org\",\"@graph\":[{\"@type\":\"WebPage\",\"@id\":\"https:\\\/\\\/zapasky.com\\\/producto\\\/adidas-x-gucci-gazelle-brown\\\/\",\"url\":\"https:\\\/\\\/zapasky.com\\\/producto\\\/adidas-x-gucci-gazelle-brown\\\/\",\"name\":\"Adidas x Gucci Gazelle - Beige Brown\",\"isPartOf\":{\"@id\":\"https:\\\/\\\/zapasky.com\\\/#website\"},\"primaryImageOfPage\":{\"@id\":\"https:\\\/\\\/zapasky.com\\\/producto\\\/adidas-x-gucci-gazelle-brown\\\/#primaryimage\"},\"image\":{\"@id\":\"https:\\\/\\\/zapasky.com\\\/producto\\\/adidas-x-gucci-gazelle-brown\\\/#primaryimage\"},\"thumbnailUrl\":\"https:\\\/\\\/zapasky.com\\\/wp-content\\\/uploads\\\/2024\\\/04\\\/adidas-x-gucci-gazelle-red-9.png\",\"datePublished\":\"2024-04-24T18:46:51+00:00\",\"dateModified\":\"2024-04-25T16:04:57+00:00\",\"description\":\"In ZapaSky you will find the sneakers you want at an unbeatable price. We offer clothing, accessories and current fashion of the best quality in our store.\",\"breadcrumb\":{\"@id\":\"https:\\\/\\\/zapasky.com\\\/producto\\\/adidas-x-gucci-gazelle-brown\\\/#breadcrumb\"},\"inLanguage\":\"pt-PT\",\"potentialAction\":[{\"@type\":\"ReadAction\",\"target\":[\"https:\\\/\\\/zapasky.com\\\/producto\\\/adidas-x-gucci-gazelle-brown\\\/\"]}]},{\"@type\":\"ImageObject\",\"inLanguage\":\"pt-PT\",\"@id\":\"https:\\\/\\\/zapasky.com\\\/producto\\\/adidas-x-gucci-gazelle-brown\\\/#primaryimage\",\"url\":\"https:\\\/\\\/zapasky.com\\\/wp-content\\\/uploads\\\/2024\\\/04\\\/adidas-x-gucci-gazelle-red-9.png\",\"contentUrl\":\"https:\\\/\\\/zapasky.com\\\/wp-content\\\/uploads\\\/2024\\\/04\\\/adidas-x-gucci-gazelle-red-9.png\",\"width\":780,\"height\":780},{\"@type\":\"BreadcrumbList\",\"@id\":\"https:\\\/\\\/zapasky.com\\\/producto\\\/adidas-x-gucci-gazelle-brown\\\/#breadcrumb\",\"itemListElement\":[{\"@type\":\"ListItem\",\"position\":1,\"name\":\"Inicio\",\"item\":\"https:\\\/\\\/zapasky.com\\\/\"},{\"@type\":\"ListItem\",\"position\":2,\"name\":\"LAS ULTIMAS NOVEDADES\",\"item\":\"https:\\\/\\\/zapasky.com\\\/shop\\\/\"},{\"@type\":\"ListItem\",\"position\":3,\"name\":\"Adidas x Gucci Gazelle &#8211; Beige Brown\"}]},{\"@type\":\"WebSite\",\"@id\":\"https:\\\/\\\/zapasky.com\\\/#website\",\"url\":\"https:\\\/\\\/zapasky.com\\\/\",\"name\":\"ZapaSky | The Sneakers Heaven\",\"description\":\"In ZapaSky you will find the sneakers you want at an unbeatable price. We offer clothing, accessories and current fashion of the best quality in our store.\",\"publisher\":{\"@id\":\"https:\\\/\\\/zapasky.com\\\/#organization\"},\"alternateName\":\"ZAPASKY\",\"potentialAction\":[{\"@type\":\"SearchAction\",\"target\":{\"@type\":\"EntryPoint\",\"urlTemplate\":\"https:\\\/\\\/zapasky.com\\\/?s={search_term_string}\"},\"query-input\":{\"@type\":\"PropertyValueSpecification\",\"valueRequired\":true,\"valueName\":\"search_term_string\"}}],\"inLanguage\":\"pt-PT\"},{\"@type\":\"Organization\",\"@id\":\"https:\\\/\\\/zapasky.com\\\/#organization\",\"name\":\"ZapaSky\",\"url\":\"https:\\\/\\\/zapasky.com\\\/\",\"logo\":{\"@type\":\"ImageObject\",\"inLanguage\":\"pt-PT\",\"@id\":\"https:\\\/\\\/zapasky.com\\\/#\\\/schema\\\/logo\\\/image\\\/\",\"url\":\"https:\\\/\\\/zapasky.com\\\/wp-content\\\/uploads\\\/2023\\\/07\\\/Diseno-sin-titulo-3-fotor-bg-remover-2023062544226.png\",\"contentUrl\":\"https:\\\/\\\/zapasky.com\\\/wp-content\\\/uploads\\\/2023\\\/07\\\/Diseno-sin-titulo-3-fotor-bg-remover-2023062544226.png\",\"width\":500,\"height\":500,\"caption\":\"ZapaSky\"},\"image\":{\"@id\":\"https:\\\/\\\/zapasky.com\\\/#\\\/schema\\\/logo\\\/image\\\/\"},\"sameAs\":[\"https:\\\/\\\/www.instagram.com\\\/zapasky\\\/\",\"https:\\\/\\\/www.youtube.com\\\/@ZapaSky\\\/shorts\",\"https:\\\/\\\/www.tiktok.com\\\/@zapasky\"]}]}<\/script>\n<!-- \/ Yoast SEO plugin. -->","yoast_head_json":{"title":"Adidas x Gucci Gazelle - Bege e castanho","description":"Na ZapaSky encontrar\u00e1 os t\u00e9nis que deseja a um pre\u00e7o imbat\u00edvel. Oferecemos roupa, acess\u00f3rios e moda atual da melhor qualidade na nossa loja.","robots":{"index":"index","follow":"follow","max-snippet":"max-snippet:-1","max-image-preview":"max-image-preview:large","max-video-preview":"max-video-preview:-1"},"canonical":"https:\/\/zapasky.com\/pt\/produto\/adidas-x-gucci-gazelle-brown\/","og_locale":"pt_PT","og_type":"article","og_title":"Adidas x Gucci Gazelle - Beige Brown","og_description":"In ZapaSky you will find the sneakers you want at an unbeatable price. We offer clothing, accessories and current fashion of the best quality in our store.","og_url":"https:\/\/zapasky.com\/pt\/produto\/adidas-x-gucci-gazelle-brown\/","og_site_name":"ZapaSky | The Sneakers Heaven","article_modified_time":"2024-04-25T16:04:57+00:00","og_image":[{"width":780,"height":780,"url":"https:\/\/zapasky.com\/wp-content\/uploads\/2024\/04\/asdd.png","type":"image\/png"}],"twitter_card":"summary_large_image","twitter_misc":{"Tempo estimado de leitura":"1 minuto"},"schema":{"@context":"https:\/\/schema.org","@graph":[{"@type":"WebPage","@id":"https:\/\/zapasky.com\/producto\/adidas-x-gucci-gazelle-brown\/","url":"https:\/\/zapasky.com\/producto\/adidas-x-gucci-gazelle-brown\/","name":"Adidas x Gucci Gazelle - Bege e castanho","isPartOf":{"@id":"https:\/\/zapasky.com\/#website"},"primaryImageOfPage":{"@id":"https:\/\/zapasky.com\/producto\/adidas-x-gucci-gazelle-brown\/#primaryimage"},"image":{"@id":"https:\/\/zapasky.com\/producto\/adidas-x-gucci-gazelle-brown\/#primaryimage"},"thumbnailUrl":"https:\/\/zapasky.com\/wp-content\/uploads\/2024\/04\/adidas-x-gucci-gazelle-red-9.png","datePublished":"2024-04-24T18:46:51+00:00","dateModified":"2024-04-25T16:04:57+00:00","description":"Na ZapaSky encontrar\u00e1 os t\u00e9nis que deseja a um pre\u00e7o imbat\u00edvel. Oferecemos roupa, acess\u00f3rios e moda atual da melhor qualidade na nossa loja.","breadcrumb":{"@id":"https:\/\/zapasky.com\/producto\/adidas-x-gucci-gazelle-brown\/#breadcrumb"},"inLanguage":"pt-PT","potentialAction":[{"@type":"ReadAction","target":["https:\/\/zapasky.com\/producto\/adidas-x-gucci-gazelle-brown\/"]}]},{"@type":"ImageObject","inLanguage":"pt-PT","@id":"https:\/\/zapasky.com\/producto\/adidas-x-gucci-gazelle-brown\/#primaryimage","url":"https:\/\/zapasky.com\/wp-content\/uploads\/2024\/04\/adidas-x-gucci-gazelle-red-9.png","contentUrl":"https:\/\/zapasky.com\/wp-content\/uploads\/2024\/04\/adidas-x-gucci-gazelle-red-9.png","width":780,"height":780},{"@type":"BreadcrumbList","@id":"https:\/\/zapasky.com\/producto\/adidas-x-gucci-gazelle-brown\/#breadcrumb","itemListElement":[{"@type":"ListItem","position":1,"name":"Inicio","item":"https:\/\/zapasky.com\/"},{"@type":"ListItem","position":2,"name":"LAS ULTIMAS NOVEDADES","item":"https:\/\/zapasky.com\/shop\/"},{"@type":"ListItem","position":3,"name":"Adidas x Gucci Gazelle &#8211; Beige Brown"}]},{"@type":"WebSite","@id":"https:\/\/zapasky.com\/#website","url":"https:\/\/zapasky.com\/","name":"ZapaSky | O para\u00edso dos t\u00e9nis","description":"Na ZapaSky encontrar\u00e1 os t\u00e9nis que deseja a um pre\u00e7o imbat\u00edvel. Oferecemos roupa, acess\u00f3rios e moda atual da melhor qualidade na nossa loja.","publisher":{"@id":"https:\/\/zapasky.com\/#organization"},"alternateName":"ZAPASKY","potentialAction":[{"@type":"SearchAction","target":{"@type":"EntryPoint","urlTemplate":"https:\/\/zapasky.com\/?s={search_term_string}"},"query-input":{"@type":"PropertyValueSpecification","valueRequired":true,"valueName":"search_term_string"}}],"inLanguage":"pt-PT"},{"@type":"Organization","@id":"https:\/\/zapasky.com\/#organization","name":"ZapaSky","url":"https:\/\/zapasky.com\/","logo":{"@type":"ImageObject","inLanguage":"pt-PT","@id":"https:\/\/zapasky.com\/#\/schema\/logo\/image\/","url":"https:\/\/zapasky.com\/wp-content\/uploads\/2023\/07\/Diseno-sin-titulo-3-fotor-bg-remover-2023062544226.png","contentUrl":"https:\/\/zapasky.com\/wp-content\/uploads\/2023\/07\/Diseno-sin-titulo-3-fotor-bg-remover-2023062544226.png","width":500,"height":500,"caption":"ZapaSky"},"image":{"@id":"https:\/\/zapasky.com\/#\/schema\/logo\/image\/"},"sameAs":["https:\/\/www.instagram.com\/zapasky\/","https:\/\/www.youtube.com\/@ZapaSky\/shorts","https:\/\/www.tiktok.com\/@zapasky"]}]}},"jetpack_sharing_enabled":true,"_links":{"self":[{"href":"https:\/\/zapasky.com\/pt\/wp-json\/wp\/v2\/product\/14227","targetHints":{"allow":["GET"]}}],"collection":[{"href":"https:\/\/zapasky.com\/pt\/wp-json\/wp\/v2\/product"}],"about":[{"href":"https:\/\/zapasky.com\/pt\/wp-json\/wp\/v2\/types\/product"}],"wp:featuredmedia":[{"embeddable":true,"href":"https:\/\/zapasky.com\/pt\/wp-json\/wp\/v2\/media\/14193"}],"wp:attachment":[{"href":"https:\/\/zapasky.com\/pt\/wp-json\/wp\/v2\/media?parent=14227"}],"wp:term":[{"taxonomy":"product_brand","embeddable":true,"href":"https:\/\/zapasky.com\/pt\/wp-json\/wp\/v2\/product_brand?post=14227"},{"taxonomy":"product_cat","embeddable":true,"href":"https:\/\/zapasky.com\/pt\/wp-json\/wp\/v2\/product_cat?post=14227"},{"taxonomy":"product_tag","embeddable":true,"href":"https:\/\/zapasky.com\/pt\/wp-json\/wp\/v2\/product_tag?post=14227"}],"curies":[{"name":"wp","href":"https:\/\/api.w.org\/{rel}","templated":true}]}}