{"id":2811,"date":"2023-05-17T20:44:13","date_gmt":"2023-05-17T20:44:13","guid":{"rendered":"https:\/\/zapasky.com\/?post_type=product&#038;p=2811"},"modified":"2023-05-17T20:44:29","modified_gmt":"2023-05-17T20:44:29","slug":"nike-shox-neymar-jr","status":"publish","type":"product","link":"https:\/\/zapasky.com\/pt\/produto\/nike-shox-neymar-jr\/","title":{"rendered":"Nike Shox - Neymar JR"},"content":{"rendered":"","protected":false},"excerpt":{"rendered":"<p>Nike Shox- Neymar<\/p>","protected":false},"featured_media":2816,"template":"","meta":[],"product_brand":[],"product_cat":[24,72],"product_tag":[],"class_list":{"0":"post-2811","1":"product","2":"type-product","3":"status-publish","4":"has-post-thumbnail","6":"product_cat-nike","7":"product_cat-shox","9":"first","10":"instock","11":"shipping-taxable","12":"purchasable","13":"product-type-variable"},"yoast_head":"<!-- This site is optimized with the Yoast SEO plugin v27.3 - https:\/\/yoast.com\/product\/yoast-seo-wordpress\/ -->\n<title>Nike Shox- Neymar JR<\/title>\n<meta name=\"description\" content=\"In ZapaSky you will find the sneakers you want at an unbeatable price. We offer clothing, accessories and current fashion of the best quality in our store.\" \/>\n<meta name=\"robots\" content=\"index, follow, max-snippet:-1, max-image-preview:large, max-video-preview:-1\" \/>\n<link rel=\"canonical\" href=\"https:\/\/zapasky.com\/pt\/produto\/nike-shox-neymar-jr\/\" \/>\n<meta property=\"og:locale\" content=\"pt_PT\" \/>\n<meta property=\"og:type\" content=\"article\" \/>\n<meta property=\"og:title\" content=\"Nike Shox- Neymar JR\" \/>\n<meta property=\"og:description\" content=\"In ZapaSky you will find the sneakers you want at an unbeatable price. We offer clothing, accessories and current fashion of the best quality in our store.\" \/>\n<meta property=\"og:url\" content=\"https:\/\/zapasky.com\/pt\/produto\/nike-shox-neymar-jr\/\" \/>\n<meta property=\"og:site_name\" content=\"ZapaSky | The Sneakers Heaven\" \/>\n<meta property=\"article:modified_time\" content=\"2023-05-17T20:44:29+00:00\" \/>\n<meta property=\"og:image\" content=\"https:\/\/zapasky.es\/wp-content\/uploads\/2023\/05\/Neymar-JR-1.jpg\" \/>\n\t<meta property=\"og:image:width\" content=\"800\" \/>\n\t<meta property=\"og:image:height\" content=\"800\" \/>\n\t<meta property=\"og:image:type\" content=\"image\/jpeg\" \/>\n<meta name=\"twitter:card\" content=\"summary_large_image\" \/>\n<script type=\"application\/ld+json\" class=\"yoast-schema-graph\">{\"@context\":\"https:\\\/\\\/schema.org\",\"@graph\":[{\"@type\":\"WebPage\",\"@id\":\"https:\\\/\\\/zapasky.com\\\/producto\\\/nike-shox-neymar-jr\\\/\",\"url\":\"https:\\\/\\\/zapasky.com\\\/producto\\\/nike-shox-neymar-jr\\\/\",\"name\":\"Nike Shox- Neymar JR\",\"isPartOf\":{\"@id\":\"https:\\\/\\\/zapasky.com\\\/#website\"},\"primaryImageOfPage\":{\"@id\":\"https:\\\/\\\/zapasky.com\\\/producto\\\/nike-shox-neymar-jr\\\/#primaryimage\"},\"image\":{\"@id\":\"https:\\\/\\\/zapasky.com\\\/producto\\\/nike-shox-neymar-jr\\\/#primaryimage\"},\"thumbnailUrl\":\"https:\\\/\\\/zapasky.com\\\/wp-content\\\/uploads\\\/2023\\\/05\\\/nike-shox-neymar-jr.jpg\",\"datePublished\":\"2023-05-17T20:44:13+00:00\",\"dateModified\":\"2023-05-17T20:44:29+00:00\",\"description\":\"In ZapaSky you will find the sneakers you want at an unbeatable price. We offer clothing, accessories and current fashion of the best quality in our store.\",\"breadcrumb\":{\"@id\":\"https:\\\/\\\/zapasky.com\\\/producto\\\/nike-shox-neymar-jr\\\/#breadcrumb\"},\"inLanguage\":\"pt-PT\",\"potentialAction\":[{\"@type\":\"ReadAction\",\"target\":[\"https:\\\/\\\/zapasky.com\\\/producto\\\/nike-shox-neymar-jr\\\/\"]}]},{\"@type\":\"ImageObject\",\"inLanguage\":\"pt-PT\",\"@id\":\"https:\\\/\\\/zapasky.com\\\/producto\\\/nike-shox-neymar-jr\\\/#primaryimage\",\"url\":\"https:\\\/\\\/zapasky.com\\\/wp-content\\\/uploads\\\/2023\\\/05\\\/nike-shox-neymar-jr.jpg\",\"contentUrl\":\"https:\\\/\\\/zapasky.com\\\/wp-content\\\/uploads\\\/2023\\\/05\\\/nike-shox-neymar-jr.jpg\",\"width\":800,\"height\":800},{\"@type\":\"BreadcrumbList\",\"@id\":\"https:\\\/\\\/zapasky.com\\\/producto\\\/nike-shox-neymar-jr\\\/#breadcrumb\",\"itemListElement\":[{\"@type\":\"ListItem\",\"position\":1,\"name\":\"Inicio\",\"item\":\"https:\\\/\\\/zapasky.com\\\/\"},{\"@type\":\"ListItem\",\"position\":2,\"name\":\"LAS ULTIMAS NOVEDADES\",\"item\":\"https:\\\/\\\/zapasky.com\\\/shop\\\/\"},{\"@type\":\"ListItem\",\"position\":3,\"name\":\"Nike Shox- Neymar JR\"}]},{\"@type\":\"WebSite\",\"@id\":\"https:\\\/\\\/zapasky.com\\\/#website\",\"url\":\"https:\\\/\\\/zapasky.com\\\/\",\"name\":\"ZapaSky | The Sneakers Heaven\",\"description\":\"In ZapaSky you will find the sneakers you want at an unbeatable price. We offer clothing, accessories and current fashion of the best quality in our store.\",\"publisher\":{\"@id\":\"https:\\\/\\\/zapasky.com\\\/#organization\"},\"alternateName\":\"ZAPASKY\",\"potentialAction\":[{\"@type\":\"SearchAction\",\"target\":{\"@type\":\"EntryPoint\",\"urlTemplate\":\"https:\\\/\\\/zapasky.com\\\/?s={search_term_string}\"},\"query-input\":{\"@type\":\"PropertyValueSpecification\",\"valueRequired\":true,\"valueName\":\"search_term_string\"}}],\"inLanguage\":\"pt-PT\"},{\"@type\":\"Organization\",\"@id\":\"https:\\\/\\\/zapasky.com\\\/#organization\",\"name\":\"ZapaSky\",\"url\":\"https:\\\/\\\/zapasky.com\\\/\",\"logo\":{\"@type\":\"ImageObject\",\"inLanguage\":\"pt-PT\",\"@id\":\"https:\\\/\\\/zapasky.com\\\/#\\\/schema\\\/logo\\\/image\\\/\",\"url\":\"https:\\\/\\\/zapasky.com\\\/wp-content\\\/uploads\\\/2023\\\/07\\\/Diseno-sin-titulo-3-fotor-bg-remover-2023062544226.png\",\"contentUrl\":\"https:\\\/\\\/zapasky.com\\\/wp-content\\\/uploads\\\/2023\\\/07\\\/Diseno-sin-titulo-3-fotor-bg-remover-2023062544226.png\",\"width\":500,\"height\":500,\"caption\":\"ZapaSky\"},\"image\":{\"@id\":\"https:\\\/\\\/zapasky.com\\\/#\\\/schema\\\/logo\\\/image\\\/\"},\"sameAs\":[\"https:\\\/\\\/www.instagram.com\\\/zapasky\\\/\",\"https:\\\/\\\/www.youtube.com\\\/@ZapaSky\\\/shorts\",\"https:\\\/\\\/www.tiktok.com\\\/@zapasky\"]}]}<\/script>\n<!-- \/ Yoast SEO plugin. -->","yoast_head_json":{"title":"Nike Shox - Neymar JR","description":"Na ZapaSky encontrar\u00e1 os t\u00e9nis que deseja a um pre\u00e7o imbat\u00edvel. Oferecemos roupa, acess\u00f3rios e moda atual da melhor qualidade na nossa loja.","robots":{"index":"index","follow":"follow","max-snippet":"max-snippet:-1","max-image-preview":"max-image-preview:large","max-video-preview":"max-video-preview:-1"},"canonical":"https:\/\/zapasky.com\/pt\/produto\/nike-shox-neymar-jr\/","og_locale":"pt_PT","og_type":"article","og_title":"Nike Shox- Neymar JR","og_description":"In ZapaSky you will find the sneakers you want at an unbeatable price. We offer clothing, accessories and current fashion of the best quality in our store.","og_url":"https:\/\/zapasky.com\/pt\/produto\/nike-shox-neymar-jr\/","og_site_name":"ZapaSky | The Sneakers Heaven","article_modified_time":"2023-05-17T20:44:29+00:00","og_image":[{"width":800,"height":800,"url":"https:\/\/zapasky.es\/wp-content\/uploads\/2023\/05\/Neymar-JR-1.jpg","type":"image\/jpeg"}],"twitter_card":"summary_large_image","schema":{"@context":"https:\/\/schema.org","@graph":[{"@type":"WebPage","@id":"https:\/\/zapasky.com\/producto\/nike-shox-neymar-jr\/","url":"https:\/\/zapasky.com\/producto\/nike-shox-neymar-jr\/","name":"Nike Shox - Neymar JR","isPartOf":{"@id":"https:\/\/zapasky.com\/#website"},"primaryImageOfPage":{"@id":"https:\/\/zapasky.com\/producto\/nike-shox-neymar-jr\/#primaryimage"},"image":{"@id":"https:\/\/zapasky.com\/producto\/nike-shox-neymar-jr\/#primaryimage"},"thumbnailUrl":"https:\/\/zapasky.com\/wp-content\/uploads\/2023\/05\/nike-shox-neymar-jr.jpg","datePublished":"2023-05-17T20:44:13+00:00","dateModified":"2023-05-17T20:44:29+00:00","description":"Na ZapaSky encontrar\u00e1 os t\u00e9nis que deseja a um pre\u00e7o imbat\u00edvel. Oferecemos roupa, acess\u00f3rios e moda atual da melhor qualidade na nossa loja.","breadcrumb":{"@id":"https:\/\/zapasky.com\/producto\/nike-shox-neymar-jr\/#breadcrumb"},"inLanguage":"pt-PT","potentialAction":[{"@type":"ReadAction","target":["https:\/\/zapasky.com\/producto\/nike-shox-neymar-jr\/"]}]},{"@type":"ImageObject","inLanguage":"pt-PT","@id":"https:\/\/zapasky.com\/producto\/nike-shox-neymar-jr\/#primaryimage","url":"https:\/\/zapasky.com\/wp-content\/uploads\/2023\/05\/nike-shox-neymar-jr.jpg","contentUrl":"https:\/\/zapasky.com\/wp-content\/uploads\/2023\/05\/nike-shox-neymar-jr.jpg","width":800,"height":800},{"@type":"BreadcrumbList","@id":"https:\/\/zapasky.com\/producto\/nike-shox-neymar-jr\/#breadcrumb","itemListElement":[{"@type":"ListItem","position":1,"name":"Inicio","item":"https:\/\/zapasky.com\/"},{"@type":"ListItem","position":2,"name":"LAS ULTIMAS NOVEDADES","item":"https:\/\/zapasky.com\/shop\/"},{"@type":"ListItem","position":3,"name":"Nike Shox- Neymar JR"}]},{"@type":"WebSite","@id":"https:\/\/zapasky.com\/#website","url":"https:\/\/zapasky.com\/","name":"ZapaSky | O para\u00edso dos t\u00e9nis","description":"Na ZapaSky encontrar\u00e1 os t\u00e9nis que deseja a um pre\u00e7o imbat\u00edvel. Oferecemos roupa, acess\u00f3rios e moda atual da melhor qualidade na nossa loja.","publisher":{"@id":"https:\/\/zapasky.com\/#organization"},"alternateName":"ZAPASKY","potentialAction":[{"@type":"SearchAction","target":{"@type":"EntryPoint","urlTemplate":"https:\/\/zapasky.com\/?s={search_term_string}"},"query-input":{"@type":"PropertyValueSpecification","valueRequired":true,"valueName":"search_term_string"}}],"inLanguage":"pt-PT"},{"@type":"Organization","@id":"https:\/\/zapasky.com\/#organization","name":"ZapaSky","url":"https:\/\/zapasky.com\/","logo":{"@type":"ImageObject","inLanguage":"pt-PT","@id":"https:\/\/zapasky.com\/#\/schema\/logo\/image\/","url":"https:\/\/zapasky.com\/wp-content\/uploads\/2023\/07\/Diseno-sin-titulo-3-fotor-bg-remover-2023062544226.png","contentUrl":"https:\/\/zapasky.com\/wp-content\/uploads\/2023\/07\/Diseno-sin-titulo-3-fotor-bg-remover-2023062544226.png","width":500,"height":500,"caption":"ZapaSky"},"image":{"@id":"https:\/\/zapasky.com\/#\/schema\/logo\/image\/"},"sameAs":["https:\/\/www.instagram.com\/zapasky\/","https:\/\/www.youtube.com\/@ZapaSky\/shorts","https:\/\/www.tiktok.com\/@zapasky"]}]}},"jetpack_sharing_enabled":true,"_links":{"self":[{"href":"https:\/\/zapasky.com\/pt\/wp-json\/wp\/v2\/product\/2811","targetHints":{"allow":["GET"]}}],"collection":[{"href":"https:\/\/zapasky.com\/pt\/wp-json\/wp\/v2\/product"}],"about":[{"href":"https:\/\/zapasky.com\/pt\/wp-json\/wp\/v2\/types\/product"}],"wp:featuredmedia":[{"embeddable":true,"href":"https:\/\/zapasky.com\/pt\/wp-json\/wp\/v2\/media\/2816"}],"wp:attachment":[{"href":"https:\/\/zapasky.com\/pt\/wp-json\/wp\/v2\/media?parent=2811"}],"wp:term":[{"taxonomy":"product_brand","embeddable":true,"href":"https:\/\/zapasky.com\/pt\/wp-json\/wp\/v2\/product_brand?post=2811"},{"taxonomy":"product_cat","embeddable":true,"href":"https:\/\/zapasky.com\/pt\/wp-json\/wp\/v2\/product_cat?post=2811"},{"taxonomy":"product_tag","embeddable":true,"href":"https:\/\/zapasky.com\/pt\/wp-json\/wp\/v2\/product_tag?post=2811"}],"curies":[{"name":"wp","href":"https:\/\/api.w.org\/{rel}","templated":true}]}}