{"id":13007,"date":"2024-03-15T20:41:04","date_gmt":"2024-03-15T20:41:04","guid":{"rendered":"https:\/\/zapasky.com\/?page_id=13007"},"modified":"2024-12-18T16:33:38","modified_gmt":"2024-12-18T16:33:38","slug":"shipping-help","status":"publish","type":"page","link":"https:\/\/zapasky.com\/ru\/shipping-help\/","title":{"rendered":"\u041e \u041f\u041e\u0421\u0422\u0410\u0412\u041a\u0410\u0425"},"content":{"rendered":"<h2 class=\"wp-block-heading has-palette-color-4-color has-text-color has-link-color wp-elements-d8cb89d0d0b3405c4eaec33fed3e0b4f\" style=\"font-size:clamp(23.043px, 1.44rem + ((1vw - 3.2px) * 1.169), 38px);\">\u041a\u0430\u043a \u043e\u0431\u0440\u0430\u0431\u0430\u0442\u044b\u0432\u0430\u0435\u0442\u0441\u044f \u0437\u0430\u043a\u0430\u0437.<\/h2>\n\n\n\n<p>1. \u043e\u043f\u043b\u0430\u0442\u0430 \u043f\u0440\u043e\u0438\u0437\u0432\u043e\u0434\u0438\u0442\u0441\u044f \u043a\u0440\u0435\u0434\u0438\u0442\u043d\u043e\u0439 \u043a\u0430\u0440\u0442\u043e\u0439 (\u043d\u0435\u043c\u0435\u0434\u043b\u0435\u043d\u043d\u043e)<\/p>\n\n\n\n<p>2. \u041f\u043b\u0430\u0442\u0435\u0436 \u043e\u0431\u0440\u0430\u0431\u0430\u0442\u044b\u0432\u0430\u0435\u0442\u0441\u044f (\u043c\u0433\u043d\u043e\u0432\u0435\u043d\u043d\u043e)<\/p>\n\n\n\n<p>3. \u041c\u044b \u043e\u0431\u0440\u0430\u0431\u0430\u0442\u044b\u0432\u0430\u0435\u043c \u0432\u0430\u0448 \u0437\u0430\u043a\u0430\u0437 (\u043d\u0435 \u0431\u043e\u043b\u0435\u0435 3 \u0434\u043d\u0435\u0439)<\/p>\n\n\n\n<p>4. \u041c\u0435\u0436\u0434\u0443\u043d\u0430\u0440\u043e\u0434\u043d\u0430\u044f \u043f\u043e\u0447\u0442\u0430 \u043e\u0442\u0432\u0435\u0447\u0430\u0435\u0442 \u0437\u0430 \u043e\u0442\u043f\u0440\u0430\u0432\u043a\u0443 \u043f\u043e\u0441\u044b\u043b\u043a\u0438 \u0432 \u043f\u0443\u043d\u043a\u0442 \u043d\u0430\u0437\u043d\u0430\u0447\u0435\u043d\u0438\u044f \u0432 \u0442\u0435\u0447\u0435\u043d\u0438\u0435 7-15 \u0440\u0430\u0431\u043e\u0447\u0438\u0445 \u0434\u043d\u0435\u0439 (\u0437\u0430\u0432\u0438\u0441\u0438\u0442 \u043e\u0442 \u0432\u044b\u0431\u0440\u0430\u043d\u043d\u043e\u0433\u043e \u0441\u043f\u043e\u0441\u043e\u0431\u0430 \u0434\u043e\u0441\u0442\u0430\u0432\u043a\u0438)<\/p>\n\n\n\n<p>\u0414\u043e\u0441\u0442\u0430\u0432\u043a\u0430 \u043c\u043e\u0436\u0435\u0442 \u0431\u044b\u0442\u044c \u043d\u0435\u043c\u043d\u043e\u0433\u043e \u043e\u0442\u043b\u043e\u0436\u0435\u043d\u0430 \u0432 \u0441\u0432\u044f\u0437\u0438 \u0441 \u0433\u043e\u0441\u0443\u0434\u0430\u0440\u0441\u0442\u0432\u0435\u043d\u043d\u044b\u043c\u0438 \u043f\u0440\u0430\u0437\u0434\u043d\u0438\u043a\u0430\u043c\u0438 \u0438\u043b\u0438 \u043e\u0441\u043e\u0431\u044b\u043c\u0438 \u0442\u043e\u0440\u0436\u0435\u0441\u0442\u0432\u0430\u043c\u0438. <\/p>\n\n\n\n<h2 class=\"wp-block-heading has-palette-color-4-color has-text-color has-link-color wp-elements-3bff2324e6c2e41fe557663241d673b4\" style=\"font-size:clamp(23.043px, 1.44rem + ((1vw - 3.2px) * 1.169), 38px);\">\u0427\u0430\u0441\u0442\u043e \u0437\u0430\u0434\u0430\u0432\u0430\u0435\u043c\u044b\u0435 \u0432\u043e\u043f\u0440\u043e\u0441\u044b:<\/h2>\n\n\n\n<div style=\"height:10px\" aria-hidden=\"true\" class=\"wp-block-spacer\"><\/div>\n\n\n\n<p><strong>+\u0427\u0442\u043e \u043f\u0440\u043e\u0438\u0437\u043e\u0439\u0434\u0435\u0442, \u0435\u0441\u043b\u0438 \u044f \u043d\u0435 \u0431\u0443\u0434\u0443 \u043d\u0430\u0445\u043e\u0434\u0438\u0442\u044c\u0441\u044f \u0432 \u0443\u043a\u0430\u0437\u0430\u043d\u043d\u043e\u043c \u043c\u0435\u0441\u0442\u0435 \u0434\u043e\u0441\u0442\u0430\u0432\u043a\u0438, \u043a\u043e\u0433\u0434\u0430 \u043a\u0443\u0440\u044c\u0435\u0440\u0441\u043a\u0430\u044f \u043a\u043e\u043c\u043f\u0430\u043d\u0438\u044f \u043f\u0440\u0438\u0432\u0435\u0437\u0435\u0442 \u043c\u043d\u0435 \u043f\u043e\u0441\u044b\u043b\u043a\u0443?<\/strong><\/p>\n\n\n\n<p>\u041f\u043e\u0447\u0442\u043e\u0432\u0430\u044f \u043a\u043e\u043c\u043f\u0430\u043d\u0438\u044f \u043e\u043f\u0443\u0441\u0442\u0438\u0442 \u0432 \u0432\u0430\u0448 \u043f\u043e\u0447\u0442\u043e\u0432\u044b\u0439 \u044f\u0449\u0438\u043a \u0431\u0443\u043c\u0430\u0433\u0443 \u0441 \u0443\u0432\u0435\u0434\u043e\u043c\u043b\u0435\u043d\u0438\u0435\u043c, \u0430 \u043d\u0430 \u0441\u043b\u0435\u0434\u0443\u044e\u0449\u0438\u0439 \u0434\u0435\u043d\u044c \u0432\u044b \u0441\u043c\u043e\u0436\u0435\u0442\u0435 \u0437\u0430\u0431\u0440\u0430\u0442\u044c \u0435\u0433\u043e \u0432 \u0431\u043b\u0438\u0436\u0430\u0439\u0448\u0435\u043c \u043f\u043e\u0447\u0442\u043e\u0432\u043e\u043c \u043e\u0442\u0434\u0435\u043b\u0435\u043d\u0438\u0438, \u0443\u043a\u0430\u0437\u0430\u043d\u043d\u043e\u043c \u043d\u0430 \u0442\u043e\u0439 \u0436\u0435 \u0431\u0443\u043c\u0430\u0433\u0435.<\/p>\n\n\n\n<p><strong>+\u0427\u0442\u043e \u043f\u0440\u043e\u0438\u0437\u043e\u0439\u0434\u0435\u0442, \u0435\u0441\u043b\u0438 \u044f \u043d\u0435 \u0437\u0430\u0431\u0435\u0440\u0443 \u043f\u043e\u0441\u044b\u043b\u043a\u0443 \u0432\u043e\u0432\u0440\u0435\u043c\u044f?<\/strong><\/p>\n\n\n\n<p>\u0415\u0441\u043b\u0438 \u043f\u043e\u0441\u044b\u043b\u043a\u0430 \u043d\u0435 \u043f\u043e\u043b\u0443\u0447\u0435\u043d\u0430 \u0432 \u0441\u0440\u043e\u043a, \u0443\u0441\u0442\u0430\u043d\u043e\u0432\u043b\u0435\u043d\u043d\u044b\u0439 \u043f\u0435\u0440\u0435\u0432\u043e\u0437\u0447\u0438\u043a\u043e\u043c, \u0432\u0437\u0438\u043c\u0430\u0435\u0442\u0441\u044f \u0441\u0431\u043e\u0440 \u0432 \u0440\u0430\u0437\u043c\u0435\u0440\u0435 25 \u0435\u0432\u0440\u043e \u0434\u043b\u044f \u043f\u043e\u043a\u0440\u044b\u0442\u0438\u044f \u0440\u0430\u0441\u0445\u043e\u0434\u043e\u0432 \u043d\u0430 \u043e\u0431\u0440\u0430\u0442\u043d\u0443\u044e \u043f\u043e\u0447\u0442\u043e\u0432\u0443\u044e \u043f\u0435\u0440\u0435\u0441\u044b\u043b\u043a\u0443 \u0438 \u043e\u0431\u0440\u0430\u0431\u043e\u0442\u043a\u0443 \u043f\u043e\u0441\u044b\u043b\u043a\u0438. \u042d\u0442\u043e\u0442 \u0441\u0431\u043e\u0440 \u0431\u0443\u0434\u0435\u0442 \u0432\u044b\u0447\u0442\u0435\u043d \u0438\u0437 \u043e\u0431\u0449\u0435\u0439 \u0441\u0443\u043c\u043c\u044b, \u043f\u043e\u0434\u043b\u0435\u0436\u0430\u0449\u0435\u0439 \u0432\u043e\u0437\u043c\u0435\u0449\u0435\u043d\u0438\u044e \u0432 \u0441\u043b\u0443\u0447\u0430\u0435 \u0432\u043e\u0437\u0432\u0440\u0430\u0442\u0430. \u0414\u0430\u043d\u043d\u0430\u044f \u043c\u0435\u0440\u0430 \u0440\u0435\u0433\u0443\u043b\u0438\u0440\u0443\u0435\u0442\u0441\u044f \u0417\u0430\u043a\u043e\u043d\u043e\u043c \u043e \u0442\u0440\u0430\u043d\u0441\u043f\u043e\u0440\u0442\u043d\u044b\u0445 \u0434\u043e\u0433\u043e\u0432\u043e\u0440\u0430\u0445 (\u0417\u0430\u043a\u043e\u043d 15\/2009), \u043a\u043e\u0442\u043e\u0440\u044b\u0439 \u0440\u0435\u0433\u043b\u0430\u043c\u0435\u043d\u0442\u0438\u0440\u0443\u0435\u0442 \u043e\u0431\u044f\u0437\u0430\u0442\u0435\u043b\u044c\u0441\u0442\u0432\u0430 \u043f\u0435\u0440\u0435\u0432\u043e\u0437\u0447\u0438\u043a\u0430 \u0438 \u043f\u043e\u043b\u0443\u0447\u0430\u0442\u0435\u043b\u044f.<\/p>\n\n\n\n<p><strong>+\u0427\u0442\u043e \u0434\u0435\u043b\u0430\u0442\u044c, \u0435\u0441\u043b\u0438 \u043c\u043d\u0435 \u0432\u0435\u0440\u043d\u0443\u043b\u0438 \u0434\u0435\u043d\u044c\u0433\u0438 \u0437\u0430 \u0437\u0430\u043a\u0430\u0437, \u043d\u043e \u0442\u0435\u043f\u0435\u0440\u044c \u044f \u0445\u043e\u0447\u0443 \u0441\u043d\u043e\u0432\u0430 \u043a\u0443\u043f\u0438\u0442\u044c \u0442\u0443 \u0436\u0435 \u043e\u0431\u0443\u0432\u044c?<\/strong><\/p>\n\n\n\n<p>\u041c\u044b \u043f\u043e\u043d\u0438\u043c\u0430\u0435\u043c, \u0447\u0442\u043e \u0432\u044b \u0445\u043e\u0442\u0438\u0442\u0435 \u043a\u0443\u043f\u0438\u0442\u044c \u043d\u0430\u0448\u0443 \u043e\u0431\u0443\u0432\u044c \u0441\u043d\u043e\u0432\u0430. \u041a\u0430\u043a \u0442\u043e\u043b\u044c\u043a\u043e \u043c\u044b \u043f\u043e\u043b\u0443\u0447\u0438\u043c \u0438 \u043e\u0431\u0440\u0430\u0431\u043e\u0442\u0430\u0435\u043c \u0432\u0430\u0448 \u0432\u043e\u0437\u0432\u0440\u0430\u0442, \u0432\u044b \u0441\u043c\u043e\u0436\u0435\u0442\u0435 \u043e\u0444\u043e\u0440\u043c\u0438\u0442\u044c \u043d\u043e\u0432\u044b\u0439 \u0437\u0430\u043a\u0430\u0437, \u043a\u0430\u043a \u0438 \u043b\u044e\u0431\u043e\u0439 \u0434\u0440\u0443\u0433\u043e\u0439 \u043f\u043e\u043a\u0443\u043f\u0430\u0442\u0435\u043b\u044c.<\/p>\n\n\n\n<p><strong>+\u0427\u0442\u043e \u043f\u0440\u043e\u0438\u0437\u043e\u0439\u0434\u0435\u0442, \u0435\u0441\u043b\u0438 \u043c\u043e\u0439 \u0437\u0430\u043a\u0430\u0437 \u043f\u0440\u043e\u0441\u0440\u043e\u0447\u0435\u043d \u0438 \u043d\u0435 \u043f\u0440\u0438\u0431\u044b\u043b?<\/strong><\/p>\n\n\n\n<p>\u0412 \u0438\u0441\u043a\u043b\u044e\u0447\u0438\u0442\u0435\u043b\u044c\u043d\u043e\u043c \u0441\u043b\u0443\u0447\u0430\u0435, \u0435\u0441\u043b\u0438 \u0437\u0430\u043a\u0430\u0437 \u043d\u0435 \u0431\u0443\u0434\u0435\u0442 \u0434\u043e\u0441\u0442\u0430\u0432\u043b\u0435\u043d \u0432 \u0442\u0435\u0447\u0435\u043d\u0438\u0435 50-55 \u0440\u0430\u0431\u043e\u0447\u0438\u0445 \u0434\u043d\u0435\u0439, \u043a\u043b\u0438\u0435\u043d\u0442 \u043c\u043e\u0436\u0435\u0442 \u0441\u043e\u043e\u0431\u0449\u0438\u0442\u044c \u043d\u0430\u043c \u043e\u0431 \u044d\u0442\u043e\u043c \u043f\u043e \u044d\u043b\u0435\u043a\u0442\u0440\u043e\u043d\u043d\u043e\u0439 \u043f\u043e\u0447\u0442\u0435, \u0438 \u043d\u0430\u0448 \u0444\u0438\u043d\u0430\u043d\u0441\u043e\u0432\u044b\u0439 \u043e\u0442\u0434\u0435\u043b \u0432\u0435\u0440\u043d\u0435\u0442 \u0432\u0441\u044e \u0443\u043f\u043b\u0430\u0447\u0435\u043d\u043d\u0443\u044e \u0441\u0443\u043c\u043c\u0443 \u0438\u043b\u0438, \u0435\u0441\u043b\u0438 \u043a\u043b\u0438\u0435\u043d\u0442 \u043f\u0440\u0435\u0434\u043f\u043e\u0447\u0442\u0435\u0442, \u043c\u044b \u043f\u043e\u0432\u0442\u043e\u0440\u043d\u043e \u043e\u0442\u043f\u0440\u0430\u0432\u0438\u043c \u0437\u0430\u043a\u0430\u0437(\u044b) \u0431\u0435\u0437 \u0434\u043e\u043f\u043e\u043b\u043d\u0438\u0442\u0435\u043b\u044c\u043d\u043e\u0439 \u043e\u043f\u043b\u0430\u0442\u044b.<\/p>\n\n\n\n<div style=\"height:30px\" aria-hidden=\"true\" class=\"wp-block-spacer\"><\/div>\n\n\n\n<p><strong>\u0415\u0441\u043b\u0438 \u0443 \u0432\u0430\u0441 \u0432\u043e\u0437\u043d\u0438\u043a\u043d\u0443\u0442 \u0434\u043e\u043f\u043e\u043b\u043d\u0438\u0442\u0435\u043b\u044c\u043d\u044b\u0435 \u0432\u043e\u043f\u0440\u043e\u0441\u044b, \u043f\u043e\u0436\u0430\u043b\u0443\u0439\u0441\u0442\u0430, \u0441\u0432\u044f\u0436\u0438\u0442\u0435\u0441\u044c \u0441 \u043d\u0430\u043c\u0438, \u0438 \u043c\u044b \u0431\u0443\u0434\u0435\u043c \u0440\u0430\u0434\u044b \u043f\u043e\u043c\u043e\u0447\u044c \u0432\u0430\u043c.<\/strong><\/p>\n\n\n\n<p><\/p>","protected":false},"excerpt":{"rendered":"<p>Como se realiza el proceso de un pedido. 1. Se realiza el pago v\u00eda Tarjeta de Cr\u00e9dito. (Al instante) 2. Se procesa el pago. (Al instante) 3. Procesamos tu pedido. (plazo m\u00e1ximo de 3 d\u00edas) 4. Correos Internacional es el encargado de enviar el paquete a su destino en un plazo de 7-15 d\u00edas h\u00e1biles. [&hellip;]<\/p>\n","protected":false},"author":6,"featured_media":0,"parent":0,"menu_order":0,"comment_status":"closed","ping_status":"closed","template":"","meta":{"footnotes":""},"class_list":["post-13007","page","type-page","status-publish","hentry"],"blocksy_meta":[],"yoast_head":"<!-- This site is optimized with the Yoast SEO plugin v27.3 - https:\/\/yoast.com\/product\/yoast-seo-wordpress\/ -->\n<title>About Shipping | ZapaSky | The Sneakers Heaven<\/title>\n<meta name=\"description\" content=\"In ZapaSky you will find the sneakers you want at an unbeatable price. We offer clothing, accessories and current fashion of the best quality in our store.\" \/>\n<meta name=\"robots\" content=\"index, follow, max-snippet:-1, max-image-preview:large, max-video-preview:-1\" \/>\n<link rel=\"canonical\" href=\"https:\/\/zapasky.com\/ru\/shipping-help\/\" \/>\n<meta property=\"og:locale\" content=\"ru_RU\" \/>\n<meta property=\"og:type\" content=\"article\" \/>\n<meta property=\"og:title\" content=\"About Shipping | ZapaSky | The Sneakers Heaven\" \/>\n<meta property=\"og:description\" content=\"In ZapaSky you will find the sneakers you want at an unbeatable price. We offer clothing, accessories and current fashion of the best quality in our store.\" \/>\n<meta property=\"og:url\" content=\"https:\/\/zapasky.com\/ru\/shipping-help\/\" \/>\n<meta property=\"og:site_name\" content=\"ZapaSky | The Sneakers Heaven\" \/>\n<meta property=\"article:modified_time\" content=\"2024-12-18T16:33:38+00:00\" \/>\n<meta property=\"og:image\" content=\"https:\/\/zapasky.com\/wp-content\/uploads\/2023\/11\/ns.jpg\" \/>\n\t<meta property=\"og:image:width\" content=\"1200\" \/>\n\t<meta property=\"og:image:height\" content=\"675\" \/>\n\t<meta property=\"og:image:type\" content=\"image\/jpeg\" \/>\n<meta name=\"twitter:card\" content=\"summary_large_image\" \/>\n<meta name=\"twitter:label1\" content=\"\u041f\u0440\u0438\u043c\u0435\u0440\u043d\u043e\u0435 \u0432\u0440\u0435\u043c\u044f \u0434\u043b\u044f \u0447\u0442\u0435\u043d\u0438\u044f\" \/>\n\t<meta name=\"twitter:data1\" content=\"2 \u043c\u0438\u043d\u0443\u0442\u044b\" \/>\n<script type=\"application\/ld+json\" class=\"yoast-schema-graph\">{\"@context\":\"https:\\\/\\\/schema.org\",\"@graph\":[{\"@type\":\"WebPage\",\"@id\":\"https:\\\/\\\/zapasky.com\\\/shipping-help\\\/\",\"url\":\"https:\\\/\\\/zapasky.com\\\/shipping-help\\\/\",\"name\":\"About Shipping | ZapaSky | The Sneakers Heaven\",\"isPartOf\":{\"@id\":\"https:\\\/\\\/zapasky.com\\\/#website\"},\"datePublished\":\"2024-03-15T20:41:04+00:00\",\"dateModified\":\"2024-12-18T16:33:38+00:00\",\"description\":\"In ZapaSky you will find the sneakers you want at an unbeatable price. We offer clothing, accessories and current fashion of the best quality in our store.\",\"breadcrumb\":{\"@id\":\"https:\\\/\\\/zapasky.com\\\/shipping-help\\\/#breadcrumb\"},\"inLanguage\":\"ru-RU\",\"potentialAction\":[{\"@type\":\"ReadAction\",\"target\":[\"https:\\\/\\\/zapasky.com\\\/shipping-help\\\/\"]}]},{\"@type\":\"BreadcrumbList\",\"@id\":\"https:\\\/\\\/zapasky.com\\\/shipping-help\\\/#breadcrumb\",\"itemListElement\":[{\"@type\":\"ListItem\",\"position\":1,\"name\":\"Inicio\",\"item\":\"https:\\\/\\\/zapasky.com\\\/\"},{\"@type\":\"ListItem\",\"position\":2,\"name\":\"SOBRE EL ENV\u00cdO\"}]},{\"@type\":\"WebSite\",\"@id\":\"https:\\\/\\\/zapasky.com\\\/#website\",\"url\":\"https:\\\/\\\/zapasky.com\\\/\",\"name\":\"ZapaSky | The Sneakers Heaven\",\"description\":\"In ZapaSky you will find the sneakers you want at an unbeatable price. We offer clothing, accessories and current fashion of the best quality in our store.\",\"publisher\":{\"@id\":\"https:\\\/\\\/zapasky.com\\\/#organization\"},\"alternateName\":\"ZAPASKY\",\"potentialAction\":[{\"@type\":\"SearchAction\",\"target\":{\"@type\":\"EntryPoint\",\"urlTemplate\":\"https:\\\/\\\/zapasky.com\\\/?s={search_term_string}\"},\"query-input\":{\"@type\":\"PropertyValueSpecification\",\"valueRequired\":true,\"valueName\":\"search_term_string\"}}],\"inLanguage\":\"ru-RU\"},{\"@type\":\"Organization\",\"@id\":\"https:\\\/\\\/zapasky.com\\\/#organization\",\"name\":\"ZapaSky\",\"url\":\"https:\\\/\\\/zapasky.com\\\/\",\"logo\":{\"@type\":\"ImageObject\",\"inLanguage\":\"ru-RU\",\"@id\":\"https:\\\/\\\/zapasky.com\\\/#\\\/schema\\\/logo\\\/image\\\/\",\"url\":\"https:\\\/\\\/zapasky.com\\\/wp-content\\\/uploads\\\/2023\\\/07\\\/Diseno-sin-titulo-3-fotor-bg-remover-2023062544226.png\",\"contentUrl\":\"https:\\\/\\\/zapasky.com\\\/wp-content\\\/uploads\\\/2023\\\/07\\\/Diseno-sin-titulo-3-fotor-bg-remover-2023062544226.png\",\"width\":500,\"height\":500,\"caption\":\"ZapaSky\"},\"image\":{\"@id\":\"https:\\\/\\\/zapasky.com\\\/#\\\/schema\\\/logo\\\/image\\\/\"},\"sameAs\":[\"https:\\\/\\\/www.instagram.com\\\/zapasky\\\/\",\"https:\\\/\\\/www.youtube.com\\\/@ZapaSky\\\/shorts\",\"https:\\\/\\\/www.tiktok.com\\\/@zapasky\"]}]}<\/script>\n<!-- \/ Yoast SEO plugin. -->","yoast_head_json":{"title":"About Shipping | ZapaSky | The Sneakers Heaven","description":"In ZapaSky you will find the sneakers you want at an unbeatable price. We offer clothing, accessories and current fashion of the best quality in our store.","robots":{"index":"index","follow":"follow","max-snippet":"max-snippet:-1","max-image-preview":"max-image-preview:large","max-video-preview":"max-video-preview:-1"},"canonical":"https:\/\/zapasky.com\/ru\/shipping-help\/","og_locale":"ru_RU","og_type":"article","og_title":"About Shipping | ZapaSky | The Sneakers Heaven","og_description":"In ZapaSky you will find the sneakers you want at an unbeatable price. We offer clothing, accessories and current fashion of the best quality in our store.","og_url":"https:\/\/zapasky.com\/ru\/shipping-help\/","og_site_name":"ZapaSky | The Sneakers Heaven","article_modified_time":"2024-12-18T16:33:38+00:00","og_image":[{"width":1200,"height":675,"url":"https:\/\/zapasky.com\/wp-content\/uploads\/2023\/11\/ns.jpg","type":"image\/jpeg"}],"twitter_card":"summary_large_image","twitter_misc":{"\u041f\u0440\u0438\u043c\u0435\u0440\u043d\u043e\u0435 \u0432\u0440\u0435\u043c\u044f \u0434\u043b\u044f \u0447\u0442\u0435\u043d\u0438\u044f":"2 \u043c\u0438\u043d\u0443\u0442\u044b"},"schema":{"@context":"https:\/\/schema.org","@graph":[{"@type":"WebPage","@id":"https:\/\/zapasky.com\/shipping-help\/","url":"https:\/\/zapasky.com\/shipping-help\/","name":"About Shipping | ZapaSky | The Sneakers Heaven","isPartOf":{"@id":"https:\/\/zapasky.com\/#website"},"datePublished":"2024-03-15T20:41:04+00:00","dateModified":"2024-12-18T16:33:38+00:00","description":"In ZapaSky you will find the sneakers you want at an unbeatable price. We offer clothing, accessories and current fashion of the best quality in our store.","breadcrumb":{"@id":"https:\/\/zapasky.com\/shipping-help\/#breadcrumb"},"inLanguage":"ru-RU","potentialAction":[{"@type":"ReadAction","target":["https:\/\/zapasky.com\/shipping-help\/"]}]},{"@type":"BreadcrumbList","@id":"https:\/\/zapasky.com\/shipping-help\/#breadcrumb","itemListElement":[{"@type":"ListItem","position":1,"name":"Inicio","item":"https:\/\/zapasky.com\/"},{"@type":"ListItem","position":2,"name":"SOBRE EL ENV\u00cdO"}]},{"@type":"WebSite","@id":"https:\/\/zapasky.com\/#website","url":"https:\/\/zapasky.com\/","name":"ZapaSky | \u041d\u0435\u0431\u0435\u0441\u0430 \u0434\u043b\u044f \u043a\u0440\u043e\u0441\u0441\u043e\u0432\u043e\u043a","description":"In ZapaSky you will find the sneakers you want at an unbeatable price. We offer clothing, accessories and current fashion of the best quality in our store.","publisher":{"@id":"https:\/\/zapasky.com\/#organization"},"alternateName":"ZAPASKY","potentialAction":[{"@type":"SearchAction","target":{"@type":"EntryPoint","urlTemplate":"https:\/\/zapasky.com\/?s={search_term_string}"},"query-input":{"@type":"PropertyValueSpecification","valueRequired":true,"valueName":"search_term_string"}}],"inLanguage":"ru-RU"},{"@type":"Organization","@id":"https:\/\/zapasky.com\/#organization","name":"ZapaSky","url":"https:\/\/zapasky.com\/","logo":{"@type":"ImageObject","inLanguage":"ru-RU","@id":"https:\/\/zapasky.com\/#\/schema\/logo\/image\/","url":"https:\/\/zapasky.com\/wp-content\/uploads\/2023\/07\/Diseno-sin-titulo-3-fotor-bg-remover-2023062544226.png","contentUrl":"https:\/\/zapasky.com\/wp-content\/uploads\/2023\/07\/Diseno-sin-titulo-3-fotor-bg-remover-2023062544226.png","width":500,"height":500,"caption":"ZapaSky"},"image":{"@id":"https:\/\/zapasky.com\/#\/schema\/logo\/image\/"},"sameAs":["https:\/\/www.instagram.com\/zapasky\/","https:\/\/www.youtube.com\/@ZapaSky\/shorts","https:\/\/www.tiktok.com\/@zapasky"]}]}},"jetpack_sharing_enabled":true,"_links":{"self":[{"href":"https:\/\/zapasky.com\/ru\/wp-json\/wp\/v2\/pages\/13007","targetHints":{"allow":["GET"]}}],"collection":[{"href":"https:\/\/zapasky.com\/ru\/wp-json\/wp\/v2\/pages"}],"about":[{"href":"https:\/\/zapasky.com\/ru\/wp-json\/wp\/v2\/types\/page"}],"author":[{"embeddable":true,"href":"https:\/\/zapasky.com\/ru\/wp-json\/wp\/v2\/users\/6"}],"replies":[{"embeddable":true,"href":"https:\/\/zapasky.com\/ru\/wp-json\/wp\/v2\/comments?post=13007"}],"version-history":[{"count":8,"href":"https:\/\/zapasky.com\/ru\/wp-json\/wp\/v2\/pages\/13007\/revisions"}],"predecessor-version":[{"id":28088,"href":"https:\/\/zapasky.com\/ru\/wp-json\/wp\/v2\/pages\/13007\/revisions\/28088"}],"wp:attachment":[{"href":"https:\/\/zapasky.com\/ru\/wp-json\/wp\/v2\/media?parent=13007"}],"curies":[{"name":"wp","href":"https:\/\/api.w.org\/{rel}","templated":true}]}}